{"id":4615,"date":"2025-08-19T18:34:14","date_gmt":"2025-08-19T16:34:14","guid":{"rendered":"https:\/\/mmarine.cloudsystems.hu\/product\/f20eh\/"},"modified":"2025-08-19T18:34:14","modified_gmt":"2025-08-19T16:34:14","slug":"f20eh","status":"publish","type":"product","link":"https:\/\/mmarine.cloudsystems.hu\/de\/produkt\/f20eh\/","title":{"rendered":"F20EH"},"content":{"rendered":"<p>20LE, elektromos ind\u00edt\u00e1s\u00fa g\u00e1zkarral. K\u00fcltank a motor tartoz\u00e9ka. Az \u00e1r tartalmazza.<\/p>","protected":false},"excerpt":{"rendered":"<p>20LE, elektromos ind\u00edt\u00e1s\u00fa g\u00e1zkarral. K\u00fcltank a motor tartoz\u00e9ka. Az \u00e1r tartalmazza.<\/p>","protected":false},"featured_media":4614,"template":"","meta":[],"product_cat":[140],"product_tag":[],"class_list":{"0":"post-4615","1":"product","2":"type-product","3":"status-publish","4":"has-post-thumbnail","6":"product_cat-kulmotorok","8":"first","9":"instock","10":"shipping-taxable","11":"purchasable","12":"product-type-simple"},"_links":{"self":[{"href":"https:\/\/mmarine.cloudsystems.hu\/de\/wp-json\/wp\/v2\/product\/4615","targetHints":{"allow":["GET"]}}],"collection":[{"href":"https:\/\/mmarine.cloudsystems.hu\/de\/wp-json\/wp\/v2\/product"}],"about":[{"href":"https:\/\/mmarine.cloudsystems.hu\/de\/wp-json\/wp\/v2\/types\/product"}],"wp:featuredmedia":[{"embeddable":true,"href":"https:\/\/mmarine.cloudsystems.hu\/de\/wp-json\/wp\/v2\/media\/4614"}],"wp:attachment":[{"href":"https:\/\/mmarine.cloudsystems.hu\/de\/wp-json\/wp\/v2\/media?parent=4615"}],"wp:term":[{"taxonomy":"product_cat","embeddable":true,"href":"https:\/\/mmarine.cloudsystems.hu\/de\/wp-json\/wp\/v2\/product_cat?post=4615"},{"taxonomy":"product_tag","embeddable":true,"href":"https:\/\/mmarine.cloudsystems.hu\/de\/wp-json\/wp\/v2\/product_tag?post=4615"}],"curies":[{"name":"wp","href":"https:\/\/api.w.org\/{rel}","templated":true}]}}