{"id":4636,"date":"2025-08-19T18:34:17","date_gmt":"2025-08-19T16:34:17","guid":{"rendered":"https:\/\/mmarine.cloudsystems.hu\/product\/f40e-efi\/"},"modified":"2025-08-19T18:34:17","modified_gmt":"2025-08-19T16:34:17","slug":"f40e-efi","status":"publish","type":"product","link":"https:\/\/mmarine.cloudsystems.hu\/de\/produkt\/f40e-efi\/","title":{"rendered":"F40E EFI"},"content":{"rendered":"<p>40LE, elektromos ind\u00edt\u00e1s\u00fa, elektronikus \u00fczemanyag befecskendez\u00e9s.<\/p>","protected":false},"excerpt":{"rendered":"<p>40LE, elektromos ind\u00edt\u00e1s\u00fa, elektronikus \u00fczemanyag befecskendez\u00e9s.<\/p>","protected":false},"featured_media":4635,"template":"","meta":[],"product_cat":[140],"product_tag":[],"class_list":{"0":"post-4636","1":"product","2":"type-product","3":"status-publish","4":"has-post-thumbnail","6":"product_cat-kulmotorok","8":"first","9":"instock","10":"shipping-taxable","11":"purchasable","12":"product-type-simple"},"_links":{"self":[{"href":"https:\/\/mmarine.cloudsystems.hu\/de\/wp-json\/wp\/v2\/product\/4636","targetHints":{"allow":["GET"]}}],"collection":[{"href":"https:\/\/mmarine.cloudsystems.hu\/de\/wp-json\/wp\/v2\/product"}],"about":[{"href":"https:\/\/mmarine.cloudsystems.hu\/de\/wp-json\/wp\/v2\/types\/product"}],"wp:featuredmedia":[{"embeddable":true,"href":"https:\/\/mmarine.cloudsystems.hu\/de\/wp-json\/wp\/v2\/media\/4635"}],"wp:attachment":[{"href":"https:\/\/mmarine.cloudsystems.hu\/de\/wp-json\/wp\/v2\/media?parent=4636"}],"wp:term":[{"taxonomy":"product_cat","embeddable":true,"href":"https:\/\/mmarine.cloudsystems.hu\/de\/wp-json\/wp\/v2\/product_cat?post=4636"},{"taxonomy":"product_tag","embeddable":true,"href":"https:\/\/mmarine.cloudsystems.hu\/de\/wp-json\/wp\/v2\/product_tag?post=4636"}],"curies":[{"name":"wp","href":"https:\/\/api.w.org\/{rel}","templated":true}]}}