{"id":4673,"date":"2025-08-19T18:34:30","date_gmt":"2025-08-19T16:34:30","guid":{"rendered":"https:\/\/mmarine.cloudsystems.hu\/product\/fw-46-fb-36\/"},"modified":"2025-08-19T18:34:30","modified_gmt":"2025-08-19T16:34:30","slug":"fw-46-fb-36","status":"publish","type":"product","link":"https:\/\/mmarine.cloudsystems.hu\/de\/produkt\/fw-46-fb-36\/","title":{"rendered":"FW 46 FB 36&quot;"},"content":{"rendered":"<p>L&aacute;bped&aacute;los vez&eacute;rl&eacute;s, tol&oacute;er\u0151 20,9 kg\/46lb,&lt;br \/&gt;<br \/>\n12 Volt, fokozatmentes, 3-level\u0171 propeller, alum\u00ednium sz\u00e1rhossz 91 cm, motor s\u00falya 14,8 kg.<\/p>","protected":false},"excerpt":{"rendered":"<p>L&aacute;bped&aacute;los vez&eacute;rl&eacute;s, tol&oacute;er\u0151 20,9 kg\/46lb,&lt;br \/&gt; 12 Volt, fokozatmentes, 3-level\u0171 propeller, alum&iacute;nium sz&aacute;rhossz 91 cm, motor s&uacute;lya 14,8 kg.<\/p>","protected":false},"featured_media":0,"template":"","meta":[],"product_cat":[141],"product_tag":[],"class_list":{"0":"post-4673","1":"product","2":"type-product","3":"status-publish","5":"product_cat-elektromos-motorok","7":"first","8":"instock","9":"shipping-taxable","10":"purchasable","11":"product-type-simple"},"_links":{"self":[{"href":"https:\/\/mmarine.cloudsystems.hu\/de\/wp-json\/wp\/v2\/product\/4673","targetHints":{"allow":["GET"]}}],"collection":[{"href":"https:\/\/mmarine.cloudsystems.hu\/de\/wp-json\/wp\/v2\/product"}],"about":[{"href":"https:\/\/mmarine.cloudsystems.hu\/de\/wp-json\/wp\/v2\/types\/product"}],"wp:attachment":[{"href":"https:\/\/mmarine.cloudsystems.hu\/de\/wp-json\/wp\/v2\/media?parent=4673"}],"wp:term":[{"taxonomy":"product_cat","embeddable":true,"href":"https:\/\/mmarine.cloudsystems.hu\/de\/wp-json\/wp\/v2\/product_cat?post=4673"},{"taxonomy":"product_tag","embeddable":true,"href":"https:\/\/mmarine.cloudsystems.hu\/de\/wp-json\/wp\/v2\/product_tag?post=4673"}],"curies":[{"name":"wp","href":"https:\/\/api.w.org\/{rel}","templated":true}]}}