{"id":4678,"date":"2025-08-19T18:34:31","date_gmt":"2025-08-19T16:34:31","guid":{"rendered":"https:\/\/mmarine.cloudsystems.hu\/product\/220-sx\/"},"modified":"2025-08-19T18:34:31","modified_gmt":"2025-08-19T16:34:31","slug":"220-sx","status":"publish","type":"product","link":"https:\/\/mmarine.cloudsystems.hu\/de\/produkt\/220-sx\/","title":{"rendered":"220 SX"},"content":{"rendered":"<p>Hib&aacute;tlan &aacute;llapot&uacute;, nagymotoros, super speed haj&oacute;, telibe festett (v&ouml;r&ouml;s) haj&oacute;testtel.&lt;br \/&gt;<br \/>\nSz&iacute;n: telibe festett piros k&uuml;ld\u0151, feh&eacute;r-piros bels\u0151, piros ponyva&lt;br \/&gt;<br \/>\nFelszerel&eacute;s: m&eacute;lys&eacute;gm&eacute;r\u0151, CD-s r&aacute;di&oacute;, duo propeller, alacsony profil&uacute; sz&eacute;lv&eacute;d\u0151, &lt;br \/&gt;<br \/>\nUt\u00e1nfut\u00f3: 2 tengelyes, 1800 kg teherb\u00edr\u00e1s\u00fa, f\u00e9kes, p\u00e1rnaf\u00e1s, cs\u00f6rl\u0151vel<\/p>","protected":false},"excerpt":{"rendered":"<p>Hib&aacute;tlan &aacute;llapot&uacute;, nagymotoros, super speed haj&oacute;, telibe festett (v&ouml;r&ouml;s) haj&oacute;testtel.&lt;br \/&gt; Sz&iacute;n: telibe festett piros k&uuml;ld\u0151, feh&eacute;r-piros bels\u0151, piros ponyva&lt;br \/&gt; Felszerel&eacute;s: m&eacute;lys&eacute;gm&eacute;r\u0151, CD-s r&aacute;di&oacute;, duo propeller, alacsony profil&uacute; sz&eacute;lv&eacute;d\u0151, &lt;br \/&gt; Ut&aacute;nfut&oacute;: 2 tengelyes, 1800 kg teherb&iacute;r&aacute;s&uacute;, f&eacute;kes, p&aacute;rnaf&aacute;s, cs&ouml;rl\u0151vel<\/p>","protected":false},"featured_media":4677,"template":"","meta":[],"product_cat":[142],"product_tag":[],"class_list":{"0":"post-4678","1":"product","2":"type-product","3":"status-publish","4":"has-post-thumbnail","6":"product_cat-hasznalt-hajok","8":"first","9":"instock","10":"shipping-taxable","11":"product-type-external"},"_links":{"self":[{"href":"https:\/\/mmarine.cloudsystems.hu\/de\/wp-json\/wp\/v2\/product\/4678","targetHints":{"allow":["GET"]}}],"collection":[{"href":"https:\/\/mmarine.cloudsystems.hu\/de\/wp-json\/wp\/v2\/product"}],"about":[{"href":"https:\/\/mmarine.cloudsystems.hu\/de\/wp-json\/wp\/v2\/types\/product"}],"wp:featuredmedia":[{"embeddable":true,"href":"https:\/\/mmarine.cloudsystems.hu\/de\/wp-json\/wp\/v2\/media\/4677"}],"wp:attachment":[{"href":"https:\/\/mmarine.cloudsystems.hu\/de\/wp-json\/wp\/v2\/media?parent=4678"}],"wp:term":[{"taxonomy":"product_cat","embeddable":true,"href":"https:\/\/mmarine.cloudsystems.hu\/de\/wp-json\/wp\/v2\/product_cat?post=4678"},{"taxonomy":"product_tag","embeddable":true,"href":"https:\/\/mmarine.cloudsystems.hu\/de\/wp-json\/wp\/v2\/product_tag?post=4678"}],"curies":[{"name":"wp","href":"https:\/\/api.w.org\/{rel}","templated":true}]}}