{"id":4684,"date":"2025-08-19T18:34:35","date_gmt":"2025-08-19T16:34:35","guid":{"rendered":"https:\/\/mmarine.cloudsystems.hu\/product\/hajolift\/"},"modified":"2025-08-19T18:34:35","modified_gmt":"2025-08-19T16:34:35","slug":"hajolift","status":"publish","type":"product","link":"https:\/\/mmarine.cloudsystems.hu\/de\/produkt\/hajolift\/","title":{"rendered":"Haj\u00f3lift"},"content":{"rendered":"<p>2,7 tonn\u00e1ig lehet vele haj\u00f3t felemelni. \u00c1rammal m\u0171k\u00f6dik \u00e9s t\u00e1vir\u00e1ny\u00edt\u00f3s.<\/p>","protected":false},"excerpt":{"rendered":"<p>2,7 tonn\u00e1ig lehet vele haj\u00f3t felemelni. \u00c1rammal m\u0171k\u00f6dik \u00e9s t\u00e1vir\u00e1ny\u00edt\u00f3s.<\/p>","protected":false},"featured_media":4683,"template":"","meta":[],"product_cat":[142],"product_tag":[],"class_list":{"0":"post-4684","1":"product","2":"type-product","3":"status-publish","4":"has-post-thumbnail","6":"product_cat-hasznalt-hajok","8":"first","9":"instock","10":"shipping-taxable","11":"product-type-external"},"_links":{"self":[{"href":"https:\/\/mmarine.cloudsystems.hu\/de\/wp-json\/wp\/v2\/product\/4684","targetHints":{"allow":["GET"]}}],"collection":[{"href":"https:\/\/mmarine.cloudsystems.hu\/de\/wp-json\/wp\/v2\/product"}],"about":[{"href":"https:\/\/mmarine.cloudsystems.hu\/de\/wp-json\/wp\/v2\/types\/product"}],"wp:featuredmedia":[{"embeddable":true,"href":"https:\/\/mmarine.cloudsystems.hu\/de\/wp-json\/wp\/v2\/media\/4683"}],"wp:attachment":[{"href":"https:\/\/mmarine.cloudsystems.hu\/de\/wp-json\/wp\/v2\/media?parent=4684"}],"wp:term":[{"taxonomy":"product_cat","embeddable":true,"href":"https:\/\/mmarine.cloudsystems.hu\/de\/wp-json\/wp\/v2\/product_cat?post=4684"},{"taxonomy":"product_tag","embeddable":true,"href":"https:\/\/mmarine.cloudsystems.hu\/de\/wp-json\/wp\/v2\/product_tag?post=4684"}],"curies":[{"name":"wp","href":"https:\/\/api.w.org\/{rel}","templated":true}]}}