{"id":4700,"date":"2025-08-19T18:34:37","date_gmt":"2025-08-19T16:34:37","guid":{"rendered":"https:\/\/mmarine.cloudsystems.hu\/product\/tema-2700\/"},"modified":"2025-08-19T18:34:37","modified_gmt":"2025-08-19T16:34:37","slug":"tema-2700","status":"publish","type":"product","link":"https:\/\/mmarine.cloudsystems.hu\/de\/produkt\/tema-2700\/","title":{"rendered":"Tema 2700"},"content":{"rendered":"<p>TEMA  Rakt&aacute;ron&lt;br \/&gt;<br \/>\nKiv&aacute;l&oacute; min\u0151s&eacute;g\u0171 galvaniz&aacute;lt 2 tengelyes haj&oacute;sz&aacute;ll&iacute;t&oacute; ut&aacute;nfut&oacute;, cs&ouml;rl\u0151vel, k&ouml;z&eacute;p g&ouml;rg\u0151 sorral, m&eacute;retre &aacute;ll&iacute;that&oacute; t&aacute;maszt&oacute; l&aacute;bakkal, mank&oacute;ker&eacute;kkel, r&aacute;fut&oacute;f&eacute;kes kivitelben, max. 8.5 m es haj&oacute;khoz. Ut&aacute;nfut&oacute; hossza: 9.84 m, sz&eacute;less&eacute;ge 2.33 m.&lt;br \/&gt;<br \/>\nForgalomba helyez\u00e9s, p\u00f3tker\u00e9k tart\u00f3val + opci\u00f3.<\/p>","protected":false},"excerpt":{"rendered":"<p>TEMA Rakt&aacute;ron&lt;br \/&gt; Kiv&aacute;l&oacute; min\u0151s&eacute;g\u0171 galvaniz&aacute;lt 2 tengelyes haj&oacute;sz&aacute;ll&iacute;t&oacute; ut&aacute;nfut&oacute;, cs&ouml;rl\u0151vel, k&ouml;z&eacute;p g&ouml;rg\u0151 sorral, m&eacute;retre &aacute;ll&iacute;that&oacute; t&aacute;maszt&oacute; l&aacute;bakkal, mank&oacute;ker&eacute;kkel, r&aacute;fut&oacute;f&eacute;kes kivitelben, max. 8.5 m es haj&oacute;khoz. Ut&aacute;nfut&oacute; hossza: 9.84 m, sz&eacute;less&eacute;ge 2.33 m.&lt;br \/&gt; Forgalomba helyez&eacute;s, p&oacute;tker&eacute;k tart&oacute;val + opci&oacute;.<\/p>","protected":false},"featured_media":4699,"template":"","meta":[],"product_cat":[143],"product_tag":[],"class_list":{"0":"post-4700","1":"product","2":"type-product","3":"status-publish","4":"has-post-thumbnail","6":"product_cat-utanfutok","8":"first","9":"instock","10":"shipping-taxable","11":"purchasable","12":"product-type-simple"},"_links":{"self":[{"href":"https:\/\/mmarine.cloudsystems.hu\/de\/wp-json\/wp\/v2\/product\/4700","targetHints":{"allow":["GET"]}}],"collection":[{"href":"https:\/\/mmarine.cloudsystems.hu\/de\/wp-json\/wp\/v2\/product"}],"about":[{"href":"https:\/\/mmarine.cloudsystems.hu\/de\/wp-json\/wp\/v2\/types\/product"}],"wp:featuredmedia":[{"embeddable":true,"href":"https:\/\/mmarine.cloudsystems.hu\/de\/wp-json\/wp\/v2\/media\/4699"}],"wp:attachment":[{"href":"https:\/\/mmarine.cloudsystems.hu\/de\/wp-json\/wp\/v2\/media?parent=4700"}],"wp:term":[{"taxonomy":"product_cat","embeddable":true,"href":"https:\/\/mmarine.cloudsystems.hu\/de\/wp-json\/wp\/v2\/product_cat?post=4700"},{"taxonomy":"product_tag","embeddable":true,"href":"https:\/\/mmarine.cloudsystems.hu\/de\/wp-json\/wp\/v2\/product_tag?post=4700"}],"curies":[{"name":"wp","href":"https:\/\/api.w.org\/{rel}","templated":true}]}}