{"id":4708,"date":"2025-08-19T18:34:39","date_gmt":"2025-08-19T16:34:39","guid":{"rendered":"https:\/\/mmarine.cloudsystems.hu\/product\/bella-580-c\/"},"modified":"2025-08-19T18:34:39","modified_gmt":"2025-08-19T16:34:39","slug":"bella-580-c","status":"publish","type":"product","link":"https:\/\/mmarine.cloudsystems.hu\/de\/produkt\/bella-580-c\/","title":{"rendered":"Bella 580 C"},"content":{"rendered":"<p>Lefoglalva!&lt;br \/&gt;<br \/>\nK&ouml;sz&ouml;nj&uuml;k a bizalmat!&lt;br \/&gt;<br \/>\nMagyarorsz\u00e1gon v\u00e1s\u00e1rolt megk\u00edm\u00e9lt \u00e1llapotban. Csak Dun\u00e1n haszn\u00e1lt. Ide\u00e1lis fogyaszt\u00e1s\u00fa az \u00e9v 12 h\u00f3napj\u00e1ban haszn\u00e1lhat\u00f3 z\u00e1rt kabinos haj\u00f3. S\u00f3lyakocsi megvan hozz\u00e1 vil\u00e1g\u00edt\u00e1ssal f\u00e9kes t\u00fczi horganyzott + 199.000.- Ft<\/p>","protected":false},"excerpt":{"rendered":"<p>Lefoglalva!&lt;br \/&gt; K&ouml;sz&ouml;nj&uuml;k a bizalmat!&lt;br \/&gt; Magyarorsz&aacute;gon v&aacute;s&aacute;rolt megk&iacute;m&eacute;lt &aacute;llapotban. Csak Dun&aacute;n haszn&aacute;lt. Ide&aacute;lis fogyaszt&aacute;s&uacute; az &eacute;v 12 h&oacute;napj&aacute;ban haszn&aacute;lhat&oacute; z&aacute;rt kabinos haj&oacute;. S&oacute;lyakocsi megvan hozz&aacute; vil&aacute;g&iacute;t&aacute;ssal f&eacute;kes t&uuml;zi horganyzott + 199.000.- Ft<\/p>","protected":false},"featured_media":4707,"template":"","meta":[],"product_cat":[142],"product_tag":[],"class_list":{"0":"post-4708","1":"product","2":"type-product","3":"status-publish","4":"has-post-thumbnail","6":"product_cat-hasznalt-hajok","8":"first","9":"instock","10":"shipping-taxable","11":"product-type-external"},"_links":{"self":[{"href":"https:\/\/mmarine.cloudsystems.hu\/de\/wp-json\/wp\/v2\/product\/4708","targetHints":{"allow":["GET"]}}],"collection":[{"href":"https:\/\/mmarine.cloudsystems.hu\/de\/wp-json\/wp\/v2\/product"}],"about":[{"href":"https:\/\/mmarine.cloudsystems.hu\/de\/wp-json\/wp\/v2\/types\/product"}],"wp:featuredmedia":[{"embeddable":true,"href":"https:\/\/mmarine.cloudsystems.hu\/de\/wp-json\/wp\/v2\/media\/4707"}],"wp:attachment":[{"href":"https:\/\/mmarine.cloudsystems.hu\/de\/wp-json\/wp\/v2\/media?parent=4708"}],"wp:term":[{"taxonomy":"product_cat","embeddable":true,"href":"https:\/\/mmarine.cloudsystems.hu\/de\/wp-json\/wp\/v2\/product_cat?post=4708"},{"taxonomy":"product_tag","embeddable":true,"href":"https:\/\/mmarine.cloudsystems.hu\/de\/wp-json\/wp\/v2\/product_tag?post=4708"}],"curies":[{"name":"wp","href":"https:\/\/api.w.org\/{rel}","templated":true}]}}