{"id":4715,"date":"2025-08-19T18:34:42","date_gmt":"2025-08-19T16:34:42","guid":{"rendered":"https:\/\/mmarine.cloudsystems.hu\/product\/150-speedstrer\/"},"modified":"2025-08-21T15:44:07","modified_gmt":"2025-08-21T13:44:07","slug":"150-speedstrer","status":"publish","type":"product","link":"https:\/\/mmarine.cloudsystems.hu\/de\/produkt\/150-speedstrer\/","title":{"rendered":"150 Speedstrer"},"content":{"rendered":"<p>Sea-Doo 150 Speedster 37 &uuml;zem &oacute;ra!!!&lt;br \/&gt;<br \/>\nEgy igazi kis virgonc a v&iacute;zen. 4,7 m hossz&uacute; test egy hozz&aacute; hatalmas 158 KW-os ROTAX jet motorral b&uuml;szk&eacute;lkedhet.&lt;br \/&gt;<br \/>\nBetegs&eacute;g miatt nagyon keveset haszn&aacute;lt, &uacute;jszer\u0171 &aacute;llapotban. Tartoz&eacute;kok: wakeboard torony, takar&oacute; ponyva, alap gy&aacute;ri felszerel&eacute;s. Ut&aacute;nfut&oacute; magyar okm&aacute;nyokkal, &aacute;ra: +190.000 Ft.&lt;br \/&gt;<br \/>\nHaj\u00f3 \u00e9vj\u00e1rata: 2009, de \u00fczembe csak 2012-ben helyezt\u00e9k.<\/p>","protected":false},"excerpt":{"rendered":"<p>Sea-Doo 150 Speedster 37 &uuml;zem &oacute;ra!!!&lt;br \/&gt; Egy igazi kis virgonc a v&iacute;zen. 4,7 m hossz&uacute; test egy hozz&aacute; hatalmas 158 KW-os ROTAX jet motorral b&uuml;szk&eacute;lkedhet.&lt;br \/&gt; Betegs&eacute;g miatt nagyon keveset haszn&aacute;lt, &uacute;jszer\u0171 &aacute;llapotban. Tartoz&eacute;kok: wakeboard torony, takar&oacute; ponyva, alap gy&aacute;ri felszerel&eacute;s. Ut&aacute;nfut&oacute; magyar okm&aacute;nyokkal, &aacute;ra: +190.000 Ft.&lt;br \/&gt; Haj&oacute; &eacute;vj&aacute;rata: 2009, de &uuml;zembe csak 2012-ben helyezt&eacute;k.<\/p>","protected":false},"featured_media":4714,"template":"","meta":[],"product_cat":[142],"product_tag":[],"class_list":{"0":"post-4715","1":"product","2":"type-product","3":"status-publish","4":"has-post-thumbnail","6":"product_cat-hasznalt-hajok","8":"first","9":"instock","10":"shipping-taxable","11":"product-type-external"},"_links":{"self":[{"href":"https:\/\/mmarine.cloudsystems.hu\/de\/wp-json\/wp\/v2\/product\/4715","targetHints":{"allow":["GET"]}}],"collection":[{"href":"https:\/\/mmarine.cloudsystems.hu\/de\/wp-json\/wp\/v2\/product"}],"about":[{"href":"https:\/\/mmarine.cloudsystems.hu\/de\/wp-json\/wp\/v2\/types\/product"}],"wp:featuredmedia":[{"embeddable":true,"href":"https:\/\/mmarine.cloudsystems.hu\/de\/wp-json\/wp\/v2\/media\/4714"}],"wp:attachment":[{"href":"https:\/\/mmarine.cloudsystems.hu\/de\/wp-json\/wp\/v2\/media?parent=4715"}],"wp:term":[{"taxonomy":"product_cat","embeddable":true,"href":"https:\/\/mmarine.cloudsystems.hu\/de\/wp-json\/wp\/v2\/product_cat?post=4715"},{"taxonomy":"product_tag","embeddable":true,"href":"https:\/\/mmarine.cloudsystems.hu\/de\/wp-json\/wp\/v2\/product_tag?post=4715"}],"curies":[{"name":"wp","href":"https:\/\/api.w.org\/{rel}","templated":true}]}}