{"id":4719,"date":"2025-08-19T18:34:43","date_gmt":"2025-08-19T16:34:43","guid":{"rendered":"https:\/\/mmarine.cloudsystems.hu\/product\/stingray-185-ls\/"},"modified":"2025-08-19T18:34:44","modified_gmt":"2025-08-19T16:34:44","slug":"stingray-185-ls","status":"publish","type":"product","link":"https:\/\/mmarine.cloudsystems.hu\/de\/produkt\/stingray-185-ls\/","title":{"rendered":"Stingray 185 LS"},"content":{"rendered":"<p>Megk\u00edm\u00e9lt haj\u00f3. Csak a Tisz\u00e1n haszn\u00e1lt !!! 162 \u00fczem\u00f3r\u00e1val. 7 szem\u00e9lyes, \u00e9s k\u00e9t teljes \u00e9rt\u00e9k\u0171 napoz\u00f3 \u00e1gy kialak\u00edthat\u00f3 a fed\u00e9lzet\u00e9n. K\u00e9t teljes ponyvarendszerrel. Fed\u00e9lzet, orr takar\u00f3, \u00e9s sport bimini tet\u0151 komplett oldalponyv\u00e1kkal. CD-s r\u00e1di\u00f3, j\u00e9gtart\u00f3 box, sz\u0151nyegezett tiszta fed\u00e9lzet, \u00e9s t\u00e1rol\u00f3 rekeszek, \u00e1ramtalan\u00edt\u00f3 kapcsol\u00f3, 2018 ig \u00e9rv\u00e9nyes Magyar haj\u00f3 lev\u00e9l. Trailer + opci\u00f3 vizsg\u00e1s r\u00e1fut\u00f3f\u00e9kes 1.3 T friss m\u0171szaki vizsg\u00e1val + 249.000.- Ft. Haj\u00f3t 2016 ban nem haszn\u00e1ltuk, \u00e9s  \u00faj garanci\u00e1lis akkuval adjuk \u00e1t. Megtekinthet\u0151 Magnum Marine haj\u00f3szalonban. Haj\u00f3n 99 % minden gy\u00e1ri \u00faj \u00e1llapotban. Fot\u00f3kon m\u00e1sik hasonl\u00f3 haj\u00f3 is l\u00e1that\u00f3 az elad\u00f3 haj\u00f3 is a k\u00e9peken s\u00e1rga feh\u00e9r sz\u00edn\u0171.  Bels\u0151 sz\u00edne is feh\u00e9r, nap s\u00e1rga, sz\u00fcrke \u00fcl\u00e9s k\u00e1rpitoz\u00e1s, sz\u00fcrke gy\u00e1ri sz\u0151nyeggel.<\/p>","protected":false},"excerpt":{"rendered":"<p>Megk\u00edm\u00e9lt haj\u00f3. Csak a Tisz\u00e1n haszn\u00e1lt !!! 162 \u00fczem\u00f3r\u00e1val. 7 szem\u00e9lyes, \u00e9s k\u00e9t teljes \u00e9rt\u00e9k\u0171 napoz\u00f3 \u00e1gy kialak\u00edthat\u00f3 a fed\u00e9lzet\u00e9n. K\u00e9t teljes ponyvarendszerrel. Fed\u00e9lzet, orr takar\u00f3, \u00e9s sport bimini tet\u0151 komplett oldalponyv\u00e1kkal. CD-s r\u00e1di\u00f3, j\u00e9gtart\u00f3 box, sz\u0151nyegezett tiszta fed\u00e9lzet, \u00e9s t\u00e1rol\u00f3 rekeszek, \u00e1ramtalan\u00edt\u00f3 kapcsol\u00f3, 2018 ig \u00e9rv\u00e9nyes Magyar haj\u00f3 lev\u00e9l. Trailer + opci\u00f3 vizsg\u00e1s r\u00e1fut\u00f3f\u00e9kes 1.3 T friss m\u0171szaki vizsg\u00e1val + 249.000.- Ft. Haj\u00f3t 2016 ban nem haszn\u00e1ltuk, \u00e9s \u00faj garanci\u00e1lis akkuval adjuk \u00e1t. Megtekinthet\u0151 Magnum Marine haj\u00f3szalonban. Haj\u00f3n 99 % minden gy\u00e1ri \u00faj \u00e1llapotban. Fot\u00f3kon m\u00e1sik hasonl\u00f3 haj\u00f3 is l\u00e1that\u00f3 az elad\u00f3 haj\u00f3 is a k\u00e9peken s\u00e1rga feh\u00e9r sz\u00edn\u0171. Bels\u0151 sz\u00edne is feh\u00e9r, nap s\u00e1rga, sz\u00fcrke \u00fcl\u00e9s k\u00e1rpitoz\u00e1s, sz\u00fcrke gy\u00e1ri sz\u0151nyeggel.<\/p>","protected":false},"featured_media":4718,"template":"","meta":[],"product_cat":[142],"product_tag":[],"class_list":{"0":"post-4719","1":"product","2":"type-product","3":"status-publish","4":"has-post-thumbnail","6":"product_cat-hasznalt-hajok","8":"first","9":"instock","10":"shipping-taxable","11":"product-type-external"},"_links":{"self":[{"href":"https:\/\/mmarine.cloudsystems.hu\/de\/wp-json\/wp\/v2\/product\/4719","targetHints":{"allow":["GET"]}}],"collection":[{"href":"https:\/\/mmarine.cloudsystems.hu\/de\/wp-json\/wp\/v2\/product"}],"about":[{"href":"https:\/\/mmarine.cloudsystems.hu\/de\/wp-json\/wp\/v2\/types\/product"}],"wp:featuredmedia":[{"embeddable":true,"href":"https:\/\/mmarine.cloudsystems.hu\/de\/wp-json\/wp\/v2\/media\/4718"}],"wp:attachment":[{"href":"https:\/\/mmarine.cloudsystems.hu\/de\/wp-json\/wp\/v2\/media?parent=4719"}],"wp:term":[{"taxonomy":"product_cat","embeddable":true,"href":"https:\/\/mmarine.cloudsystems.hu\/de\/wp-json\/wp\/v2\/product_cat?post=4719"},{"taxonomy":"product_tag","embeddable":true,"href":"https:\/\/mmarine.cloudsystems.hu\/de\/wp-json\/wp\/v2\/product_tag?post=4719"}],"curies":[{"name":"wp","href":"https:\/\/api.w.org\/{rel}","templated":true}]}}