{"id":4725,"date":"2025-08-19T18:34:45","date_gmt":"2025-08-19T16:34:45","guid":{"rendered":"https:\/\/mmarine.cloudsystems.hu\/product\/22-trailer-3-5-t\/"},"modified":"2025-08-19T18:34:45","modified_gmt":"2025-08-19T16:34:45","slug":"22-trailer-3-5-t","status":"publish","type":"product","link":"https:\/\/mmarine.cloudsystems.hu\/de\/produkt\/22-trailer-3-5-t\/","title":{"rendered":"22 Trailer 3.5 T"},"content":{"rendered":"<p>3 T &aacute;s haj&oacute; r&aacute;tehet\u0151.&lt;br \/&gt;<br \/>\nCsere miatt elad&oacute;. Sz&eacute;p gy&aacute;ri t&uuml;zi horganyzott &aacute;llapot. Mindk&eacute;t tengely f&eacute;kes azonnal munk&aacute;ra foghat&oacute;. Jelenleg haszn&aacute;lt gumikkal szerelve. Vizsgas&uacute;ly teljes 3.5 T &lt;br \/&gt;<br \/>\n\u00daj gumiszett hozz\u00e1 4 db nagy teherb\u00edr\u00e1s\u00fa + 68.000.- Ft Megtekinthet\u0151 Magnum Marine haj\u00f3szalon.<\/p>","protected":false},"excerpt":{"rendered":"<p>3 T &aacute;s haj&oacute; r&aacute;tehet\u0151.&lt;br \/&gt; Csere miatt elad&oacute;. Sz&eacute;p gy&aacute;ri t&uuml;zi horganyzott &aacute;llapot. Mindk&eacute;t tengely f&eacute;kes azonnal munk&aacute;ra foghat&oacute;. Jelenleg haszn&aacute;lt gumikkal szerelve. Vizsgas&uacute;ly teljes 3.5 T &lt;br \/&gt; &Uacute;j gumiszett hozz&aacute; 4 db nagy teherb&iacute;r&aacute;s&uacute; + 68.000.- Ft Megtekinthet\u0151 Magnum Marine haj&oacute;szalon.<\/p>","protected":false},"featured_media":4724,"template":"","meta":[],"product_cat":[143],"product_tag":[],"class_list":{"0":"post-4725","1":"product","2":"type-product","3":"status-publish","4":"has-post-thumbnail","6":"product_cat-utanfutok","8":"first","9":"instock","10":"shipping-taxable","11":"product-type-external"},"_links":{"self":[{"href":"https:\/\/mmarine.cloudsystems.hu\/de\/wp-json\/wp\/v2\/product\/4725","targetHints":{"allow":["GET"]}}],"collection":[{"href":"https:\/\/mmarine.cloudsystems.hu\/de\/wp-json\/wp\/v2\/product"}],"about":[{"href":"https:\/\/mmarine.cloudsystems.hu\/de\/wp-json\/wp\/v2\/types\/product"}],"wp:featuredmedia":[{"embeddable":true,"href":"https:\/\/mmarine.cloudsystems.hu\/de\/wp-json\/wp\/v2\/media\/4724"}],"wp:attachment":[{"href":"https:\/\/mmarine.cloudsystems.hu\/de\/wp-json\/wp\/v2\/media?parent=4725"}],"wp:term":[{"taxonomy":"product_cat","embeddable":true,"href":"https:\/\/mmarine.cloudsystems.hu\/de\/wp-json\/wp\/v2\/product_cat?post=4725"},{"taxonomy":"product_tag","embeddable":true,"href":"https:\/\/mmarine.cloudsystems.hu\/de\/wp-json\/wp\/v2\/product_tag?post=4725"}],"curies":[{"name":"wp","href":"https:\/\/api.w.org\/{rel}","templated":true}]}}