{"id":4774,"date":"2025-08-19T18:35:04","date_gmt":"2025-08-19T16:35:04","guid":{"rendered":"https:\/\/mmarine.cloudsystems.hu\/product\/b11\/"},"modified":"2025-08-19T18:35:04","modified_gmt":"2025-08-19T16:35:04","slug":"b11","status":"publish","type":"product","link":"https:\/\/mmarine.cloudsystems.hu\/de\/produkt\/b11\/","title":{"rendered":"B11"},"content":{"rendered":"<p>Kism\u00e9ret\u0171 plat\u00f3s trailer gumi cs\u00f3nakhoz ( \u00e1talak\u00edtva jet ski ) kis cs\u00f3nakokhoz. Vizsga 2018 08. h\u00f3 ig.<\/p>","protected":false},"excerpt":{"rendered":"<p>Kism\u00e9ret\u0171 plat\u00f3s trailer gumi cs\u00f3nakhoz ( \u00e1talak\u00edtva jet ski ) kis cs\u00f3nakokhoz. Vizsga 2018 08. h\u00f3 ig.<\/p>","protected":false},"featured_media":0,"template":"","meta":[],"product_cat":[143],"product_tag":[],"class_list":{"0":"post-4774","1":"product","2":"type-product","3":"status-publish","5":"product_cat-utanfutok","7":"first","8":"outofstock","9":"shipping-taxable","10":"purchasable","11":"product-type-simple"},"_links":{"self":[{"href":"https:\/\/mmarine.cloudsystems.hu\/de\/wp-json\/wp\/v2\/product\/4774","targetHints":{"allow":["GET"]}}],"collection":[{"href":"https:\/\/mmarine.cloudsystems.hu\/de\/wp-json\/wp\/v2\/product"}],"about":[{"href":"https:\/\/mmarine.cloudsystems.hu\/de\/wp-json\/wp\/v2\/types\/product"}],"wp:attachment":[{"href":"https:\/\/mmarine.cloudsystems.hu\/de\/wp-json\/wp\/v2\/media?parent=4774"}],"wp:term":[{"taxonomy":"product_cat","embeddable":true,"href":"https:\/\/mmarine.cloudsystems.hu\/de\/wp-json\/wp\/v2\/product_cat?post=4774"},{"taxonomy":"product_tag","embeddable":true,"href":"https:\/\/mmarine.cloudsystems.hu\/de\/wp-json\/wp\/v2\/product_tag?post=4774"}],"curies":[{"name":"wp","href":"https:\/\/api.w.org\/{rel}","templated":true}]}}