{"id":4780,"date":"2025-08-19T18:35:10","date_gmt":"2025-08-19T16:35:10","guid":{"rendered":"https:\/\/mmarine.cloudsystems.hu\/product\/198-le-2014\/"},"modified":"2025-08-19T18:35:10","modified_gmt":"2025-08-19T16:35:10","slug":"198-le-2014","status":"publish","type":"product","link":"https:\/\/mmarine.cloudsystems.hu\/de\/produkt\/198-le-2014\/","title":{"rendered":"198 LE 2014"},"content":{"rendered":"<p>Stingray 198 LE megk&iacute;m&eacute;lt &aacute;llapotban 29.7 !!! &uuml;zem &oacute;r&aacute;val. 9 szem&eacute;lyre vizsg&aacute;ztatva 2024 ig &eacute;rv&eacute;nyes magyar haj&oacute; lev&eacute;llel.&lt;br \/&gt;<br \/>\nUt\u00e1nfut\u00f3 t\u00fczi horganyzott, \u00e9s a haj\u00f3test gy\u00e1ri k\u00e9k v\u00edzalatti r\u00e9sz sz\u00edn\u00e9vel  megegyez\u0151 \u00e1rban benne. A haj\u00f3hoz fed\u00e9lzet, \u00e9s orr takar\u00f3 ponyva mellett gy\u00e1ri \u00e1ll\u00f3 bimini tet\u0151 is megvan. Gps el kombin\u00e1lt halradar be\u00e9p\u00edtve \u00e1rban benne.<\/p>","protected":false},"excerpt":{"rendered":"<p>Stingray 198 LE megk&iacute;m&eacute;lt &aacute;llapotban 29.7 !!! &uuml;zem &oacute;r&aacute;val. 9 szem&eacute;lyre vizsg&aacute;ztatva 2024 ig &eacute;rv&eacute;nyes magyar haj&oacute; lev&eacute;llel.&lt;br \/&gt; Ut&aacute;nfut&oacute; t&uuml;zi horganyzott, &eacute;s a haj&oacute;test gy&aacute;ri k&eacute;k v&iacute;zalatti r&eacute;sz sz&iacute;n&eacute;vel megegyez\u0151 &aacute;rban benne. A haj&oacute;hoz fed&eacute;lzet, &eacute;s orr takar&oacute; ponyva mellett gy&aacute;ri &aacute;ll&oacute; bimini tet\u0151 is megvan. Gps el kombin&aacute;lt halradar be&eacute;p&iacute;tve &aacute;rban benne.<\/p>","protected":false},"featured_media":4779,"template":"","meta":[],"product_cat":[142],"product_tag":[],"class_list":{"0":"post-4780","1":"product","2":"type-product","3":"status-publish","4":"has-post-thumbnail","6":"product_cat-hasznalt-hajok","8":"first","9":"instock","10":"shipping-taxable","11":"product-type-external"},"_links":{"self":[{"href":"https:\/\/mmarine.cloudsystems.hu\/de\/wp-json\/wp\/v2\/product\/4780","targetHints":{"allow":["GET"]}}],"collection":[{"href":"https:\/\/mmarine.cloudsystems.hu\/de\/wp-json\/wp\/v2\/product"}],"about":[{"href":"https:\/\/mmarine.cloudsystems.hu\/de\/wp-json\/wp\/v2\/types\/product"}],"wp:featuredmedia":[{"embeddable":true,"href":"https:\/\/mmarine.cloudsystems.hu\/de\/wp-json\/wp\/v2\/media\/4779"}],"wp:attachment":[{"href":"https:\/\/mmarine.cloudsystems.hu\/de\/wp-json\/wp\/v2\/media?parent=4780"}],"wp:term":[{"taxonomy":"product_cat","embeddable":true,"href":"https:\/\/mmarine.cloudsystems.hu\/de\/wp-json\/wp\/v2\/product_cat?post=4780"},{"taxonomy":"product_tag","embeddable":true,"href":"https:\/\/mmarine.cloudsystems.hu\/de\/wp-json\/wp\/v2\/product_tag?post=4780"}],"curies":[{"name":"wp","href":"https:\/\/api.w.org\/{rel}","templated":true}]}}