{"id":4818,"date":"2025-08-19T18:35:15","date_gmt":"2025-08-19T16:35:15","guid":{"rendered":"https:\/\/mmarine.cloudsystems.hu\/product\/205cs\/"},"modified":"2025-08-19T18:35:15","modified_gmt":"2025-08-19T16:35:15","slug":"205cs","status":"publish","type":"product","link":"https:\/\/mmarine.cloudsystems.hu\/de\/produkt\/205cs\/","title":{"rendered":"205CS"},"content":{"rendered":"<p>Stingray 205 CS Magyar haj&oacute; lev&eacute;llel, 168 &uuml;. &oacute;r&aacute;val megk&iacute;m&eacute;lt &aacute;llapotban.&lt;br \/&gt;<br \/>\nSzalonunkban megtekinthet\u0151.&lt;br \/&gt;<br \/>\nHaj&oacute; test sz&iacute;n feh&eacute;r, sz\u0151nyegezett fed&eacute;lzet k&aacute;rpit sz&iacute;n k&eacute;k feh&eacute;r. Kiterjesztett a haj&oacute; testtel egybe &eacute;p&iacute;tett f&uuml;rd\u0151 platformmal, kabin tet\u0151n kapaszkod&oacute; sport korl&aacute;ttal. &lt;br \/&gt;<br \/>\nFelszerel&eacute;sek.: Bimini tet\u0151, &eacute;s fed&eacute;lzet takar&oacute; ponyva, compass, halradar.&lt;br \/&gt;<br \/>\nTrailer 1.8 T \u00e1s f\u00e9kes vizsga 2018 10. ig opcion\u00e1lis + 199.000.- Ft<\/p>","protected":false},"excerpt":{"rendered":"<p>Stingray 205 CS Magyar haj&oacute; lev&eacute;llel, 168 &uuml;. &oacute;r&aacute;val megk&iacute;m&eacute;lt &aacute;llapotban.&lt;br \/&gt; Szalonunkban megtekinthet\u0151.&lt;br \/&gt; Haj&oacute; test sz&iacute;n feh&eacute;r, sz\u0151nyegezett fed&eacute;lzet k&aacute;rpit sz&iacute;n k&eacute;k feh&eacute;r. Kiterjesztett a haj&oacute; testtel egybe &eacute;p&iacute;tett f&uuml;rd\u0151 platformmal, kabin tet\u0151n kapaszkod&oacute; sport korl&aacute;ttal. &lt;br \/&gt; Felszerel&eacute;sek.: Bimini tet\u0151, &eacute;s fed&eacute;lzet takar&oacute; ponyva, compass, halradar.&lt;br \/&gt; Trailer 1.8 T &aacute;s f&eacute;kes vizsga 2018 10. ig opcion&aacute;lis + 199.000.- Ft<\/p>","protected":false},"featured_media":4817,"template":"","meta":[],"product_cat":[142],"product_tag":[],"class_list":{"0":"post-4818","1":"product","2":"type-product","3":"status-publish","4":"has-post-thumbnail","6":"product_cat-hasznalt-hajok","8":"first","9":"instock","10":"shipping-taxable","11":"product-type-external"},"_links":{"self":[{"href":"https:\/\/mmarine.cloudsystems.hu\/de\/wp-json\/wp\/v2\/product\/4818","targetHints":{"allow":["GET"]}}],"collection":[{"href":"https:\/\/mmarine.cloudsystems.hu\/de\/wp-json\/wp\/v2\/product"}],"about":[{"href":"https:\/\/mmarine.cloudsystems.hu\/de\/wp-json\/wp\/v2\/types\/product"}],"wp:featuredmedia":[{"embeddable":true,"href":"https:\/\/mmarine.cloudsystems.hu\/de\/wp-json\/wp\/v2\/media\/4817"}],"wp:attachment":[{"href":"https:\/\/mmarine.cloudsystems.hu\/de\/wp-json\/wp\/v2\/media?parent=4818"}],"wp:term":[{"taxonomy":"product_cat","embeddable":true,"href":"https:\/\/mmarine.cloudsystems.hu\/de\/wp-json\/wp\/v2\/product_cat?post=4818"},{"taxonomy":"product_tag","embeddable":true,"href":"https:\/\/mmarine.cloudsystems.hu\/de\/wp-json\/wp\/v2\/product_tag?post=4818"}],"curies":[{"name":"wp","href":"https:\/\/api.w.org\/{rel}","templated":true}]}}