{"id":4891,"date":"2025-08-19T18:35:33","date_gmt":"2025-08-19T16:35:33","guid":{"rendered":"https:\/\/mmarine.cloudsystems.hu\/product\/m20\/"},"modified":"2025-08-19T18:35:33","modified_gmt":"2025-08-19T16:35:33","slug":"m20","status":"publish","type":"product","link":"https:\/\/mmarine.cloudsystems.hu\/de\/produkt\/m20\/","title":{"rendered":"M20"},"content":{"rendered":"<p>Monterey&lt;br \/&gt;<br \/>\nM 20&lt;br \/&gt;<br \/>\n64821.- USD nett&oacute; alap&aacute;r ( Bremenhaven )&lt;br \/&gt;<br \/>\nMercruiser 200 LE A 1 motorral&lt;br \/&gt;<br \/>\nAlap&aacute;r nett&oacute; 22039140.-Ft.&lt;br \/&gt;<br \/>\n&lt;br \/&gt;<br \/>\nSzabad haj&oacute; 1 db be&eacute;rkez&eacute;s 2023 augusztus 21.&lt;br \/&gt;<br \/>\nA haj&oacute; teljes &aacute;ra a k&ouml;vetkez\u0151 extr&aacute;kat t&eacute;teleket tartalmazza.&lt;br \/&gt;<br \/>\nMercruiser MPI 200 LE Cat. A1&lt;br \/&gt;<br \/>\nHaj&oacute;test sz&iacute;ne Arctic Ice&lt;br \/&gt;<br \/>\nHaj&oacute; oldal sz&iacute;ne Royal Blue&lt;br \/&gt;<br \/>\nFed&eacute;lzet &eacute;s orrtakar&oacute; ponyva Royal Blue&lt;br \/&gt;<br \/>\nCE Certificat&lt;br \/&gt;<br \/>\nSz&aacute;ll&iacute;t&aacute;s  H Budapest ( F&oacute;t Magnum Marine Szalon)&lt;br \/&gt;<br \/>\n+ 2.990.- USD nett&oacute;&lt;br \/&gt;<br \/>\nTeljes &aacute;r = 67.811.- nett&oacute; USD Teljes &aacute;r Nett&oacute; 23.055.740- Ft 340.- Ft\/USD kalkul&aacute;lt &aacute;tv&aacute;lt&aacute;ssal.&lt;br \/&gt;<br \/>\nA k\u00e9peken l\u00e1that\u00f3 haj\u00f3n + opci\u00f3k is lehetnek.<\/p>","protected":false},"excerpt":{"rendered":"<p>Monterey&lt;br \/&gt; M 20&lt;br \/&gt; 64821.- USD nett&oacute; alap&aacute;r ( Bremenhaven )&lt;br \/&gt; Mercruiser 200 LE A 1 motorral&lt;br \/&gt; Alap&aacute;r nett&oacute; 22039140.-Ft.&lt;br \/&gt; &lt;br \/&gt; Szabad haj&oacute; 1 db be&eacute;rkez&eacute;s 2023 augusztus 21.&lt;br \/&gt; A haj&oacute; teljes &aacute;ra a k&ouml;vetkez\u0151 extr&aacute;kat t&eacute;teleket tartalmazza.&lt;br \/&gt; Mercruiser MPI 200 LE Cat. A1&lt;br \/&gt; Haj&oacute;test sz&iacute;ne Arctic Ice&lt;br \/&gt; Haj&oacute; oldal sz&iacute;ne Royal Blue&lt;br \/&gt; Fed&eacute;lzet &eacute;s orrtakar&oacute; ponyva Royal Blue&lt;br \/&gt; CE Certificat&lt;br \/&gt; Sz&aacute;ll&iacute;t&aacute;s H Budapest ( F&oacute;t Magnum Marine Szalon)&lt;br \/&gt; + 2.990.- USD nett&oacute;&lt;br \/&gt; Teljes &aacute;r = 67.811.- nett&oacute; USD Teljes &aacute;r Nett&oacute; 23.055.740- Ft 340.- Ft\/USD kalkul&aacute;lt &aacute;tv&aacute;lt&aacute;ssal.&lt;br \/&gt; A k&eacute;peken l&aacute;that&oacute; haj&oacute;n + opci&oacute;k is lehetnek.<\/p>","protected":false},"featured_media":4890,"template":"","meta":[],"product_cat":[144],"product_tag":[],"class_list":{"0":"post-4891","1":"product","2":"type-product","3":"status-publish","4":"has-post-thumbnail","6":"product_cat-ajanlataink","8":"first","9":"instock","10":"shipping-taxable","11":"purchasable","12":"product-type-simple"},"_links":{"self":[{"href":"https:\/\/mmarine.cloudsystems.hu\/de\/wp-json\/wp\/v2\/product\/4891","targetHints":{"allow":["GET"]}}],"collection":[{"href":"https:\/\/mmarine.cloudsystems.hu\/de\/wp-json\/wp\/v2\/product"}],"about":[{"href":"https:\/\/mmarine.cloudsystems.hu\/de\/wp-json\/wp\/v2\/types\/product"}],"wp:featuredmedia":[{"embeddable":true,"href":"https:\/\/mmarine.cloudsystems.hu\/de\/wp-json\/wp\/v2\/media\/4890"}],"wp:attachment":[{"href":"https:\/\/mmarine.cloudsystems.hu\/de\/wp-json\/wp\/v2\/media?parent=4891"}],"wp:term":[{"taxonomy":"product_cat","embeddable":true,"href":"https:\/\/mmarine.cloudsystems.hu\/de\/wp-json\/wp\/v2\/product_cat?post=4891"},{"taxonomy":"product_tag","embeddable":true,"href":"https:\/\/mmarine.cloudsystems.hu\/de\/wp-json\/wp\/v2\/product_tag?post=4891"}],"curies":[{"name":"wp","href":"https:\/\/api.w.org\/{rel}","templated":true}]}}