{"id":4909,"date":"2025-08-19T18:35:50","date_gmt":"2025-08-19T16:35:50","guid":{"rendered":"https:\/\/mmarine.cloudsystems.hu\/product\/avon-se-340\/"},"modified":"2025-10-30T11:48:27","modified_gmt":"2025-10-30T10:48:27","slug":"avon-se-340","status":"publish","type":"product","link":"https:\/\/mmarine.cloudsystems.hu\/de\/produkt\/avon-se-340\/","title":{"rendered":"Avon SE 340"},"content":{"rendered":"<p>Elad&aacute;sra k&iacute;n&aacute;lunk egy kit\u0171n\u0151 &aacute;llapotban l&eacute;v\u0151 gumi-rib cs&oacute;nakot els\u0151 tulajdonost&oacute;l, fed&eacute;lzet &eacute;s motor takar&oacute; ponyv&aacute;val. A hozz&aacute; tartoz&oacute; ut&aacute;nfut&oacute; 290 000.- Ft, &lt;br \/&gt;<br \/>\nSzalonunkban megtekinthet\u0151 azonnal elvihet\u0151.<\/p>","protected":false},"excerpt":{"rendered":"<p>Elad&aacute;sra k&iacute;n&aacute;lunk egy kit\u0171n\u0151 &aacute;llapotban l&eacute;v\u0151 gumi-rib cs&oacute;nakot els\u0151 tulajdonost&oacute;l, fed&eacute;lzet &eacute;s motor takar&oacute; ponyv&aacute;val. A hozz&aacute; tartoz&oacute; ut&aacute;nfut&oacute; 290 000.- Ft, &lt;br \/&gt; Szalonunkban megtekinthet\u0151 azonnal elvihet\u0151.<\/p>","protected":false},"featured_media":4908,"template":"","meta":[],"product_cat":[142],"product_tag":[],"class_list":{"0":"post-4909","1":"product","2":"type-product","3":"status-publish","4":"has-post-thumbnail","6":"product_brand-avon","7":"product_cat-hasznalt-hajok","8":"product_maker-avon","10":"first","11":"instock","12":"sale","13":"shipping-taxable","14":"purchasable","15":"product-type-simple"},"_links":{"self":[{"href":"https:\/\/mmarine.cloudsystems.hu\/de\/wp-json\/wp\/v2\/product\/4909","targetHints":{"allow":["GET"]}}],"collection":[{"href":"https:\/\/mmarine.cloudsystems.hu\/de\/wp-json\/wp\/v2\/product"}],"about":[{"href":"https:\/\/mmarine.cloudsystems.hu\/de\/wp-json\/wp\/v2\/types\/product"}],"wp:featuredmedia":[{"embeddable":true,"href":"https:\/\/mmarine.cloudsystems.hu\/de\/wp-json\/wp\/v2\/media\/4908"}],"wp:attachment":[{"href":"https:\/\/mmarine.cloudsystems.hu\/de\/wp-json\/wp\/v2\/media?parent=4909"}],"wp:term":[{"taxonomy":"product_cat","embeddable":true,"href":"https:\/\/mmarine.cloudsystems.hu\/de\/wp-json\/wp\/v2\/product_cat?post=4909"},{"taxonomy":"product_tag","embeddable":true,"href":"https:\/\/mmarine.cloudsystems.hu\/de\/wp-json\/wp\/v2\/product_tag?post=4909"}],"curies":[{"name":"wp","href":"https:\/\/api.w.org\/{rel}","templated":true}]}}