{"id":4975,"date":"2025-08-21T13:36:10","date_gmt":"2025-08-21T11:36:10","guid":{"rendered":"https:\/\/mmarine.cloudsystems.hu\/?page_id=4975"},"modified":"2025-08-21T13:49:52","modified_gmt":"2025-08-21T11:49:52","slug":"hajo-ponyva-gyartas","status":"publish","type":"page","link":"https:\/\/mmarine.cloudsystems.hu\/en\/hajo-ponyva-gyartas\/","title":{"rendered":"Haj\u00f3 ponyva gy\u00e1rt\u00e1s"},"content":{"rendered":"<div data-elementor-type=\"wp-page\" data-elementor-id=\"4975\" class=\"elementor elementor-4975\" data-elementor-post-type=\"page\">\n\t\t\t\t<div class=\"elementor-element elementor-element-6d2aec6 e-flex e-con-boxed e-con e-parent\" data-id=\"6d2aec6\" data-element_type=\"container\" data-e-type=\"container\">\n\t\t\t\t\t<div class=\"e-con-inner\">\n\t\t\t\t<div class=\"elementor-element elementor-element-9f34ebf elementor-widget elementor-widget-heading\" data-id=\"9f34ebf\" data-element_type=\"widget\" data-e-type=\"widget\" data-widget_type=\"heading.default\">\n\t\t\t\t\t<h2 class=\"elementor-heading-title elementor-size-default\">Haj\u00f3 ponyva gy\u00e1rt\u00e1s<\/h2>\t\t\t\t<\/div>\n\t\t\t\t<div class=\"elementor-element elementor-element-a7eff3c elementor-widget elementor-widget-text-editor\" data-id=\"a7eff3c\" data-element_type=\"widget\" data-e-type=\"widget\" data-widget_type=\"text-editor.default\">\n\t\t\t\t\t\t\t\t\t<p>Tev\u00e9kenys\u00e9gi k\u00f6r\u00fcnkbe m\u00e1r\u00a0a\u00a0kezdetek\u00a0kezdet\u00e9t\u0151l megtal\u00e1lhat\u00f3 a haj\u00f3ponyva gy\u00e1rt\u00e1s. De komolyabb munk\u00e1k elv\u00e1llal\u00e1s\u00e1hoz felt\u00e9tlen sz\u00fcks\u00e9g\u00fcnk volt egy nagyobb m\u0171helyre is. 2012-ben k\u00f6lt\u00f6zt\u00fcnk \u00e1t \u00faj \u00e9p\u00fclet\u00fcnkbe, ahol az id\u0151j\u00e1r\u00e1s viszontags\u00e1gait figyelmen k\u00edv\u00fcl hagyva t\u00e9len, ny\u00e1ron tudunk haj\u00f3ponyv\u00e1t gy\u00e1rtani. M\u0171hely\u00fcnkben a k\u00f6vetkez\u0151 haj\u00f3ponyva gy\u00e1rt\u00e1s folyik<\/p>\t\t\t\t\t\t\t\t<\/div>\n\t\t\t\t\t<\/div>\n\t\t\t\t<\/div>\n\t\t<div class=\"elementor-element elementor-element-3bf99a3 e-flex e-con-boxed e-con e-parent\" data-id=\"3bf99a3\" data-element_type=\"container\" data-e-type=\"container\">\n\t\t\t\t\t<div class=\"e-con-inner\">\n\t\t\t\t\t<\/div>\n\t\t\t\t<\/div>\n\t\t<div class=\"elementor-element elementor-element-15569c0 e-flex e-con-boxed e-con e-parent\" data-id=\"15569c0\" data-element_type=\"container\" data-e-type=\"container\">\n\t\t\t\t\t<div class=\"e-con-inner\">\n\t\t\t\t<div class=\"elementor-element elementor-element-0379a53 elementor-widget elementor-widget-gallery\" data-id=\"0379a53\" data-element_type=\"widget\" data-e-type=\"widget\" data-settings=\"{&quot;lazyload&quot;:&quot;yes&quot;,&quot;gallery_layout&quot;:&quot;grid&quot;,&quot;columns&quot;:4,&quot;columns_tablet&quot;:2,&quot;columns_mobile&quot;:1,&quot;gap&quot;:{&quot;unit&quot;:&quot;px&quot;,&quot;size&quot;:10,&quot;sizes&quot;:[]},&quot;gap_tablet&quot;:{&quot;unit&quot;:&quot;px&quot;,&quot;size&quot;:10,&quot;sizes&quot;:[]},&quot;gap_mobile&quot;:{&quot;unit&quot;:&quot;px&quot;,&quot;size&quot;:10,&quot;sizes&quot;:[]},&quot;link_to&quot;:&quot;file&quot;,&quot;aspect_ratio&quot;:&quot;3:2&quot;,&quot;overlay_background&quot;:&quot;yes&quot;,&quot;content_hover_animation&quot;:&quot;fade-in&quot;}\" data-widget_type=\"gallery.default\">\n\t\t\t\t\t\t\t<div class=\"elementor-gallery__container\">\n\t\t\t\t\t\t\t<a class=\"e-gallery-item elementor-gallery-item elementor-animated-content\" href=\"https:\/\/mmarine.cloudsystems.hu\/wp-content\/uploads\/2025\/08\/content_details_hajo_ponyva_gyartas___bimini.jpg\" data-elementor-open-lightbox=\"yes\" data-elementor-lightbox-slideshow=\"0379a53\" data-elementor-lightbox-title=\"Image\" data-e-action-hash=\"#elementor-action%3Aaction%3Dlightbox%26settings%3DeyJpZCI6NDk5NiwidXJsIjoiaHR0cHM6XC9cL21tYXJpbmUuY2xvdWRzeXN0ZW1zLmh1XC93cC1jb250ZW50XC91cGxvYWRzXC8yMDI1XC8wOFwvY29udGVudF9kZXRhaWxzX2hham9fcG9ueXZhX2d5YXJ0YXNfX19iaW1pbmkuanBnIiwic2xpZGVzaG93IjoiMDM3OWE1MyJ9\">\n\t\t\t\t\t<div class=\"e-gallery-image elementor-gallery-item__image\" data-thumbnail=\"https:\/\/mmarine.cloudsystems.hu\/wp-content\/uploads\/2025\/08\/content_details_hajo_ponyva_gyartas___bimini-300x175.jpg\" data-width=\"300\" data-height=\"175\" aria-label=\"\" role=\"img\" ><\/div>\n\t\t\t\t\t\t\t\t\t\t\t<div class=\"elementor-gallery-item__overlay\"><\/div>\n\t\t\t\t\t\t\t\t\t\t\t\t\t\t<\/a>\n\t\t\t\t\t\t\t<a class=\"e-gallery-item elementor-gallery-item elementor-animated-content\" href=\"https:\/\/mmarine.cloudsystems.hu\/wp-content\/uploads\/2025\/08\/content_details_hajo_ponyva_gyartas___camper.jpg\" data-elementor-open-lightbox=\"yes\" data-elementor-lightbox-slideshow=\"0379a53\" data-elementor-lightbox-title=\"Image\" data-e-action-hash=\"#elementor-action%3Aaction%3Dlightbox%26settings%3DeyJpZCI6NDk5NSwidXJsIjoiaHR0cHM6XC9cL21tYXJpbmUuY2xvdWRzeXN0ZW1zLmh1XC93cC1jb250ZW50XC91cGxvYWRzXC8yMDI1XC8wOFwvY29udGVudF9kZXRhaWxzX2hham9fcG9ueXZhX2d5YXJ0YXNfX19jYW1wZXIuanBnIiwic2xpZGVzaG93IjoiMDM3OWE1MyJ9\">\n\t\t\t\t\t<div class=\"e-gallery-image elementor-gallery-item__image\" data-thumbnail=\"https:\/\/mmarine.cloudsystems.hu\/wp-content\/uploads\/2025\/08\/content_details_hajo_ponyva_gyartas___camper-300x183.jpg\" data-width=\"300\" data-height=\"183\" aria-label=\"\" role=\"img\" ><\/div>\n\t\t\t\t\t\t\t\t\t\t\t<div class=\"elementor-gallery-item__overlay\"><\/div>\n\t\t\t\t\t\t\t\t\t\t\t\t\t\t<\/a>\n\t\t\t\t\t\t\t<a class=\"e-gallery-item elementor-gallery-item elementor-animated-content\" href=\"https:\/\/mmarine.cloudsystems.hu\/wp-content\/uploads\/2025\/08\/content_details_hajo_ponyva_gyartas___full.jpg\" data-elementor-open-lightbox=\"yes\" data-elementor-lightbox-slideshow=\"0379a53\" data-elementor-lightbox-title=\"Image\" data-e-action-hash=\"#elementor-action%3Aaction%3Dlightbox%26settings%3DeyJpZCI6NDk5NCwidXJsIjoiaHR0cHM6XC9cL21tYXJpbmUuY2xvdWRzeXN0ZW1zLmh1XC93cC1jb250ZW50XC91cGxvYWRzXC8yMDI1XC8wOFwvY29udGVudF9kZXRhaWxzX2hham9fcG9ueXZhX2d5YXJ0YXNfX19mdWxsLmpwZyIsInNsaWRlc2hvdyI6IjAzNzlhNTMifQ%3D%3D\">\n\t\t\t\t\t<div class=\"e-gallery-image elementor-gallery-item__image\" data-thumbnail=\"https:\/\/mmarine.cloudsystems.hu\/wp-content\/uploads\/2025\/08\/content_details_hajo_ponyva_gyartas___full-300x163.jpg\" data-width=\"300\" data-height=\"163\" aria-label=\"\" role=\"img\" ><\/div>\n\t\t\t\t\t\t\t\t\t\t\t<div class=\"elementor-gallery-item__overlay\"><\/div>\n\t\t\t\t\t\t\t\t\t\t\t\t\t\t<\/a>\n\t\t\t\t\t\t\t<a class=\"e-gallery-item elementor-gallery-item elementor-animated-content\" href=\"https:\/\/mmarine.cloudsystems.hu\/wp-content\/uploads\/2025\/08\/content_details_hajo_ponyva_gyartas___214_cockpit_bow_cover.jpg\" data-elementor-open-lightbox=\"yes\" data-elementor-lightbox-slideshow=\"0379a53\" data-elementor-lightbox-title=\"content_details_hajo_ponyva_gyartas___214_cockpit_bow_cover\" data-e-action-hash=\"#elementor-action%3Aaction%3Dlightbox%26settings%3DeyJpZCI6NDk5MywidXJsIjoiaHR0cHM6XC9cL21tYXJpbmUuY2xvdWRzeXN0ZW1zLmh1XC93cC1jb250ZW50XC91cGxvYWRzXC8yMDI1XC8wOFwvY29udGVudF9kZXRhaWxzX2hham9fcG9ueXZhX2d5YXJ0YXNfX18yMTRfY29ja3BpdF9ib3dfY292ZXIuanBnIiwic2xpZGVzaG93IjoiMDM3OWE1MyJ9\">\n\t\t\t\t\t<div class=\"e-gallery-image elementor-gallery-item__image\" data-thumbnail=\"https:\/\/mmarine.cloudsystems.hu\/wp-content\/uploads\/2025\/08\/content_details_hajo_ponyva_gyartas___214_cockpit_bow_cover-300x199.jpg\" data-width=\"300\" data-height=\"199\" aria-label=\"\" role=\"img\" ><\/div>\n\t\t\t\t\t\t\t\t\t\t\t<div class=\"elementor-gallery-item__overlay\"><\/div>\n\t\t\t\t\t\t\t\t\t\t\t\t\t\t<\/a>\n\t\t\t\t\t\t\t<a class=\"e-gallery-item elementor-gallery-item elementor-animated-content\" href=\"https:\/\/mmarine.cloudsystems.hu\/wp-content\/uploads\/2025\/08\/content_details_hajo_ponyva_gyartas___214_bow_cover.jpg\" data-elementor-open-lightbox=\"yes\" data-elementor-lightbox-slideshow=\"0379a53\" data-elementor-lightbox-title=\"content_details_hajo_ponyva_gyartas___214_bow_cover\" data-e-action-hash=\"#elementor-action%3Aaction%3Dlightbox%26settings%3DeyJpZCI6NDk5MiwidXJsIjoiaHR0cHM6XC9cL21tYXJpbmUuY2xvdWRzeXN0ZW1zLmh1XC93cC1jb250ZW50XC91cGxvYWRzXC8yMDI1XC8wOFwvY29udGVudF9kZXRhaWxzX2hham9fcG9ueXZhX2d5YXJ0YXNfX18yMTRfYm93X2NvdmVyLmpwZyIsInNsaWRlc2hvdyI6IjAzNzlhNTMifQ%3D%3D\">\n\t\t\t\t\t<div class=\"e-gallery-image elementor-gallery-item__image\" data-thumbnail=\"https:\/\/mmarine.cloudsystems.hu\/wp-content\/uploads\/2025\/08\/content_details_hajo_ponyva_gyartas___214_bow_cover-300x204.jpg\" data-width=\"300\" data-height=\"204\" aria-label=\"\" role=\"img\" ><\/div>\n\t\t\t\t\t\t\t\t\t\t\t<div class=\"elementor-gallery-item__overlay\"><\/div>\n\t\t\t\t\t\t\t\t\t\t\t\t\t\t<\/a>\n\t\t\t\t\t\t\t<a class=\"e-gallery-item elementor-gallery-item elementor-animated-content\" href=\"https:\/\/mmarine.cloudsystems.hu\/wp-content\/uploads\/2025\/08\/content_details_hajo_ponyva_gyartas___flap.jpg\" data-elementor-open-lightbox=\"yes\" data-elementor-lightbox-slideshow=\"0379a53\" data-elementor-lightbox-title=\"Image\" data-e-action-hash=\"#elementor-action%3Aaction%3Dlightbox%26settings%3DeyJpZCI6NDk5MSwidXJsIjoiaHR0cHM6XC9cL21tYXJpbmUuY2xvdWRzeXN0ZW1zLmh1XC93cC1jb250ZW50XC91cGxvYWRzXC8yMDI1XC8wOFwvY29udGVudF9kZXRhaWxzX2hham9fcG9ueXZhX2d5YXJ0YXNfX19mbGFwLmpwZyIsInNsaWRlc2hvdyI6IjAzNzlhNTMifQ%3D%3D\">\n\t\t\t\t\t<div class=\"e-gallery-image elementor-gallery-item__image\" data-thumbnail=\"https:\/\/mmarine.cloudsystems.hu\/wp-content\/uploads\/2025\/08\/content_details_hajo_ponyva_gyartas___flap-300x169.jpg\" data-width=\"300\" data-height=\"169\" aria-label=\"\" role=\"img\" ><\/div>\n\t\t\t\t\t\t\t\t\t\t\t<div class=\"elementor-gallery-item__overlay\"><\/div>\n\t\t\t\t\t\t\t\t\t\t\t\t\t\t<\/a>\n\t\t\t\t\t\t\t<a class=\"e-gallery-item elementor-gallery-item elementor-animated-content\" href=\"https:\/\/mmarine.cloudsystems.hu\/wp-content\/uploads\/2025\/08\/content_details_hajo_ponyva_gyartas___215cr_bow.jpg\" data-elementor-open-lightbox=\"yes\" data-elementor-lightbox-slideshow=\"0379a53\" data-elementor-lightbox-title=\"content_details_hajo_ponyva_gyartas___215cr_bow\" data-e-action-hash=\"#elementor-action%3Aaction%3Dlightbox%26settings%3DeyJpZCI6NDk4OSwidXJsIjoiaHR0cHM6XC9cL21tYXJpbmUuY2xvdWRzeXN0ZW1zLmh1XC93cC1jb250ZW50XC91cGxvYWRzXC8yMDI1XC8wOFwvY29udGVudF9kZXRhaWxzX2hham9fcG9ueXZhX2d5YXJ0YXNfX18yMTVjcl9ib3cuanBnIiwic2xpZGVzaG93IjoiMDM3OWE1MyJ9\">\n\t\t\t\t\t<div class=\"e-gallery-image elementor-gallery-item__image\" data-thumbnail=\"https:\/\/mmarine.cloudsystems.hu\/wp-content\/uploads\/2025\/08\/content_details_hajo_ponyva_gyartas___215cr_bow-300x199.jpg\" data-width=\"300\" data-height=\"199\" aria-label=\"\" role=\"img\" ><\/div>\n\t\t\t\t\t\t\t\t\t\t\t<div class=\"elementor-gallery-item__overlay\"><\/div>\n\t\t\t\t\t\t\t\t\t\t\t\t\t\t<\/a>\n\t\t\t\t\t\t\t<a class=\"e-gallery-item elementor-gallery-item elementor-animated-content\" href=\"https:\/\/mmarine.cloudsystems.hu\/wp-content\/uploads\/2025\/08\/content_details_hajo_ponyva_gyartas___212_rear_seating.jpg\" data-elementor-open-lightbox=\"yes\" data-elementor-lightbox-slideshow=\"0379a53\" data-elementor-lightbox-title=\"content_details_hajo_ponyva_gyartas___212_rear_seating\" data-e-action-hash=\"#elementor-action%3Aaction%3Dlightbox%26settings%3DeyJpZCI6NDk4OCwidXJsIjoiaHR0cHM6XC9cL21tYXJpbmUuY2xvdWRzeXN0ZW1zLmh1XC93cC1jb250ZW50XC91cGxvYWRzXC8yMDI1XC8wOFwvY29udGVudF9kZXRhaWxzX2hham9fcG9ueXZhX2d5YXJ0YXNfX18yMTJfcmVhcl9zZWF0aW5nLmpwZyIsInNsaWRlc2hvdyI6IjAzNzlhNTMifQ%3D%3D\">\n\t\t\t\t\t<div class=\"e-gallery-image elementor-gallery-item__image\" data-thumbnail=\"https:\/\/mmarine.cloudsystems.hu\/wp-content\/uploads\/2025\/08\/content_details_hajo_ponyva_gyartas___212_rear_seating-300x225.jpg\" data-width=\"300\" data-height=\"225\" aria-label=\"\" role=\"img\" ><\/div>\n\t\t\t\t\t\t\t\t\t\t\t<div class=\"elementor-gallery-item__overlay\"><\/div>\n\t\t\t\t\t\t\t\t\t\t\t\t\t\t<\/a>\n\t\t\t\t\t\t\t<a class=\"e-gallery-item elementor-gallery-item elementor-animated-content\" href=\"https:\/\/mmarine.cloudsystems.hu\/wp-content\/uploads\/2025\/08\/content_details_hajo_ponyva_gyartas___napoz.jpg\" data-elementor-open-lightbox=\"yes\" data-elementor-lightbox-slideshow=\"0379a53\" data-elementor-lightbox-title=\"content_details_hajo_ponyva_gyartas___napoz\" data-e-action-hash=\"#elementor-action%3Aaction%3Dlightbox%26settings%3DeyJpZCI6NDk4NywidXJsIjoiaHR0cHM6XC9cL21tYXJpbmUuY2xvdWRzeXN0ZW1zLmh1XC93cC1jb250ZW50XC91cGxvYWRzXC8yMDI1XC8wOFwvY29udGVudF9kZXRhaWxzX2hham9fcG9ueXZhX2d5YXJ0YXNfX19uYXBvei5qcGciLCJzbGlkZXNob3ciOiIwMzc5YTUzIn0%3D\">\n\t\t\t\t\t<div class=\"e-gallery-image elementor-gallery-item__image\" data-thumbnail=\"https:\/\/mmarine.cloudsystems.hu\/wp-content\/uploads\/2025\/08\/content_details_hajo_ponyva_gyartas___napoz-300x144.jpg\" data-width=\"300\" data-height=\"144\" aria-label=\"\" role=\"img\" ><\/div>\n\t\t\t\t\t\t\t\t\t\t\t<div class=\"elementor-gallery-item__overlay\"><\/div>\n\t\t\t\t\t\t\t\t\t\t\t\t\t\t<\/a>\n\t\t\t\t\t\t\t<a class=\"e-gallery-item elementor-gallery-item elementor-animated-content\" href=\"https:\/\/mmarine.cloudsystems.hu\/wp-content\/uploads\/2025\/08\/content_details_hajo_ponyva_gyartas___mooring_cover.jpg\" data-elementor-open-lightbox=\"yes\" data-elementor-lightbox-slideshow=\"0379a53\" data-elementor-lightbox-title=\"content_details_hajo_ponyva_gyartas___mooring_cover\" data-e-action-hash=\"#elementor-action%3Aaction%3Dlightbox%26settings%3DeyJpZCI6NDk5MCwidXJsIjoiaHR0cHM6XC9cL21tYXJpbmUuY2xvdWRzeXN0ZW1zLmh1XC93cC1jb250ZW50XC91cGxvYWRzXC8yMDI1XC8wOFwvY29udGVudF9kZXRhaWxzX2hham9fcG9ueXZhX2d5YXJ0YXNfX19tb29yaW5nX2NvdmVyLmpwZyIsInNsaWRlc2hvdyI6IjAzNzlhNTMifQ%3D%3D\">\n\t\t\t\t\t<div class=\"e-gallery-image elementor-gallery-item__image\" data-thumbnail=\"https:\/\/mmarine.cloudsystems.hu\/wp-content\/uploads\/2025\/08\/content_details_hajo_ponyva_gyartas___mooring_cover-300x225.jpg\" data-width=\"300\" data-height=\"225\" aria-label=\"\" role=\"img\" ><\/div>\n\t\t\t\t\t\t\t\t\t\t\t<div class=\"elementor-gallery-item__overlay\"><\/div>\n\t\t\t\t\t\t\t\t\t\t\t\t\t\t<\/a>\n\t\t\t\t\t\t\t<a class=\"e-gallery-item elementor-gallery-item elementor-animated-content\" href=\"https:\/\/mmarine.cloudsystems.hu\/wp-content\/uploads\/2025\/08\/content_details_hajo_ponyva_gyartas___dropin_carpet.jpg.gif\" data-elementor-open-lightbox=\"yes\" data-elementor-lightbox-slideshow=\"0379a53\" data-elementor-lightbox-title=\"content_details_hajo_ponyva_gyartas___dropin_carpet.jpg\" data-e-action-hash=\"#elementor-action%3Aaction%3Dlightbox%26settings%3DeyJpZCI6NDk4NiwidXJsIjoiaHR0cHM6XC9cL21tYXJpbmUuY2xvdWRzeXN0ZW1zLmh1XC93cC1jb250ZW50XC91cGxvYWRzXC8yMDI1XC8wOFwvY29udGVudF9kZXRhaWxzX2hham9fcG9ueXZhX2d5YXJ0YXNfX19kcm9waW5fY2FycGV0LmpwZy5naWYiLCJzbGlkZXNob3ciOiIwMzc5YTUzIn0%3D\">\n\t\t\t\t\t<div class=\"e-gallery-image elementor-gallery-item__image\" data-thumbnail=\"https:\/\/mmarine.cloudsystems.hu\/wp-content\/uploads\/2025\/08\/content_details_hajo_ponyva_gyartas___dropin_carpet.jpg-300x198.gif\" data-width=\"300\" data-height=\"198\" aria-label=\"\" role=\"img\" ><\/div>\n\t\t\t\t\t\t\t\t\t\t\t<div class=\"elementor-gallery-item__overlay\"><\/div>\n\t\t\t\t\t\t\t\t\t\t\t\t\t\t<\/a>\n\t\t\t\t\t\t\t<a class=\"e-gallery-item elementor-gallery-item elementor-animated-content\" href=\"https:\/\/mmarine.cloudsystems.hu\/wp-content\/uploads\/2025\/08\/content_details_hajo_ponyva_gyartas___kulso3_kicsi.jpg\" data-elementor-open-lightbox=\"yes\" data-elementor-lightbox-slideshow=\"0379a53\" data-elementor-lightbox-title=\"content_details_hajo_ponyva_gyartas___kulso3_kicsi\" data-e-action-hash=\"#elementor-action%3Aaction%3Dlightbox%26settings%3DeyJpZCI6NDk5NywidXJsIjoiaHR0cHM6XC9cL21tYXJpbmUuY2xvdWRzeXN0ZW1zLmh1XC93cC1jb250ZW50XC91cGxvYWRzXC8yMDI1XC8wOFwvY29udGVudF9kZXRhaWxzX2hham9fcG9ueXZhX2d5YXJ0YXNfX19rdWxzbzNfa2ljc2kuanBnIiwic2xpZGVzaG93IjoiMDM3OWE1MyJ9\">\n\t\t\t\t\t<div class=\"e-gallery-image elementor-gallery-item__image\" data-thumbnail=\"https:\/\/mmarine.cloudsystems.hu\/wp-content\/uploads\/2025\/08\/content_details_hajo_ponyva_gyartas___kulso3_kicsi-300x200.jpg\" data-width=\"300\" data-height=\"200\" aria-label=\"\" role=\"img\" ><\/div>\n\t\t\t\t\t\t\t\t\t\t\t<div class=\"elementor-gallery-item__overlay\"><\/div>\n\t\t\t\t\t\t\t\t\t\t\t\t\t\t<\/a>\n\t\t\t\t\t<\/div>\n\t\t\t\t\t<\/div>\n\t\t\t\t\t<\/div>\n\t\t\t\t<\/div>\n\t\t\t\t<\/div>","protected":false},"excerpt":{"rendered":"<p>Tev\u00e9kenys\u00e9gi k\u00f6r\u00fcnkbe m\u00e1r\u00a0a\u00a0kezdetek\u00a0kezdet\u00e9t\u0151l megtal\u00e1lhat\u00f3 a haj\u00f3ponyva gy\u00e1rt\u00e1s. De komolyabb munk\u00e1k elv\u00e1llal\u00e1s\u00e1hoz felt\u00e9tlen sz\u00fcks\u00e9g\u00fcnk volt egy nagyobb m\u0171helyre is. 2012-ben k\u00f6lt\u00f6zt\u00fcnk \u00e1t \u00faj \u00e9p\u00fclet\u00fcnkbe, ahol az id\u0151j\u00e1r\u00e1s viszontags\u00e1gait figyelmen k\u00edv\u00fcl hagyva t\u00e9len, ny\u00e1ron tudunk haj\u00f3ponyv\u00e1t gy\u00e1rtani. M\u0171hely\u00fcnkben a k\u00f6vetkez\u0151 haj\u00f3ponyva gy\u00e1rt\u00e1s folyik<\/p>","protected":false},"author":1,"featured_media":0,"parent":0,"menu_order":0,"comment_status":"closed","ping_status":"closed","template":"","meta":{"footnotes":""},"class_list":["post-4975","page","type-page","status-publish","hentry"],"_links":{"self":[{"href":"https:\/\/mmarine.cloudsystems.hu\/en\/wp-json\/wp\/v2\/pages\/4975","targetHints":{"allow":["GET"]}}],"collection":[{"href":"https:\/\/mmarine.cloudsystems.hu\/en\/wp-json\/wp\/v2\/pages"}],"about":[{"href":"https:\/\/mmarine.cloudsystems.hu\/en\/wp-json\/wp\/v2\/types\/page"}],"author":[{"embeddable":true,"href":"https:\/\/mmarine.cloudsystems.hu\/en\/wp-json\/wp\/v2\/users\/1"}],"replies":[{"embeddable":true,"href":"https:\/\/mmarine.cloudsystems.hu\/en\/wp-json\/wp\/v2\/comments?post=4975"}],"version-history":[{"count":7,"href":"https:\/\/mmarine.cloudsystems.hu\/en\/wp-json\/wp\/v2\/pages\/4975\/revisions"}],"predecessor-version":[{"id":5003,"href":"https:\/\/mmarine.cloudsystems.hu\/en\/wp-json\/wp\/v2\/pages\/4975\/revisions\/5003"}],"wp:attachment":[{"href":"https:\/\/mmarine.cloudsystems.hu\/en\/wp-json\/wp\/v2\/media?parent=4975"}],"curies":[{"name":"wp","href":"https:\/\/api.w.org\/{rel}","templated":true}]}}