{"id":838,"date":"2025-07-18T08:54:16","date_gmt":"2025-07-18T06:54:16","guid":{"rendered":"https:\/\/highrev.qodeinteractive.com\/?page_id=838"},"modified":"2025-10-30T11:36:53","modified_gmt":"2025-10-30T10:36:53","slug":"kapcsolat","status":"publish","type":"page","link":"https:\/\/mmarine.cloudsystems.hu\/en\/kapcsolat\/","title":{"rendered":"Kapcsolat"},"content":{"rendered":"\t\t<div data-elementor-type=\"wp-page\" data-elementor-id=\"838\" class=\"elementor elementor-838\" data-elementor-post-type=\"page\">\n\t\t\t\t<div class=\"elementor-element elementor-element-e71b23e e-con-full qodef-elementor-content-grid e-flex e-con e-parent\" data-id=\"e71b23e\" data-element_type=\"container\" data-e-type=\"container\">\n\t\t\t\t<div class=\"elementor-element elementor-element-c74a65d elementor-widget elementor-widget-highrev_core_google_map\" data-id=\"c74a65d\" data-element_type=\"widget\" data-e-type=\"widget\" data-widget_type=\"highrev_core_google_map.default\">\n\t\t\t\t<div class=\"elementor-widget-container\">\n\t\t\t\t\t<div class=\"qodef-shortcode qodef-m  qodef-google-map\">\n\t<div class=\"qodef-m-map\" id=\"qodef-map-id--893\" data-addresses='[\"King Charles St, London SW1A 2AH, United Kingdom \"]' data-pin=https:\/\/mmarine.cloudsystems.hu\/wp-content\/uploads\/2024\/10\/map-pin.png data-unique-id=893 data-height=600><\/div>\n<\/div>\n\t\t\t\t<\/div>\n\t\t\t\t<\/div>\n\t\t\t\t<\/div>\n\t\t<div class=\"elementor-element elementor-element-ea0edd1 e-con-full qodef-elementor-content-grid e-flex e-con e-parent\" data-id=\"ea0edd1\" data-element_type=\"container\" data-e-type=\"container\">\n\t\t<div class=\"elementor-element elementor-element-10ab248 e-con-full e-flex e-con e-child\" data-id=\"10ab248\" data-element_type=\"container\" data-e-type=\"container\">\n\t\t\t\t<div class=\"elementor-element elementor-element-66a7df5 elementor-widget elementor-widget-highrev_core_section_title\" data-id=\"66a7df5\" data-element_type=\"widget\" data-e-type=\"widget\" data-widget_type=\"highrev_core_section_title.default\">\n\t\t\t\t<div class=\"elementor-widget-container\">\n\t\t\t\t\t<div class=\"qodef-shortcode qodef-m  qodef-section-title qodef-section-title-270 qodef-alignment--left \">\n\t\t<h6 class=\"qodef-m-subtitle\" > <\/h6>\n\t\t<h2 class=\"qodef-m-title\" >\n\t\t\t\t\tL\u00e9pjen kapcsolatba vel\u00fcnk\t\t\t<\/h2>\n\t\t<p class=\"qodef-m-text\" style=\"margin-top: 10px\">Budapest, M0 aut\u00f3p\u00e1lya, 70-es kij\u00e1rat (M3 aut\u00f3p\u00e1ly\u00e1n\u00e1l)\nF\u00f3t-Bev\u00e1s\u00e1rl\u00f3k\u00f6zpont fel\u00e9\n<\/p>\n<\/div>\n\t\t\t\t<\/div>\n\t\t\t\t<\/div>\n\t\t\t\t<div class=\"elementor-element elementor-element-b009269 elementor-widget elementor-widget-text-editor\" data-id=\"b009269\" data-element_type=\"widget\" data-e-type=\"widget\" data-widget_type=\"text-editor.default\">\n\t\t\t\t\t\t\t\t\t<p>B\u00f6vebb inform\u00e1ci\u00f3\u00e9rt forduljon koll\u00e9g\u00e1nkhoz a +36 (20) 55 55 200 mobil sz\u00e1mon.<\/p>\t\t\t\t\t\t\t\t<\/div>\n\t\t\t\t<div class=\"elementor-element elementor-element-c11b60a elementor-widget elementor-widget-highrev_core_icon_with_text\" data-id=\"c11b60a\" data-element_type=\"widget\" data-e-type=\"widget\" data-widget_type=\"highrev_core_icon_with_text.default\">\n\t\t\t\t<div class=\"elementor-widget-container\">\n\t\t\t\t\t<div class=\"qodef-shortcode qodef-m  qodef-icon-with-text qodef-layout--before-content qodef--custom-svg \">\n\t<div class=\"qodef-m-icon-wrapper\" >\n\t\t    <svg xmlns=\"http:\/\/www.w3.org\/2000\/svg\" width=\"18\" height=\"16.304\"><path d=\"M14.848-.001h-12A2.851 2.851 0 0 0 0 2.847v7.826a2.85 2.85 0 0 0 2.848 2.848h12a2.85 2.85 0 0 0 2.847-2.848V2.847a2.851 2.851 0 0 0-2.847-2.848ZM16 10.673a1.155 1.155 0 0 1-1.152 1.153h-12a1.155 1.155 0 0 1-1.153-1.153V2.847a1.154 1.154 0 0 1 1.153-1.152h12A1.154 1.154 0 0 1 16 2.847ZM12.674 14.609H4.326a.848.848 0 0 0 0 1.695h8.348a.848.848 0 0 0 0-1.695Z\"\/><\/svg> \t<\/div>\n\t<div class=\"qodef-m-content\">\n\t\t\t<p class=\"qodef-m-title\" style=\"margin-top: -3px\">\n\t\t\t\t\t<a itemprop=\"url\" href=\"tel:+36205555200\" target=\"_blank\">\n\t\t\t\t\t<span class=\"qodef-m-title-text\">+36 (20) 55 55 200, +36 (1) 41 41 034<\/span>\n\t\t\t\t\t<\/a>\n\t\t\t<\/p>\n\t\t\t<\/div>\n<\/div>\n\t\t\t\t<\/div>\n\t\t\t\t<\/div>\n\t\t\t\t<div class=\"elementor-element elementor-element-74b2430 elementor-widget elementor-widget-highrev_core_icon_with_text\" data-id=\"74b2430\" data-element_type=\"widget\" data-e-type=\"widget\" data-widget_type=\"highrev_core_icon_with_text.default\">\n\t\t\t\t<div class=\"elementor-widget-container\">\n\t\t\t\t\t<div class=\"qodef-shortcode qodef-m  qodef-icon-with-text qodef-layout--before-content qodef--custom-svg \">\n\t<div class=\"qodef-m-icon-wrapper\" >\n\t\t    <svg xmlns=\"http:\/\/www.w3.org\/2000\/svg\" width=\"18\" height=\"17.372\"><g transform=\"translate(-414.752 -1430.868)\"><path d=\"M431.953 1439.853c-.545-2.129-1.98-4.333-4.375-4.113a8.245 8.245 0 0 0-2.449.631 3.261 3.261 0 0 1-3.059 0 10.446 10.446 0 0 0-1.328-.437 1.932 1.932 0 0 1 1.814-1.285h2.782a3.714 3.714 0 0 0 3.606-2.729.848.848 0 1 0-1.646-.41 2.028 2.028 0 0 1-1.96 1.444h-2.782a3.63 3.63 0 0 0-3.527 2.805c-2.039.166-3.286 2.149-3.783 4.094-.567 2.213-.767 5.191.063 6.85a2.5 2.5 0 0 0 2 1.53 2.768 2.768 0 0 0 2.4-1.326 4.56 4.56 0 0 1 7.783 0 2.808 2.808 0 0 0 2.225 1.333c.057 0 .115 0 .173-.007a2.5 2.5 0 0 0 2-1.53c.829-1.658.63-4.636.063-6.85Zm-1.58 6.092c-.182.363-.408.58-.621.6-.258.04-.591-.219-.885-.627a6.1 6.1 0 0 0-5.242-2.888h-.051a6.094 6.094 0 0 0-5.242 2.888c-.294.408-.617.666-.886.627-.213-.017-.439-.234-.62-.6-.524-1.048-.5-3.486.063-5.673.078-.307.8-3.035 2.581-2.842a6.524 6.524 0 0 1 1.979.52 4.9 4.9 0 0 0 4.3 0 6.524 6.524 0 0 1 1.979-.52c1.758-.2 2.5 2.535 2.581 2.842.56 2.188.591 4.628.064 5.673Z\"\/><path d=\"M421.165 1439.911h-.543v-.544a.849.849 0 0 0-1.7 0v.544h-.543a.847.847 0 1 0 0 1.695h.543v.543a.849.849 0 0 0 1.7 0v-.543h.543a.847.847 0 1 0 0-1.695ZM427.425 1440.215a.848.848 0 1 0-.848-.848.847.847 0 0 0 .848.848Z\"\/><circle cx=\".848\" cy=\".848\" r=\".848\" transform=\"translate(426.577 1441.302)\"\/><path d=\"M428.817 1439.91a.849.849 0 1 0 .848.849.848.848 0 0 0-.848-.849Z\"\/><circle cx=\".848\" cy=\".848\" r=\".848\" transform=\"translate(425.186 1439.91)\"\/><\/g><\/svg> \t<\/div>\n\t<div class=\"qodef-m-content\">\n\t\t\t<p class=\"qodef-m-title\" style=\"margin-top: -2px\">\n\t\t\t\t\t<a itemprop=\"url\" href=\"mailto:magnum@magnum90.hu\" target=\"_blank\">\n\t\t\t\t\t<span class=\"qodef-m-title-text\">magnum@magnum90.hu<\/span>\n\t\t\t\t\t<\/a>\n\t\t\t<\/p>\n\t\t\t<\/div>\n<\/div>\n\t\t\t\t<\/div>\n\t\t\t\t<\/div>\n\t\t\t\t<div class=\"elementor-element elementor-element-dc051a5 elementor-widget elementor-widget-highrev_core_icon_with_text\" data-id=\"dc051a5\" data-element_type=\"widget\" data-e-type=\"widget\" data-widget_type=\"highrev_core_icon_with_text.default\">\n\t\t\t\t<div class=\"elementor-widget-container\">\n\t\t\t\t\t<div class=\"qodef-shortcode qodef-m  qodef-icon-with-text qodef-layout--before-content qodef--custom-svg \">\n\t<div class=\"qodef-m-icon-wrapper\" >\n\t\t    <svg xmlns=\"http:\/\/www.w3.org\/2000\/svg\" width=\"13.522\" height=\"19.695\"><path d=\"M13.522 8.805a2.241 2.241 0 0 0-1.391-2.071V5.326a2.243 2.243 0 0 0-2.147-2.237c-.235-.053-.27-.138-.293-.307l-.176-1.5a.8.8 0 0 0-.042-.18 1.79 1.79 0 0 0-1.744-1.1H4.396a1.787 1.787 0 0 0-1.741 1.1.891.891 0 0 0-.036.144l-.286 1.8a.122.122 0 0 1-.1.05A2.241 2.241 0 0 0-.006 5.334v9.044a2.241 2.241 0 0 0 2.239 2.238h.287a.846.846 0 0 0-.041.66l.143.4c.248.708.709 2.025 1.736 2.025h3.4c1.028 0 1.489-1.317 1.759-2.089l.122-.343a.839.839 0 0 0-.038-.655h.282a2.24 2.24 0 0 0 2.24-2.238v-3.495a2.24 2.24 0 0 0 1.399-2.076ZM4.264 1.716a.424.424 0 0 1 .135-.021h3.33c.056 0 .1.009.127.009l.151 1.288c0 .035.021.062.027.1H4.046ZM8.05 16.694l-.148.415a5 5 0 0 1-.38.891H4.609a5.548 5.548 0 0 1-.406-.963l-.12-.338a1.039 1.039 0 0 0-.055-.091h4.068a.743.743 0 0 0-.046.087Zm2.385-2.324a.544.544 0 0 1-.544.543H2.239a.544.544 0 0 1-.543-.543V5.326a.544.544 0 0 1 .543-.543h7.457c.02 0 .038-.01.058-.011a.9.9 0 0 0 .137.011.544.544 0 0 1 .544.543v9.044Z\"\/><\/svg>\t<\/div>\n\t<div class=\"qodef-m-content\">\n\t\t\t<p class=\"qodef-m-title\" style=\"margin-top: -2px\">\n\t\t\t\t\t<a itemprop=\"url\" href=\"https:\/\/maps.app.goo.gl\/sQHNBCd2WhQzMfWe9\" target=\"_blank\">\n\t\t\t\t\t<span class=\"qodef-m-title-text\">2151 F\u00f3t, Feh\u00e9rk\u0151 u. 6.<\/span>\n\t\t\t\t\t<\/a>\n\t\t\t<\/p>\n\t\t\t<\/div>\n<\/div>\n\t\t\t\t<\/div>\n\t\t\t\t<\/div>\n\t\t\t\t<div class=\"elementor-element elementor-element-6d9b00f elementor-widget elementor-widget-highrev_core_icon_with_text\" data-id=\"6d9b00f\" data-element_type=\"widget\" data-e-type=\"widget\" data-widget_type=\"highrev_core_icon_with_text.default\">\n\t\t\t\t<div class=\"elementor-widget-container\">\n\t\t\t\t\t<div class=\"qodef-shortcode qodef-m  qodef-icon-with-text qodef-layout--before-content qodef--custom-svg \">\n\t<div class=\"qodef-m-icon-wrapper\" >\n\t\t    <svg xmlns=\"http:\/\/www.w3.org\/2000\/svg\" width=\"18\" height=\"16.304\"><path d=\"M16.305 9.05V7.456a7.457 7.457 0 0 0-14.913 0v1.593A3.442 3.442 0 0 0 0 11.804v1.044a3.46 3.46 0 0 0 3.457 3.456 1.718 1.718 0 0 0 1.717-1.717v-4.522a1.719 1.719 0 0 0-1.717-1.717 3.446 3.446 0 0 0-.37.037v-.929a5.761 5.761 0 1 1 11.522 0v.929a3.444 3.444 0 0 0-.37-.037 1.718 1.718 0 0 0-1.716 1.717v4.522a1.717 1.717 0 0 0 1.716 1.717 3.459 3.459 0 0 0 3.456-3.456v-1.049a3.441 3.441 0 0 0-1.39-2.749ZM3.479 10.065v4.522a.022.022 0 0 1-.022.022 1.764 1.764 0 0 1-1.762-1.761v-1.049A1.736 1.736 0 0 1 3.44 10.06ZM16 12.848a1.763 1.763 0 0 1-1.761 1.761l-.021-.022.021-4.544A1.763 1.763 0 0 1 16 11.804Z\"\/><\/svg> \t<\/div>\n\t<div class=\"qodef-m-content\">\n\t\t\t\t\t<p class=\"qodef-m-text\" style=\"margin-top: -4px\">h\u00e9tf\u0151 - cs\u00fct\u00f6rt\u00f6k: 8.00 - 16.00\np\u00e9ntek: 8.00 - 15.00. &nbsp;&nbsp;&nbsp;&nbsp;&nbsp;&nbsp;&nbsp;&nbsp;&nbsp;&nbsp;&nbsp;&nbsp;&nbsp;&nbsp;&nbsp;&nbsp;&nbsp;&nbsp;&nbsp;&nbsp;&nbsp;&nbsp;&nbsp;\nszombat \u00e9s vas\u00e1rnap: z\u00e1rva<\/p>\n\t<\/div>\n<\/div>\n\t\t\t\t<\/div>\n\t\t\t\t<\/div>\n\t\t\t\t<div class=\"elementor-element elementor-element-8174a8e elementor-widget elementor-widget-highrev_core_icon_list_item\" data-id=\"8174a8e\" data-element_type=\"widget\" data-e-type=\"widget\" data-widget_type=\"highrev_core_icon_list_item.default\">\n\t\t\t\t<div class=\"elementor-widget-container\">\n\t\t\t\t\t<div class=\"qodef-icon-list-item qodef-icon--icon-pack\" >\n\t<p class=\"qodef-e-title\" >\n\t\t\t\t\t<span class=\"qodef-e-title-inner\">\n\t\t\t\t\t\t\t\t<span class=\"qodef-e-title-text\"><\/span>\n\t\t\t<\/span>\n\t\t\t<\/p>\n<\/div>\n\t\t\t\t<\/div>\n\t\t\t\t<\/div>\n\t\t\t\t<\/div>\n\t\t<div class=\"elementor-element elementor-element-08af493 e-con-full e-flex e-con e-child\" data-id=\"08af493\" data-element_type=\"container\" data-e-type=\"container\">\n\t\t\t\t<div class=\"elementor-element elementor-element-c01fd13 elementor-widget elementor-widget-wp-widget-highrev_core_contact_form_7\" data-id=\"c01fd13\" data-element_type=\"widget\" data-e-type=\"widget\" data-widget_type=\"wp-widget-highrev_core_contact_form_7.default\">\n\t\t\t\t<div class=\"elementor-widget-container\">\n\t\t\t\t\t\t\t\t<div class=\"qodef-contact-form-7\">\n\t\t\t\t\n<div class=\"wpcf7 no-js\" id=\"wpcf7-f769-o1\" lang=\"en-US\" dir=\"ltr\" data-wpcf7-id=\"769\">\n<div class=\"screen-reader-response\"><p role=\"status\" aria-live=\"polite\" aria-atomic=\"true\"><\/p> <ul><\/ul><\/div>\n<form action=\"\/en\/wp-json\/wp\/v2\/pages\/838#wpcf7-f769-o1\" method=\"post\" class=\"wpcf7-form init\" aria-label=\"Contact form\" novalidate=\"novalidate\" data-status=\"init\">\n<fieldset class=\"hidden-fields-container\"><input type=\"hidden\" name=\"_wpcf7\" value=\"769\" \/><input type=\"hidden\" name=\"_wpcf7_version\" value=\"6.1.5\" \/><input type=\"hidden\" name=\"_wpcf7_locale\" value=\"en_US\" \/><input type=\"hidden\" name=\"_wpcf7_unit_tag\" value=\"wpcf7-f769-o1\" \/><input type=\"hidden\" name=\"_wpcf7_container_post\" value=\"0\" \/><input type=\"hidden\" name=\"_wpcf7_posted_data_hash\" value=\"\" \/>\n<\/fieldset>\n<div class=\"qodef-standard-form\"><div class=\"qodef-input-holder\"><span class=\"wpcf7-form-control-wrap\" data-name=\"your-message\"><textarea cols=\"40\" rows=\"5\" maxlength=\"2000\" class=\"wpcf7-form-control wpcf7-textarea\" aria-invalid=\"false\" placeholder=\"Message\" name=\"your-message\"><\/textarea><\/span><\/div><div class=\"qodef-input-holder\"><span class=\"wpcf7-form-control-wrap\" data-name=\"your-name\"><input size=\"40\" maxlength=\"400\" class=\"wpcf7-form-control wpcf7-text wpcf7-validates-as-required\" aria-required=\"true\" aria-invalid=\"false\" placeholder=\"Your name\" value=\"\" type=\"text\" name=\"your-name\" \/><\/span><\/div><div class=\"qodef-input-holder\"><span class=\"wpcf7-form-control-wrap\" data-name=\"your-email\"><input size=\"40\" maxlength=\"400\" class=\"wpcf7-form-control wpcf7-email wpcf7-validates-as-required wpcf7-text wpcf7-validates-as-email\" aria-required=\"true\" aria-invalid=\"false\" placeholder=\"Your eMail\" value=\"\" type=\"email\" name=\"your-email\" \/><\/span><\/div><button class=\"wpcf7-form-control wpcf7-submit qodef-button qodef-size--normal qodef-layout--filled qodef-m\" type=\"submit\"><span class=\"qodef-m-text\">Submit<\/span><\/button><\/div><div class=\"wpcf7-response-output\" aria-hidden=\"true\"><\/div>\n<\/form>\n<\/div>\n\t\t\t<\/div>\n\t\t\t\t\t\t\t<\/div>\n\t\t\t\t<\/div>\n\t\t\t\t<\/div>\n\t\t\t\t<\/div>\n\t\t<div class=\"elementor-element elementor-element-ea16b85 e-flex e-con-boxed e-con e-parent\" data-id=\"ea16b85\" data-element_type=\"container\" data-e-type=\"container\">\n\t\t\t\t\t<div class=\"e-con-inner\">\n\t\t\t\t\t<\/div>\n\t\t\t\t<\/div>\n\t\t\t\t<\/div>\n\t\t","protected":false},"excerpt":{"rendered":"<p>L\u00e9pjen kapcsolatba vel\u00fcnk Budapest, M0 aut\u00f3p\u00e1lya, 70-es kij\u00e1rat (M3 aut\u00f3p\u00e1ly\u00e1n\u00e1l) F\u00f3t-Bev\u00e1s\u00e1rl\u00f3k\u00f6zpont fel\u00e9 B\u00f6vebb inform\u00e1ci\u00f3\u00e9rt forduljon koll\u00e9g\u00e1nkhoz a +36 (20) 55 55 200 mobil sz\u00e1mon. +36 (20) 55 55 200, +36 (1) 41 41 034 magnum@magnum90.hu 2151 F\u00f3t, Feh\u00e9rk\u0151 u. 6. h\u00e9tf\u0151 &#8211; cs\u00fct\u00f6rt\u00f6k: 8.00 &#8211; 16.00 p\u00e9ntek: 8.00 &#8211; 15.00. &nbsp;&nbsp;&nbsp;&nbsp;&nbsp;&nbsp;&nbsp;&nbsp;&nbsp;&nbsp;&nbsp;&nbsp;&nbsp;&nbsp;&nbsp;&nbsp;&nbsp;&nbsp;&nbsp;&nbsp;&nbsp;&nbsp;&nbsp; szombat \u00e9s vas\u00e1rnap: z\u00e1rva<\/p>","protected":false},"author":1,"featured_media":0,"parent":0,"menu_order":0,"comment_status":"closed","ping_status":"closed","template":"page-full-width.php","meta":{"footnotes":""},"class_list":["post-838","page","type-page","status-publish","hentry"],"_links":{"self":[{"href":"https:\/\/mmarine.cloudsystems.hu\/en\/wp-json\/wp\/v2\/pages\/838","targetHints":{"allow":["GET"]}}],"collection":[{"href":"https:\/\/mmarine.cloudsystems.hu\/en\/wp-json\/wp\/v2\/pages"}],"about":[{"href":"https:\/\/mmarine.cloudsystems.hu\/en\/wp-json\/wp\/v2\/types\/page"}],"author":[{"embeddable":true,"href":"https:\/\/mmarine.cloudsystems.hu\/en\/wp-json\/wp\/v2\/users\/1"}],"replies":[{"embeddable":true,"href":"https:\/\/mmarine.cloudsystems.hu\/en\/wp-json\/wp\/v2\/comments?post=838"}],"version-history":[{"count":7,"href":"https:\/\/mmarine.cloudsystems.hu\/en\/wp-json\/wp\/v2\/pages\/838\/revisions"}],"predecessor-version":[{"id":5144,"href":"https:\/\/mmarine.cloudsystems.hu\/en\/wp-json\/wp\/v2\/pages\/838\/revisions\/5144"}],"wp:attachment":[{"href":"https:\/\/mmarine.cloudsystems.hu\/en\/wp-json\/wp\/v2\/media?parent=838"}],"curies":[{"name":"wp","href":"https:\/\/api.w.org\/{rel}","templated":true}]}}