{"id":4559,"date":"2025-08-19T18:34:06","date_gmt":"2025-08-19T16:34:06","guid":{"rendered":"https:\/\/mmarine.cloudsystems.hu\/product\/optimax-125-xl\/"},"modified":"2025-08-19T18:34:06","modified_gmt":"2025-08-19T16:34:06","slug":"optimax-125-xl","status":"publish","type":"product","link":"https:\/\/mmarine.cloudsystems.hu\/en\/product\/optimax-125-xl\/","title":{"rendered":"OptiMax 125 XL"},"content":{"rendered":"<p>125LE, Elektromos ind\u00edt\u00e1s\u00fa, extra-hossz\u00fa csizma 25&quot; (635 mm).<\/p>","protected":false},"excerpt":{"rendered":"<p>125LE, Elektromos ind\u00edt\u00e1s\u00fa, extra-hossz\u00fa csizma 25&quot; (635 mm).<\/p>","protected":false},"featured_media":4558,"template":"","meta":[],"product_cat":[140],"product_tag":[],"class_list":{"0":"post-4559","1":"product","2":"type-product","3":"status-publish","4":"has-post-thumbnail","6":"product_cat-kulmotorok","8":"first","9":"instock","10":"shipping-taxable","11":"purchasable","12":"product-type-simple"},"_links":{"self":[{"href":"https:\/\/mmarine.cloudsystems.hu\/en\/wp-json\/wp\/v2\/product\/4559","targetHints":{"allow":["GET"]}}],"collection":[{"href":"https:\/\/mmarine.cloudsystems.hu\/en\/wp-json\/wp\/v2\/product"}],"about":[{"href":"https:\/\/mmarine.cloudsystems.hu\/en\/wp-json\/wp\/v2\/types\/product"}],"wp:featuredmedia":[{"embeddable":true,"href":"https:\/\/mmarine.cloudsystems.hu\/en\/wp-json\/wp\/v2\/media\/4558"}],"wp:attachment":[{"href":"https:\/\/mmarine.cloudsystems.hu\/en\/wp-json\/wp\/v2\/media?parent=4559"}],"wp:term":[{"taxonomy":"product_cat","embeddable":true,"href":"https:\/\/mmarine.cloudsystems.hu\/en\/wp-json\/wp\/v2\/product_cat?post=4559"},{"taxonomy":"product_tag","embeddable":true,"href":"https:\/\/mmarine.cloudsystems.hu\/en\/wp-json\/wp\/v2\/product_tag?post=4559"}],"curies":[{"name":"wp","href":"https:\/\/api.w.org\/{rel}","templated":true}]}}