{"id":4561,"date":"2025-08-19T18:34:06","date_gmt":"2025-08-19T16:34:06","guid":{"rendered":"https:\/\/mmarine.cloudsystems.hu\/product\/verado-f200l\/"},"modified":"2025-08-19T18:34:06","modified_gmt":"2025-08-19T16:34:06","slug":"verado-f200l","status":"publish","type":"product","link":"https:\/\/mmarine.cloudsystems.hu\/en\/product\/verado-f200l\/","title":{"rendered":"Verado F200L"},"content":{"rendered":"<p>200LE, elektromos ind\u00edt\u00e1s\u00fa, hossz\u00fa csizma 20&quot; (508 mm).<\/p>","protected":false},"excerpt":{"rendered":"<p>200LE, elektromos ind\u00edt\u00e1s\u00fa, hossz\u00fa csizma 20&quot; (508 mm).<\/p>","protected":false},"featured_media":4560,"template":"","meta":[],"product_cat":[140],"product_tag":[],"class_list":{"0":"post-4561","1":"product","2":"type-product","3":"status-publish","4":"has-post-thumbnail","6":"product_cat-kulmotorok","8":"first","9":"instock","10":"shipping-taxable","11":"purchasable","12":"product-type-simple"},"_links":{"self":[{"href":"https:\/\/mmarine.cloudsystems.hu\/en\/wp-json\/wp\/v2\/product\/4561","targetHints":{"allow":["GET"]}}],"collection":[{"href":"https:\/\/mmarine.cloudsystems.hu\/en\/wp-json\/wp\/v2\/product"}],"about":[{"href":"https:\/\/mmarine.cloudsystems.hu\/en\/wp-json\/wp\/v2\/types\/product"}],"wp:featuredmedia":[{"embeddable":true,"href":"https:\/\/mmarine.cloudsystems.hu\/en\/wp-json\/wp\/v2\/media\/4560"}],"wp:attachment":[{"href":"https:\/\/mmarine.cloudsystems.hu\/en\/wp-json\/wp\/v2\/media?parent=4561"}],"wp:term":[{"taxonomy":"product_cat","embeddable":true,"href":"https:\/\/mmarine.cloudsystems.hu\/en\/wp-json\/wp\/v2\/product_cat?post=4561"},{"taxonomy":"product_tag","embeddable":true,"href":"https:\/\/mmarine.cloudsystems.hu\/en\/wp-json\/wp\/v2\/product_tag?post=4561"}],"curies":[{"name":"wp","href":"https:\/\/api.w.org\/{rel}","templated":true}]}}