{"id":4627,"date":"2025-08-19T18:34:15","date_gmt":"2025-08-19T16:34:15","guid":{"rendered":"https:\/\/mmarine.cloudsystems.hu\/product\/f25ml-efi\/"},"modified":"2025-08-19T18:34:15","modified_gmt":"2025-08-19T16:34:15","slug":"f25ml-efi","status":"publish","type":"product","link":"https:\/\/mmarine.cloudsystems.hu\/en\/product\/f25ml-efi\/","title":{"rendered":"F25ML EFI"},"content":{"rendered":"<p>25LE, manu\u00e1lias ind\u00edt\u00e1s\u00fa, hossz\u00fa csizma 20&quot; (508 mm), elektromos \u00fczemanyag befecskendez\u00e9s. K\u00fcltank a motor tartoz\u00e9ka. Az \u00e1r tartalmazza.<\/p>","protected":false},"excerpt":{"rendered":"<p>25LE, manu\u00e1lias ind\u00edt\u00e1s\u00fa, hossz\u00fa csizma 20&quot; (508 mm), elektromos \u00fczemanyag befecskendez\u00e9s. K\u00fcltank a motor tartoz\u00e9ka. Az \u00e1r tartalmazza.<\/p>","protected":false},"featured_media":4626,"template":"","meta":[],"product_cat":[140],"product_tag":[],"class_list":{"0":"post-4627","1":"product","2":"type-product","3":"status-publish","4":"has-post-thumbnail","6":"product_cat-kulmotorok","8":"first","9":"instock","10":"shipping-taxable","11":"purchasable","12":"product-type-simple"},"_links":{"self":[{"href":"https:\/\/mmarine.cloudsystems.hu\/en\/wp-json\/wp\/v2\/product\/4627","targetHints":{"allow":["GET"]}}],"collection":[{"href":"https:\/\/mmarine.cloudsystems.hu\/en\/wp-json\/wp\/v2\/product"}],"about":[{"href":"https:\/\/mmarine.cloudsystems.hu\/en\/wp-json\/wp\/v2\/types\/product"}],"wp:featuredmedia":[{"embeddable":true,"href":"https:\/\/mmarine.cloudsystems.hu\/en\/wp-json\/wp\/v2\/media\/4626"}],"wp:attachment":[{"href":"https:\/\/mmarine.cloudsystems.hu\/en\/wp-json\/wp\/v2\/media?parent=4627"}],"wp:term":[{"taxonomy":"product_cat","embeddable":true,"href":"https:\/\/mmarine.cloudsystems.hu\/en\/wp-json\/wp\/v2\/product_cat?post=4627"},{"taxonomy":"product_tag","embeddable":true,"href":"https:\/\/mmarine.cloudsystems.hu\/en\/wp-json\/wp\/v2\/product_tag?post=4627"}],"curies":[{"name":"wp","href":"https:\/\/api.w.org\/{rel}","templated":true}]}}