{"id":4642,"date":"2025-08-19T18:34:19","date_gmt":"2025-08-19T16:34:19","guid":{"rendered":"https:\/\/mmarine.cloudsystems.hu\/product\/f100xl-efi\/"},"modified":"2025-08-19T18:34:19","modified_gmt":"2025-08-19T16:34:19","slug":"f100xl-efi","status":"publish","type":"product","link":"https:\/\/mmarine.cloudsystems.hu\/en\/product\/f100xl-efi\/","title":{"rendered":"F100XL EFI"},"content":{"rendered":"<p>100LE, elektromos ind\u00edt\u00e1s\u00fa, extra hossz\u00fa csizma 25&quot;(635 mm), elektronikus \u00fczemanyag befecskendez\u00e9s.<\/p>","protected":false},"excerpt":{"rendered":"<p>100LE, elektromos ind\u00edt\u00e1s\u00fa, extra hossz\u00fa csizma 25&quot;(635 mm), elektronikus \u00fczemanyag befecskendez\u00e9s.<\/p>","protected":false},"featured_media":4641,"template":"","meta":[],"product_cat":[140],"product_tag":[],"class_list":{"0":"post-4642","1":"product","2":"type-product","3":"status-publish","4":"has-post-thumbnail","6":"product_cat-kulmotorok","8":"first","9":"instock","10":"shipping-taxable","11":"purchasable","12":"product-type-simple"},"_links":{"self":[{"href":"https:\/\/mmarine.cloudsystems.hu\/en\/wp-json\/wp\/v2\/product\/4642","targetHints":{"allow":["GET"]}}],"collection":[{"href":"https:\/\/mmarine.cloudsystems.hu\/en\/wp-json\/wp\/v2\/product"}],"about":[{"href":"https:\/\/mmarine.cloudsystems.hu\/en\/wp-json\/wp\/v2\/types\/product"}],"wp:featuredmedia":[{"embeddable":true,"href":"https:\/\/mmarine.cloudsystems.hu\/en\/wp-json\/wp\/v2\/media\/4641"}],"wp:attachment":[{"href":"https:\/\/mmarine.cloudsystems.hu\/en\/wp-json\/wp\/v2\/media?parent=4642"}],"wp:term":[{"taxonomy":"product_cat","embeddable":true,"href":"https:\/\/mmarine.cloudsystems.hu\/en\/wp-json\/wp\/v2\/product_cat?post=4642"},{"taxonomy":"product_tag","embeddable":true,"href":"https:\/\/mmarine.cloudsystems.hu\/en\/wp-json\/wp\/v2\/product_tag?post=4642"}],"curies":[{"name":"wp","href":"https:\/\/api.w.org\/{rel}","templated":true}]}}