{"id":4648,"date":"2025-08-19T18:34:29","date_gmt":"2025-08-19T16:34:29","guid":{"rendered":"https:\/\/mmarine.cloudsystems.hu\/product\/optimax-proxs-150l\/"},"modified":"2025-08-19T18:34:29","modified_gmt":"2025-08-19T16:34:29","slug":"optimax-proxs-150l","status":"publish","type":"product","link":"https:\/\/mmarine.cloudsystems.hu\/en\/product\/optimax-proxs-150l\/","title":{"rendered":"OptiMax ProXS 150L"},"content":{"rendered":"<p>150LE, elektromos ind\u00edt\u00e1s\u00fa, hossz\u00fa csizma 20&quot; (508 mm).<\/p>","protected":false},"excerpt":{"rendered":"<p>150LE, elektromos ind\u00edt\u00e1s\u00fa, hossz\u00fa csizma 20&quot; (508 mm).<\/p>","protected":false},"featured_media":0,"template":"","meta":[],"product_cat":[140],"product_tag":[],"class_list":{"0":"post-4648","1":"product","2":"type-product","3":"status-publish","5":"product_cat-kulmotorok","7":"first","8":"instock","9":"shipping-taxable","10":"purchasable","11":"product-type-simple"},"_links":{"self":[{"href":"https:\/\/mmarine.cloudsystems.hu\/en\/wp-json\/wp\/v2\/product\/4648","targetHints":{"allow":["GET"]}}],"collection":[{"href":"https:\/\/mmarine.cloudsystems.hu\/en\/wp-json\/wp\/v2\/product"}],"about":[{"href":"https:\/\/mmarine.cloudsystems.hu\/en\/wp-json\/wp\/v2\/types\/product"}],"wp:attachment":[{"href":"https:\/\/mmarine.cloudsystems.hu\/en\/wp-json\/wp\/v2\/media?parent=4648"}],"wp:term":[{"taxonomy":"product_cat","embeddable":true,"href":"https:\/\/mmarine.cloudsystems.hu\/en\/wp-json\/wp\/v2\/product_cat?post=4648"},{"taxonomy":"product_tag","embeddable":true,"href":"https:\/\/mmarine.cloudsystems.hu\/en\/wp-json\/wp\/v2\/product_tag?post=4648"}],"curies":[{"name":"wp","href":"https:\/\/api.w.org\/{rel}","templated":true}]}}