{"id":4657,"date":"2025-08-19T18:34:29","date_gmt":"2025-08-19T16:34:29","guid":{"rendered":"https:\/\/mmarine.cloudsystems.hu\/product\/optimax-250cxl\/"},"modified":"2025-08-19T18:34:29","modified_gmt":"2025-08-19T16:34:29","slug":"optimax-250cxl","status":"publish","type":"product","link":"https:\/\/mmarine.cloudsystems.hu\/en\/product\/optimax-250cxl\/","title":{"rendered":"OptiMax 250CXL"},"content":{"rendered":"<p>250LE, elektromos ind\u00edt\u00e1s\u00fa, ellent\u00e9tes forgat\u00e1s, extra hossz\u00fa csizma 25&quot; (635 mm).<\/p>","protected":false},"excerpt":{"rendered":"<p>250LE, elektromos ind\u00edt\u00e1s\u00fa, ellent\u00e9tes forgat\u00e1s, extra hossz\u00fa csizma 25&quot; (635 mm).<\/p>","protected":false},"featured_media":0,"template":"","meta":[],"product_cat":[140],"product_tag":[],"class_list":{"0":"post-4657","1":"product","2":"type-product","3":"status-publish","5":"product_cat-kulmotorok","7":"first","8":"instock","9":"shipping-taxable","10":"purchasable","11":"product-type-simple"},"_links":{"self":[{"href":"https:\/\/mmarine.cloudsystems.hu\/en\/wp-json\/wp\/v2\/product\/4657","targetHints":{"allow":["GET"]}}],"collection":[{"href":"https:\/\/mmarine.cloudsystems.hu\/en\/wp-json\/wp\/v2\/product"}],"about":[{"href":"https:\/\/mmarine.cloudsystems.hu\/en\/wp-json\/wp\/v2\/types\/product"}],"wp:attachment":[{"href":"https:\/\/mmarine.cloudsystems.hu\/en\/wp-json\/wp\/v2\/media?parent=4657"}],"wp:term":[{"taxonomy":"product_cat","embeddable":true,"href":"https:\/\/mmarine.cloudsystems.hu\/en\/wp-json\/wp\/v2\/product_cat?post=4657"},{"taxonomy":"product_tag","embeddable":true,"href":"https:\/\/mmarine.cloudsystems.hu\/en\/wp-json\/wp\/v2\/product_tag?post=4657"}],"curies":[{"name":"wp","href":"https:\/\/api.w.org\/{rel}","templated":true}]}}