{"id":4662,"date":"2025-08-19T18:34:29","date_gmt":"2025-08-19T16:34:29","guid":{"rendered":"https:\/\/mmarine.cloudsystems.hu\/product\/varimax-v40-30\/"},"modified":"2025-08-19T18:34:29","modified_gmt":"2025-08-19T16:34:29","slug":"varimax-v40-30","status":"publish","type":"product","link":"https:\/\/mmarine.cloudsystems.hu\/en\/product\/varimax-v40-30\/","title":{"rendered":"VariMAX V40 30&quot;"},"content":{"rendered":"<p>Meghosszabb\u00edthat\u00f3 hossz\u00fas\u00e1g, tol\u00f3er\u0151 18,2 kg\/40lb, 12 Volt, fokozatmentes, 3-level\u0171 propeller, alum\u00ednium sz\u00e1rhossz 76 cm, motor s\u00falya 8 kg.<\/p>","protected":false},"excerpt":{"rendered":"<p>Meghosszabb\u00edthat\u00f3 hossz\u00fas\u00e1g, tol\u00f3er\u0151 18,2 kg\/40lb, 12 Volt, fokozatmentes, 3-level\u0171 propeller, alum\u00ednium sz\u00e1rhossz 76 cm, motor s\u00falya 8 kg.<\/p>","protected":false},"featured_media":0,"template":"","meta":[],"product_cat":[141],"product_tag":[],"class_list":{"0":"post-4662","1":"product","2":"type-product","3":"status-publish","5":"product_cat-elektromos-motorok","7":"first","8":"instock","9":"shipping-taxable","10":"purchasable","11":"product-type-simple"},"_links":{"self":[{"href":"https:\/\/mmarine.cloudsystems.hu\/en\/wp-json\/wp\/v2\/product\/4662","targetHints":{"allow":["GET"]}}],"collection":[{"href":"https:\/\/mmarine.cloudsystems.hu\/en\/wp-json\/wp\/v2\/product"}],"about":[{"href":"https:\/\/mmarine.cloudsystems.hu\/en\/wp-json\/wp\/v2\/types\/product"}],"wp:attachment":[{"href":"https:\/\/mmarine.cloudsystems.hu\/en\/wp-json\/wp\/v2\/media?parent=4662"}],"wp:term":[{"taxonomy":"product_cat","embeddable":true,"href":"https:\/\/mmarine.cloudsystems.hu\/en\/wp-json\/wp\/v2\/product_cat?post=4662"},{"taxonomy":"product_tag","embeddable":true,"href":"https:\/\/mmarine.cloudsystems.hu\/en\/wp-json\/wp\/v2\/product_tag?post=4662"}],"curies":[{"name":"wp","href":"https:\/\/api.w.org\/{rel}","templated":true}]}}