{"id":4672,"date":"2025-08-19T18:34:30","date_gmt":"2025-08-19T16:34:30","guid":{"rendered":"https:\/\/mmarine.cloudsystems.hu\/product\/bulldog-40-30\/"},"modified":"2025-08-19T18:34:30","modified_gmt":"2025-08-19T16:34:30","slug":"bulldog-40-30","status":"publish","type":"product","link":"https:\/\/mmarine.cloudsystems.hu\/en\/product\/bulldog-40-30\/","title":{"rendered":"Bulldog 40 30&quot;"},"content":{"rendered":"<p>L\u00e1bped\u00e1los vez\u00e9rl\u00e9s, tol\u00f3er\u0151 18,2 kg\/40lb, 12 Volt, fokozatmentes, 3-level\u0171 propeller, alum\u00ednium sz\u00e1rhossz 76 cm, motor s\u00falya 14,8 kg.<\/p>","protected":false},"excerpt":{"rendered":"<p>L\u00e1bped\u00e1los vez\u00e9rl\u00e9s, tol\u00f3er\u0151 18,2 kg\/40lb, 12 Volt, fokozatmentes, 3-level\u0171 propeller, alum\u00ednium sz\u00e1rhossz 76 cm, motor s\u00falya 14,8 kg.<\/p>","protected":false},"featured_media":0,"template":"","meta":[],"product_cat":[141],"product_tag":[],"class_list":{"0":"post-4672","1":"product","2":"type-product","3":"status-publish","5":"product_cat-elektromos-motorok","7":"first","8":"instock","9":"shipping-taxable","10":"purchasable","11":"product-type-simple"},"_links":{"self":[{"href":"https:\/\/mmarine.cloudsystems.hu\/en\/wp-json\/wp\/v2\/product\/4672","targetHints":{"allow":["GET"]}}],"collection":[{"href":"https:\/\/mmarine.cloudsystems.hu\/en\/wp-json\/wp\/v2\/product"}],"about":[{"href":"https:\/\/mmarine.cloudsystems.hu\/en\/wp-json\/wp\/v2\/types\/product"}],"wp:attachment":[{"href":"https:\/\/mmarine.cloudsystems.hu\/en\/wp-json\/wp\/v2\/media?parent=4672"}],"wp:term":[{"taxonomy":"product_cat","embeddable":true,"href":"https:\/\/mmarine.cloudsystems.hu\/en\/wp-json\/wp\/v2\/product_cat?post=4672"},{"taxonomy":"product_tag","embeddable":true,"href":"https:\/\/mmarine.cloudsystems.hu\/en\/wp-json\/wp\/v2\/product_tag?post=4672"}],"curies":[{"name":"wp","href":"https:\/\/api.w.org\/{rel}","templated":true}]}}