{"id":4680,"date":"2025-08-19T18:34:31","date_gmt":"2025-08-19T16:34:31","guid":{"rendered":"https:\/\/mmarine.cloudsystems.hu\/product\/250cr-diesel\/"},"modified":"2025-08-19T18:34:31","modified_gmt":"2025-08-19T16:34:31","slug":"250cr-diesel","status":"publish","type":"product","link":"https:\/\/mmarine.cloudsystems.hu\/en\/product\/250cr-diesel\/","title":{"rendered":"250CR Diesel"},"content":{"rendered":"<p>D&Iacute;ZEL motoros cruiser, mind&ouml;ssze 144 &uuml;zem&oacute;ra. &lt;br \/&gt;<br \/>\n&Eacute;vj&aacute;rat: 2005.&lt;br \/&gt;<br \/>\nVizsga 2015.07.11.-ig.&lt;br \/&gt;<br \/>\nTartozik hozz\u00e1 egy \u00faj teljes fed\u00e9lzeti ponyva. Trailer v\u00e1s\u00e1rolhat\u00f3 hozz\u00e1. \u00c1ra 400.000,-Ft.<\/p>","protected":false},"excerpt":{"rendered":"<p>D&Iacute;ZEL motoros cruiser, mind&ouml;ssze 144 &uuml;zem&oacute;ra. &lt;br \/&gt; &Eacute;vj&aacute;rat: 2005.&lt;br \/&gt; Vizsga 2015.07.11.-ig.&lt;br \/&gt; Tartozik hozz&aacute; egy &uacute;j teljes fed&eacute;lzeti ponyva. Trailer v&aacute;s&aacute;rolhat&oacute; hozz&aacute;. &Aacute;ra 400.000,-Ft.<\/p>","protected":false},"featured_media":4679,"template":"","meta":[],"product_cat":[142],"product_tag":[],"class_list":{"0":"post-4680","1":"product","2":"type-product","3":"status-publish","4":"has-post-thumbnail","6":"product_cat-hasznalt-hajok","8":"first","9":"instock","10":"shipping-taxable","11":"product-type-external"},"_links":{"self":[{"href":"https:\/\/mmarine.cloudsystems.hu\/en\/wp-json\/wp\/v2\/product\/4680","targetHints":{"allow":["GET"]}}],"collection":[{"href":"https:\/\/mmarine.cloudsystems.hu\/en\/wp-json\/wp\/v2\/product"}],"about":[{"href":"https:\/\/mmarine.cloudsystems.hu\/en\/wp-json\/wp\/v2\/types\/product"}],"wp:featuredmedia":[{"embeddable":true,"href":"https:\/\/mmarine.cloudsystems.hu\/en\/wp-json\/wp\/v2\/media\/4679"}],"wp:attachment":[{"href":"https:\/\/mmarine.cloudsystems.hu\/en\/wp-json\/wp\/v2\/media?parent=4680"}],"wp:term":[{"taxonomy":"product_cat","embeddable":true,"href":"https:\/\/mmarine.cloudsystems.hu\/en\/wp-json\/wp\/v2\/product_cat?post=4680"},{"taxonomy":"product_tag","embeddable":true,"href":"https:\/\/mmarine.cloudsystems.hu\/en\/wp-json\/wp\/v2\/product_tag?post=4680"}],"curies":[{"name":"wp","href":"https:\/\/api.w.org\/{rel}","templated":true}]}}