{"id":4710,"date":"2025-08-19T18:34:40","date_gmt":"2025-08-19T16:34:40","guid":{"rendered":"https:\/\/mmarine.cloudsystems.hu\/product\/214-fs\/"},"modified":"2025-08-19T18:34:40","modified_gmt":"2025-08-19T16:34:40","slug":"214-fs","status":"publish","type":"product","link":"https:\/\/mmarine.cloudsystems.hu\/en\/product\/214-fs\/","title":{"rendered":"214 FS"},"content":{"rendered":"<p>J&oacute; &aacute;llapotban Magyarorsz&aacute;gon v&aacute;s&aacute;rolt haj&oacute; k&ouml;vethet\u0151 m&uacute;lttal. Bimini tet\u0151, &eacute;s takar&oacute; ponyv&aacute;val, digit&aacute;lis m&eacute;lys&eacute;gm&eacute;r\u0151vel, gy&aacute;ri kiterjesztett f&uuml;rd\u0151 platformmal szerelt haj&oacute;.&lt;br \/&gt;<br \/>\n&Uuml;zem&oacute;ra 215   &lt;br \/&gt;<br \/>\nTrailer + 299.000.- Ft<\/p>","protected":false},"excerpt":{"rendered":"<p>J&oacute; &aacute;llapotban Magyarorsz&aacute;gon v&aacute;s&aacute;rolt haj&oacute; k&ouml;vethet\u0151 m&uacute;lttal. Bimini tet\u0151, &eacute;s takar&oacute; ponyv&aacute;val, digit&aacute;lis m&eacute;lys&eacute;gm&eacute;r\u0151vel, gy&aacute;ri kiterjesztett f&uuml;rd\u0151 platformmal szerelt haj&oacute;.&lt;br \/&gt; &Uuml;zem&oacute;ra 215 &lt;br \/&gt; Trailer + 299.000.- Ft<\/p>","protected":false},"featured_media":4709,"template":"","meta":[],"product_cat":[142],"product_tag":[],"class_list":{"0":"post-4710","1":"product","2":"type-product","3":"status-publish","4":"has-post-thumbnail","6":"product_cat-hasznalt-hajok","8":"first","9":"instock","10":"shipping-taxable","11":"product-type-external"},"_links":{"self":[{"href":"https:\/\/mmarine.cloudsystems.hu\/en\/wp-json\/wp\/v2\/product\/4710","targetHints":{"allow":["GET"]}}],"collection":[{"href":"https:\/\/mmarine.cloudsystems.hu\/en\/wp-json\/wp\/v2\/product"}],"about":[{"href":"https:\/\/mmarine.cloudsystems.hu\/en\/wp-json\/wp\/v2\/types\/product"}],"wp:featuredmedia":[{"embeddable":true,"href":"https:\/\/mmarine.cloudsystems.hu\/en\/wp-json\/wp\/v2\/media\/4709"}],"wp:attachment":[{"href":"https:\/\/mmarine.cloudsystems.hu\/en\/wp-json\/wp\/v2\/media?parent=4710"}],"wp:term":[{"taxonomy":"product_cat","embeddable":true,"href":"https:\/\/mmarine.cloudsystems.hu\/en\/wp-json\/wp\/v2\/product_cat?post=4710"},{"taxonomy":"product_tag","embeddable":true,"href":"https:\/\/mmarine.cloudsystems.hu\/en\/wp-json\/wp\/v2\/product_tag?post=4710"}],"curies":[{"name":"wp","href":"https:\/\/api.w.org\/{rel}","templated":true}]}}