{"id":4711,"date":"2025-08-19T18:34:40","date_gmt":"2025-08-19T16:34:40","guid":{"rendered":"https:\/\/mmarine.cloudsystems.hu\/product\/196-ssi\/"},"modified":"2025-08-19T18:34:40","modified_gmt":"2025-08-19T16:34:40","slug":"196-ssi","status":"publish","type":"product","link":"https:\/\/mmarine.cloudsystems.hu\/en\/product\/196-ssi\/","title":{"rendered":"196 SSI"},"content":{"rendered":"<p>Sz&eacute;p exkluz&iacute;v megjelen&eacute;s\u0171 haj&oacute;. A Chaparral gy&aacute;r egyik legszebb modellje. Bimini ponyva tet\u0151, fed&eacute;lzet takar&oacute;, digit&aacute;lis m&eacute;lys&eacute;gm&eacute;r\u0151 alaptartoz&eacute;k ehhez a haj&oacute;hoz. Az egyedileg kialak&iacute;tott bels\u0151t &eacute;rdemes megtekinteni miel\u0151tt m&aacute;s haj&oacute; mellett k&ouml;telezn&eacute; el mag&aacute;t.&lt;br \/&gt;<br \/>\n\u00dczem\u00f3ra 182 sz\u00e1ll\u00edthat\u00f3 szem\u00e9ly 8 f\u0151. Trailer van + 249.000.- Ft<\/p>","protected":false},"excerpt":{"rendered":"<p>Sz&eacute;p exkluz&iacute;v megjelen&eacute;s\u0171 haj&oacute;. A Chaparral gy&aacute;r egyik legszebb modellje. Bimini ponyva tet\u0151, fed&eacute;lzet takar&oacute;, digit&aacute;lis m&eacute;lys&eacute;gm&eacute;r\u0151 alaptartoz&eacute;k ehhez a haj&oacute;hoz. Az egyedileg kialak&iacute;tott bels\u0151t &eacute;rdemes megtekinteni miel\u0151tt m&aacute;s haj&oacute; mellett k&ouml;telezn&eacute; el mag&aacute;t.&lt;br \/&gt; &Uuml;zem&oacute;ra 182 sz&aacute;ll&iacute;that&oacute; szem&eacute;ly 8 f\u0151. Trailer van + 249.000.- Ft<\/p>","protected":false},"featured_media":0,"template":"","meta":[],"product_cat":[142],"product_tag":[],"class_list":{"0":"post-4711","1":"product","2":"type-product","3":"status-publish","5":"product_cat-hasznalt-hajok","7":"first","8":"instock","9":"shipping-taxable","10":"product-type-external"},"_links":{"self":[{"href":"https:\/\/mmarine.cloudsystems.hu\/en\/wp-json\/wp\/v2\/product\/4711","targetHints":{"allow":["GET"]}}],"collection":[{"href":"https:\/\/mmarine.cloudsystems.hu\/en\/wp-json\/wp\/v2\/product"}],"about":[{"href":"https:\/\/mmarine.cloudsystems.hu\/en\/wp-json\/wp\/v2\/types\/product"}],"wp:attachment":[{"href":"https:\/\/mmarine.cloudsystems.hu\/en\/wp-json\/wp\/v2\/media?parent=4711"}],"wp:term":[{"taxonomy":"product_cat","embeddable":true,"href":"https:\/\/mmarine.cloudsystems.hu\/en\/wp-json\/wp\/v2\/product_cat?post=4711"},{"taxonomy":"product_tag","embeddable":true,"href":"https:\/\/mmarine.cloudsystems.hu\/en\/wp-json\/wp\/v2\/product_tag?post=4711"}],"curies":[{"name":"wp","href":"https:\/\/api.w.org\/{rel}","templated":true}]}}