{"id":4721,"date":"2025-08-19T18:34:44","date_gmt":"2025-08-19T16:34:44","guid":{"rendered":"https:\/\/mmarine.cloudsystems.hu\/product\/hullam-lakohajo\/"},"modified":"2025-08-19T18:34:44","modified_gmt":"2025-08-19T16:34:44","slug":"hullam-lakohajo","status":"publish","type":"product","link":"https:\/\/mmarine.cloudsystems.hu\/en\/product\/hullam-lakohajo\/","title":{"rendered":"Hull\u00e1m Lak\u00f3haj\u00f3"},"content":{"rendered":"<p>Lak&oacute;haj&oacute; ( 20 m x 6 m ) a Tisz&aacute;n.&lt;br \/&gt;<br \/>\n2005 ben teljes fel\u00faj\u00edt\u00e1son esett \u00e1t. \u00daj 5 mm es vaslemez ( jelenleg 2015 ben bevizsg\u00e1lva 4.7-4.9 mm vastag ) haj\u00f3 testet kapott, majd k\u00edv\u00fcl bel\u00fcl lamb\u00e9ri\u00e1t, bels\u0151 h\u0151szigetel\u00e9ssel. K\u00e9t r\u00e9teg\u0171 panor\u00e1ma, reflexi\u00f3s \u00fcvegez\u00e9s, m\u0171anyag ablakkeretek. K\u00e9t k\u00fcl\u00f6n\u00e1ll\u00f3 k\u00fcl\u00f6n bej\u00e1rat\u00fa lakr\u00e9sz 2-2 szob\u00e1val,1-1 f\u00fcrd\u0151szoba, 1-1 konyha. Jelenleg 1 konyha berendezve. A nagy t\u00e1rsalkod\u00f3 szint\u00e9n 2 k\u00fcls\u0151, \u00e9s 2 bels\u0151 bej\u00e1ratta a haj\u00f3 k\u00f6zep\u00e9n ca. 6 m x 6 m es k\u00fcl\u00f6n vend\u00e9g mosd\u00f3val, toalettel. A haj\u00f3hoz  6 haj\u00f3 be\u00e1ll\u00f3s st\u00e9g rendszer is tartozik, + a haj\u00f3 mell\u00e9 m\u00e9g 2 haj\u00f3 kik\u00f6thet\u0151. A haj\u00f3t teljesen k\u00f6rbe lehet j\u00e1rni a hozz\u00e1 \u00e9p\u00edtett 1 m es utc\u00e1n. A fels\u0151 szintre 20 m x 6 m es ter\u00fclet l\u00e9pcs\u0151 ki\u00e9p\u00edtve napoz\u00e1sra haszn\u00e1lhat\u00f3, vagy ig\u00e9ny eset\u00e9n be\u00e9p\u00edthet\u0151. A k\u00fcls\u0151 lamb\u00e9ria fest\u00e9sre szorul ami az \u00e1rb\u00f3l term\u00e9szetesen levonhat\u00f3.<\/p>","protected":false},"excerpt":{"rendered":"<p>Lak&oacute;haj&oacute; ( 20 m x 6 m ) a Tisz&aacute;n.&lt;br \/&gt; 2005 ben teljes fel&uacute;j&iacute;t&aacute;son esett &aacute;t. &Uacute;j 5 mm es vaslemez ( jelenleg 2015 ben bevizsg&aacute;lva 4.7-4.9 mm vastag ) haj&oacute; testet kapott, majd k&iacute;v&uuml;l bel&uuml;l lamb&eacute;ri&aacute;t, bels\u0151 h\u0151szigetel&eacute;ssel. K&eacute;t r&eacute;teg\u0171 panor&aacute;ma, reflexi&oacute;s &uuml;vegez&eacute;s, m\u0171anyag ablakkeretek. K&eacute;t k&uuml;l&ouml;n&aacute;ll&oacute; k&uuml;l&ouml;n bej&aacute;rat&uacute; lakr&eacute;sz 2-2 szob&aacute;val,1-1 f&uuml;rd\u0151szoba, 1-1 konyha. Jelenleg 1 konyha berendezve. A nagy t&aacute;rsalkod&oacute; szint&eacute;n 2 k&uuml;ls\u0151, &eacute;s 2 bels\u0151 bej&aacute;ratta a haj&oacute; k&ouml;zep&eacute;n ca. 6 m x 6 m es k&uuml;l&ouml;n vend&eacute;g mosd&oacute;val, toalettel. A haj&oacute;hoz 6 haj&oacute; be&aacute;ll&oacute;s st&eacute;g rendszer is tartozik, + a haj&oacute; mell&eacute; m&eacute;g 2 haj&oacute; kik&ouml;thet\u0151. A haj&oacute;t teljesen k&ouml;rbe lehet j&aacute;rni a hozz&aacute; &eacute;p&iacute;tett 1 m es utc&aacute;n. A fels\u0151 szintre 20 m x 6 m es ter&uuml;let l&eacute;pcs\u0151 ki&eacute;p&iacute;tve napoz&aacute;sra haszn&aacute;lhat&oacute;, vagy ig&eacute;ny eset&eacute;n be&eacute;p&iacute;thet\u0151. A k&uuml;ls\u0151 lamb&eacute;ria fest&eacute;sre szorul ami az &aacute;rb&oacute;l term&eacute;szetesen levonhat&oacute;.<\/p>","protected":false},"featured_media":4720,"template":"","meta":[],"product_cat":[142],"product_tag":[],"class_list":{"0":"post-4721","1":"product","2":"type-product","3":"status-publish","4":"has-post-thumbnail","6":"product_cat-hasznalt-hajok","8":"first","9":"instock","10":"shipping-taxable","11":"product-type-external"},"_links":{"self":[{"href":"https:\/\/mmarine.cloudsystems.hu\/en\/wp-json\/wp\/v2\/product\/4721","targetHints":{"allow":["GET"]}}],"collection":[{"href":"https:\/\/mmarine.cloudsystems.hu\/en\/wp-json\/wp\/v2\/product"}],"about":[{"href":"https:\/\/mmarine.cloudsystems.hu\/en\/wp-json\/wp\/v2\/types\/product"}],"wp:featuredmedia":[{"embeddable":true,"href":"https:\/\/mmarine.cloudsystems.hu\/en\/wp-json\/wp\/v2\/media\/4720"}],"wp:attachment":[{"href":"https:\/\/mmarine.cloudsystems.hu\/en\/wp-json\/wp\/v2\/media?parent=4721"}],"wp:term":[{"taxonomy":"product_cat","embeddable":true,"href":"https:\/\/mmarine.cloudsystems.hu\/en\/wp-json\/wp\/v2\/product_cat?post=4721"},{"taxonomy":"product_tag","embeddable":true,"href":"https:\/\/mmarine.cloudsystems.hu\/en\/wp-json\/wp\/v2\/product_tag?post=4721"}],"curies":[{"name":"wp","href":"https:\/\/api.w.org\/{rel}","templated":true}]}}