{"id":4731,"date":"2025-08-19T18:34:48","date_gmt":"2025-08-19T16:34:48","guid":{"rendered":"https:\/\/mmarine.cloudsystems.hu\/product\/napelemes-elektromos\/"},"modified":"2025-08-19T18:34:48","modified_gmt":"2025-08-19T16:34:48","slug":"napelemes-elektromos","status":"publish","type":"product","link":"https:\/\/mmarine.cloudsystems.hu\/en\/product\/napelemes-elektromos\/","title":{"rendered":"Napelemes Elektromos"},"content":{"rendered":"<p>Elektromos Akkus Napelemes z&ouml;ld feh&eacute;r sz&iacute;n\u0171 haj&oacute;.&lt;br \/&gt;<br \/>\nM\u0171szaki adatok 10 &uuml;.&oacute;.&lt;br \/&gt;<br \/>\nHossz&oacute;s&aacute;g: 16.04 l&aacute;b, 4,89 m&lt;br \/&gt;<br \/>\nSz&eacute;less&eacute;g: 2,22 m&lt;br \/&gt;<br \/>\nV&iacute;zkiszor&iacute;t&aacute;s: 712 t&lt;br \/&gt;<br \/>\nMer&uuml;l&eacute;si m&eacute;lys&eacute;g: 0,69 m&lt;br \/&gt;<br \/>\n5-6 km\/&oacute; n&aacute;l nem fogyaszt a napelem t&ouml;lt, + 220 V os elektromos t&ouml;lt\u0151 is van.&lt;br \/&gt;<br \/>\nlithium akku, egyenes hajt\u00f3m\u0171, k\u00e9nyelmes t\u00e1gas napoz\u00f3 szigetekk\u00e9 alak\u00edthat\u00f3 fed\u00e9lzet. + \u00faj k\u00fcl motor 9.9 LE<\/p>","protected":false},"excerpt":{"rendered":"<p>Elektromos Akkus Napelemes z&ouml;ld feh&eacute;r sz&iacute;n\u0171 haj&oacute;.&lt;br \/&gt; M\u0171szaki adatok 10 &uuml;.&oacute;.&lt;br \/&gt; Hossz&oacute;s&aacute;g: 16.04 l&aacute;b, 4,89 m&lt;br \/&gt; Sz&eacute;less&eacute;g: 2,22 m&lt;br \/&gt; V&iacute;zkiszor&iacute;t&aacute;s: 712 t&lt;br \/&gt; Mer&uuml;l&eacute;si m&eacute;lys&eacute;g: 0,69 m&lt;br \/&gt; 5-6 km\/&oacute; n&aacute;l nem fogyaszt a napelem t&ouml;lt, + 220 V os elektromos t&ouml;lt\u0151 is van.&lt;br \/&gt; lithium akku, egyenes hajt&oacute;m\u0171, k&eacute;nyelmes t&aacute;gas napoz&oacute; szigetekk&eacute; alak&iacute;that&oacute; fed&eacute;lzet. + &uacute;j k&uuml;l motor 9.9 LE<\/p>","protected":false},"featured_media":4730,"template":"","meta":[],"product_cat":[142],"product_tag":[],"class_list":{"0":"post-4731","1":"product","2":"type-product","3":"status-publish","4":"has-post-thumbnail","6":"product_cat-hasznalt-hajok","8":"first","9":"instock","10":"shipping-taxable","11":"product-type-external"},"_links":{"self":[{"href":"https:\/\/mmarine.cloudsystems.hu\/en\/wp-json\/wp\/v2\/product\/4731","targetHints":{"allow":["GET"]}}],"collection":[{"href":"https:\/\/mmarine.cloudsystems.hu\/en\/wp-json\/wp\/v2\/product"}],"about":[{"href":"https:\/\/mmarine.cloudsystems.hu\/en\/wp-json\/wp\/v2\/types\/product"}],"wp:featuredmedia":[{"embeddable":true,"href":"https:\/\/mmarine.cloudsystems.hu\/en\/wp-json\/wp\/v2\/media\/4730"}],"wp:attachment":[{"href":"https:\/\/mmarine.cloudsystems.hu\/en\/wp-json\/wp\/v2\/media?parent=4731"}],"wp:term":[{"taxonomy":"product_cat","embeddable":true,"href":"https:\/\/mmarine.cloudsystems.hu\/en\/wp-json\/wp\/v2\/product_cat?post=4731"},{"taxonomy":"product_tag","embeddable":true,"href":"https:\/\/mmarine.cloudsystems.hu\/en\/wp-json\/wp\/v2\/product_tag?post=4731"}],"curies":[{"name":"wp","href":"https:\/\/api.w.org\/{rel}","templated":true}]}}