{"id":4735,"date":"2025-08-19T18:34:51","date_gmt":"2025-08-19T16:34:51","guid":{"rendered":"https:\/\/mmarine.cloudsystems.hu\/product\/sport-192\/"},"modified":"2025-08-19T18:34:52","modified_gmt":"2025-08-19T16:34:52","slug":"sport-192","status":"publish","type":"product","link":"https:\/\/mmarine.cloudsystems.hu\/en\/product\/sport-192\/","title":{"rendered":"Sport 192"},"content":{"rendered":"<p>&Uacute;j &aacute;r 4.290.000.-&lt;br \/&gt;<br \/>\n19 l&aacute;bas sport haj&oacute; 4.3 MPI 220 LE motorral.&lt;br \/&gt;<br \/>\n Trailer egyszer\u0171 de mind\u00f6ssze 100.000.- Ft ot k\u00e9r\u00fcnk \u00e9rte. Haj\u00f3hoz kivehet\u0151 sz\u0151nyeg, fed\u00e9lzet, \u00e9s orr takar\u00f3 ponyva tartozik. A haj\u00f3, \u00e9s motor j\u00f3 \u00e1llapotban.<\/p>","protected":false},"excerpt":{"rendered":"<p>&Uacute;j &aacute;r 4.290.000.-&lt;br \/&gt; 19 l&aacute;bas sport haj&oacute; 4.3 MPI 220 LE motorral.&lt;br \/&gt; Trailer egyszer\u0171 de mind&ouml;ssze 100.000.- Ft ot k&eacute;r&uuml;nk &eacute;rte. Haj&oacute;hoz kivehet\u0151 sz\u0151nyeg, fed&eacute;lzet, &eacute;s orr takar&oacute; ponyva tartozik. A haj&oacute;, &eacute;s motor j&oacute; &aacute;llapotban.<\/p>","protected":false},"featured_media":4734,"template":"","meta":[],"product_cat":[142],"product_tag":[],"class_list":{"0":"post-4735","1":"product","2":"type-product","3":"status-publish","4":"has-post-thumbnail","6":"product_cat-hasznalt-hajok","8":"first","9":"outofstock","10":"sale","11":"shipping-taxable","12":"purchasable","13":"product-type-simple"},"_links":{"self":[{"href":"https:\/\/mmarine.cloudsystems.hu\/en\/wp-json\/wp\/v2\/product\/4735","targetHints":{"allow":["GET"]}}],"collection":[{"href":"https:\/\/mmarine.cloudsystems.hu\/en\/wp-json\/wp\/v2\/product"}],"about":[{"href":"https:\/\/mmarine.cloudsystems.hu\/en\/wp-json\/wp\/v2\/types\/product"}],"wp:featuredmedia":[{"embeddable":true,"href":"https:\/\/mmarine.cloudsystems.hu\/en\/wp-json\/wp\/v2\/media\/4734"}],"wp:attachment":[{"href":"https:\/\/mmarine.cloudsystems.hu\/en\/wp-json\/wp\/v2\/media?parent=4735"}],"wp:term":[{"taxonomy":"product_cat","embeddable":true,"href":"https:\/\/mmarine.cloudsystems.hu\/en\/wp-json\/wp\/v2\/product_cat?post=4735"},{"taxonomy":"product_tag","embeddable":true,"href":"https:\/\/mmarine.cloudsystems.hu\/en\/wp-json\/wp\/v2\/product_tag?post=4735"}],"curies":[{"name":"wp","href":"https:\/\/api.w.org\/{rel}","templated":true}]}}