{"id":4743,"date":"2025-08-19T18:34:53","date_gmt":"2025-08-19T16:34:53","guid":{"rendered":"https:\/\/mmarine.cloudsystems.hu\/product\/600br\/"},"modified":"2025-08-19T18:34:53","modified_gmt":"2025-08-19T16:34:53","slug":"600br","status":"publish","type":"product","link":"https:\/\/mmarine.cloudsystems.hu\/en\/product\/600br\/","title":{"rendered":"600BR"},"content":{"rendered":"<p>Bella 600BR halmozza az extr\u00e1kat. A teljes \u00e9rt\u00e9k\u0171 sz\u00e9lv\u00e9d\u0151 el\u0151tt az orrban nagy napoz\u00f3 sziget kialak\u00edthat\u00f3, magas\u00edtott orr korl\u00e1t a k\u00f6nnyebb partra l\u00e9p\u00e9shez. A Kapit\u00e1ny mellett utasa is k\u00e9nyelmes forg\u00f3 sz\u00e9kben utazhat de tov\u00e1bbi 5 szem\u00e9lyt is felvehet\u00fcnk hisz a CE. dokument\u00e1ci\u00f3 szerint a haj\u00f3 7 szem\u00e9lyes. Tov\u00e1bbi inform\u00e1ci\u00f3k a gy\u00e1ri web oldalon. https:\/\/www.bellaboats.fi\/model-range\/open-boats\/bella-600-br\/<\/p>","protected":false},"excerpt":{"rendered":"<p>Bella 600BR halmozza az extr\u00e1kat. A teljes \u00e9rt\u00e9k\u0171 sz\u00e9lv\u00e9d\u0151 el\u0151tt az orrban nagy napoz\u00f3 sziget kialak\u00edthat\u00f3, magas\u00edtott orr korl\u00e1t a k\u00f6nnyebb partra l\u00e9p\u00e9shez. A Kapit\u00e1ny mellett utasa is k\u00e9nyelmes forg\u00f3 sz\u00e9kben utazhat de tov\u00e1bbi 5 szem\u00e9lyt is felvehet\u00fcnk hisz a CE. dokument\u00e1ci\u00f3 szerint a haj\u00f3 7 szem\u00e9lyes. Tov\u00e1bbi inform\u00e1ci\u00f3k a gy\u00e1ri web oldalon. https:\/\/www.bellaboats.fi\/model-range\/open-boats\/bella-600-br\/<\/p>","protected":false},"featured_media":4742,"template":"","meta":[],"product_cat":[138],"product_tag":[],"class_list":{"0":"post-4743","1":"product","2":"type-product","3":"status-publish","4":"has-post-thumbnail","6":"product_cat-uj-hajok","8":"first","9":"instock","10":"shipping-taxable","11":"product-type-external"},"_links":{"self":[{"href":"https:\/\/mmarine.cloudsystems.hu\/en\/wp-json\/wp\/v2\/product\/4743","targetHints":{"allow":["GET"]}}],"collection":[{"href":"https:\/\/mmarine.cloudsystems.hu\/en\/wp-json\/wp\/v2\/product"}],"about":[{"href":"https:\/\/mmarine.cloudsystems.hu\/en\/wp-json\/wp\/v2\/types\/product"}],"wp:featuredmedia":[{"embeddable":true,"href":"https:\/\/mmarine.cloudsystems.hu\/en\/wp-json\/wp\/v2\/media\/4742"}],"wp:attachment":[{"href":"https:\/\/mmarine.cloudsystems.hu\/en\/wp-json\/wp\/v2\/media?parent=4743"}],"wp:term":[{"taxonomy":"product_cat","embeddable":true,"href":"https:\/\/mmarine.cloudsystems.hu\/en\/wp-json\/wp\/v2\/product_cat?post=4743"},{"taxonomy":"product_tag","embeddable":true,"href":"https:\/\/mmarine.cloudsystems.hu\/en\/wp-json\/wp\/v2\/product_tag?post=4743"}],"curies":[{"name":"wp","href":"https:\/\/api.w.org\/{rel}","templated":true}]}}