{"id":4755,"date":"2025-08-19T18:34:54","date_gmt":"2025-08-19T16:34:54","guid":{"rendered":"https:\/\/mmarine.cloudsystems.hu\/product\/jon-mv1448lw\/"},"modified":"2025-08-19T18:34:55","modified_gmt":"2025-08-19T16:34:55","slug":"jon-mv1448lw","status":"publish","type":"product","link":"https:\/\/mmarine.cloudsystems.hu\/en\/product\/jon-mv1448lw\/","title":{"rendered":"JON MV1448LW"},"content":{"rendered":"<p>K&eacute;rem tekintse meg a Tracker Boats rendelhet\u0151 haj&oacute;it.&lt;br \/&gt;<br \/>\nhttp:\/\/magnummarine.hu\/hu\/rendelheto_hajok&lt;br \/&gt;<br \/>\nPolarKraft forgalmaz\u00e1sa 2018 as t\u00edpus\u00e9vt\u0151l CE dokument\u00e1ci\u00f3 hi\u00e1ny\u00e1ban megsz\u0171nt.<\/p>","protected":false},"excerpt":{"rendered":"<p>K&eacute;rem tekintse meg a Tracker Boats rendelhet\u0151 haj&oacute;it.&lt;br \/&gt; http:\/\/magnummarine.hu\/hu\/rendelheto_hajok&lt;br \/&gt; PolarKraft forgalmaz&aacute;sa 2018 as t&iacute;pus&eacute;vt\u0151l CE dokument&aacute;ci&oacute; hi&aacute;ny&aacute;ban megsz\u0171nt.<\/p>","protected":false},"featured_media":4754,"template":"","meta":[],"product_cat":[138],"product_tag":[],"class_list":{"0":"post-4755","1":"product","2":"type-product","3":"status-publish","4":"has-post-thumbnail","6":"product_cat-uj-hajok","8":"first","9":"instock","10":"shipping-taxable","11":"product-type-external"},"_links":{"self":[{"href":"https:\/\/mmarine.cloudsystems.hu\/en\/wp-json\/wp\/v2\/product\/4755","targetHints":{"allow":["GET"]}}],"collection":[{"href":"https:\/\/mmarine.cloudsystems.hu\/en\/wp-json\/wp\/v2\/product"}],"about":[{"href":"https:\/\/mmarine.cloudsystems.hu\/en\/wp-json\/wp\/v2\/types\/product"}],"wp:featuredmedia":[{"embeddable":true,"href":"https:\/\/mmarine.cloudsystems.hu\/en\/wp-json\/wp\/v2\/media\/4754"}],"wp:attachment":[{"href":"https:\/\/mmarine.cloudsystems.hu\/en\/wp-json\/wp\/v2\/media?parent=4755"}],"wp:term":[{"taxonomy":"product_cat","embeddable":true,"href":"https:\/\/mmarine.cloudsystems.hu\/en\/wp-json\/wp\/v2\/product_cat?post=4755"},{"taxonomy":"product_tag","embeddable":true,"href":"https:\/\/mmarine.cloudsystems.hu\/en\/wp-json\/wp\/v2\/product_tag?post=4755"}],"curies":[{"name":"wp","href":"https:\/\/api.w.org\/{rel}","templated":true}]}}