{"id":4767,"date":"2025-08-19T18:34:59","date_gmt":"2025-08-19T16:34:59","guid":{"rendered":"https:\/\/mmarine.cloudsystems.hu\/product\/220-cs\/"},"modified":"2025-08-19T18:34:59","modified_gmt":"2025-08-19T16:34:59","slug":"220-cs","status":"publish","type":"product","link":"https:\/\/mmarine.cloudsystems.hu\/en\/product\/220-cs\/","title":{"rendered":"220 CS"},"content":{"rendered":"<p>Stingray 220 CS t\u00e1gas kabinnal, \u00e9s fed\u00e9lzettel. A gy\u00e1ri fed\u00e9lzet takar\u00f3, \u00e9s bimini tet\u0151 ponyva mellett, elektromos horgony cs\u00f6rl\u0151, \u00e9s kiterjesztett f\u00fcrd\u0151 platform is felszerel\u00e9sre ker\u00fclt. Trailer + opci\u00f3.<\/p>","protected":false},"excerpt":{"rendered":"<p>Stingray 220 CS t\u00e1gas kabinnal, \u00e9s fed\u00e9lzettel. A gy\u00e1ri fed\u00e9lzet takar\u00f3, \u00e9s bimini tet\u0151 ponyva mellett, elektromos horgony cs\u00f6rl\u0151, \u00e9s kiterjesztett f\u00fcrd\u0151 platform is felszerel\u00e9sre ker\u00fclt. Trailer + opci\u00f3.<\/p>","protected":false},"featured_media":4766,"template":"","meta":[],"product_cat":[142],"product_tag":[],"class_list":{"0":"post-4767","1":"product","2":"type-product","3":"status-publish","4":"has-post-thumbnail","6":"product_cat-hasznalt-hajok","8":"first","9":"instock","10":"shipping-taxable","11":"product-type-external"},"_links":{"self":[{"href":"https:\/\/mmarine.cloudsystems.hu\/en\/wp-json\/wp\/v2\/product\/4767","targetHints":{"allow":["GET"]}}],"collection":[{"href":"https:\/\/mmarine.cloudsystems.hu\/en\/wp-json\/wp\/v2\/product"}],"about":[{"href":"https:\/\/mmarine.cloudsystems.hu\/en\/wp-json\/wp\/v2\/types\/product"}],"wp:featuredmedia":[{"embeddable":true,"href":"https:\/\/mmarine.cloudsystems.hu\/en\/wp-json\/wp\/v2\/media\/4766"}],"wp:attachment":[{"href":"https:\/\/mmarine.cloudsystems.hu\/en\/wp-json\/wp\/v2\/media?parent=4767"}],"wp:term":[{"taxonomy":"product_cat","embeddable":true,"href":"https:\/\/mmarine.cloudsystems.hu\/en\/wp-json\/wp\/v2\/product_cat?post=4767"},{"taxonomy":"product_tag","embeddable":true,"href":"https:\/\/mmarine.cloudsystems.hu\/en\/wp-json\/wp\/v2\/product_tag?post=4767"}],"curies":[{"name":"wp","href":"https:\/\/api.w.org\/{rel}","templated":true}]}}