{"id":4822,"date":"2025-08-19T18:35:16","date_gmt":"2025-08-19T16:35:16","guid":{"rendered":"https:\/\/mmarine.cloudsystems.hu\/product\/240-br\/"},"modified":"2025-08-19T18:35:16","modified_gmt":"2025-08-19T16:35:16","slug":"240-br","status":"publish","type":"product","link":"https:\/\/mmarine.cloudsystems.hu\/en\/product\/240-br\/","title":{"rendered":"240 BR"},"content":{"rendered":"<p>Formula egy haj&oacute; amivel nem lehet mindig tal&aacute;lkozni.&lt;br \/&gt;<br \/>\nOldal sz&iacute;n met&aacute;l bord&oacute;.&lt;br \/&gt;<br \/>\n&Ouml;lt&ouml;z\u0151 ( elektromos porcel&aacute;n toalettel ell&aacute;tva ) f&uuml;lke. Vizis&iacute; h&uacute;z&oacute; oszlop. Kev&eacute;s &uuml;zem&oacute;ra. Csak &eacute;desv&iacute;zen haszn&aacute;lt v&eacute;gig ponyv&aacute;val letakarva s&oacute;lya ut&aacute;nfut&oacute;n tartott.&lt;br \/&gt;<br \/>\nT&eacute;len fedett f\u0171t&ouml;tt csarnokban volt.&lt;br \/&gt;<br \/>\n&Aacute;llapota teljesen &uacute;j szalon &aacute;llapot&uacute;  gyakorlatilag 2-3 kis karcol&aacute;st&oacute;l eltekintve. A haj&oacute;hoz tartozik egy ( t\u0171zi horganyzott ) vil&aacute;g&iacute;t&aacute;ssal 2 tengelyes r&aacute;fut&oacute; f&eacute;kkel szerelt s&oacute;lya trailer.&lt;br \/&gt;<br \/>\nHa egyedi haj\u00f3t szeretne ebben nem fog csal\u00f3dni. Megtekinthet\u0151 el\u0151re egyeztetett id\u0151pontban Budapest mellett.<\/p>","protected":false},"excerpt":{"rendered":"<p>Formula egy haj&oacute; amivel nem lehet mindig tal&aacute;lkozni.&lt;br \/&gt; Oldal sz&iacute;n met&aacute;l bord&oacute;.&lt;br \/&gt; &Ouml;lt&ouml;z\u0151 ( elektromos porcel&aacute;n toalettel ell&aacute;tva ) f&uuml;lke. Vizis&iacute; h&uacute;z&oacute; oszlop. Kev&eacute;s &uuml;zem&oacute;ra. Csak &eacute;desv&iacute;zen haszn&aacute;lt v&eacute;gig ponyv&aacute;val letakarva s&oacute;lya ut&aacute;nfut&oacute;n tartott.&lt;br \/&gt; T&eacute;len fedett f\u0171t&ouml;tt csarnokban volt.&lt;br \/&gt; &Aacute;llapota teljesen &uacute;j szalon &aacute;llapot&uacute; gyakorlatilag 2-3 kis karcol&aacute;st&oacute;l eltekintve. A haj&oacute;hoz tartozik egy ( t\u0171zi horganyzott ) vil&aacute;g&iacute;t&aacute;ssal 2 tengelyes r&aacute;fut&oacute; f&eacute;kkel szerelt s&oacute;lya trailer.&lt;br \/&gt; Ha egyedi haj&oacute;t szeretne ebben nem fog csal&oacute;dni. Megtekinthet\u0151 el\u0151re egyeztetett id\u0151pontban Budapest mellett.<\/p>","protected":false},"featured_media":4821,"template":"","meta":[],"product_cat":[142],"product_tag":[],"class_list":{"0":"post-4822","1":"product","2":"type-product","3":"status-publish","4":"has-post-thumbnail","6":"product_cat-hasznalt-hajok","8":"first","9":"instock","10":"shipping-taxable","11":"product-type-external"},"_links":{"self":[{"href":"https:\/\/mmarine.cloudsystems.hu\/en\/wp-json\/wp\/v2\/product\/4822","targetHints":{"allow":["GET"]}}],"collection":[{"href":"https:\/\/mmarine.cloudsystems.hu\/en\/wp-json\/wp\/v2\/product"}],"about":[{"href":"https:\/\/mmarine.cloudsystems.hu\/en\/wp-json\/wp\/v2\/types\/product"}],"wp:featuredmedia":[{"embeddable":true,"href":"https:\/\/mmarine.cloudsystems.hu\/en\/wp-json\/wp\/v2\/media\/4821"}],"wp:attachment":[{"href":"https:\/\/mmarine.cloudsystems.hu\/en\/wp-json\/wp\/v2\/media?parent=4822"}],"wp:term":[{"taxonomy":"product_cat","embeddable":true,"href":"https:\/\/mmarine.cloudsystems.hu\/en\/wp-json\/wp\/v2\/product_cat?post=4822"},{"taxonomy":"product_tag","embeddable":true,"href":"https:\/\/mmarine.cloudsystems.hu\/en\/wp-json\/wp\/v2\/product_tag?post=4822"}],"curies":[{"name":"wp","href":"https:\/\/api.w.org\/{rel}","templated":true}]}}