{"id":4826,"date":"2025-08-19T18:35:18","date_gmt":"2025-08-19T16:35:18","guid":{"rendered":"https:\/\/mmarine.cloudsystems.hu\/product\/t40\/"},"modified":"2025-08-19T18:35:18","modified_gmt":"2025-08-19T16:35:18","slug":"t40","status":"publish","type":"product","link":"https:\/\/mmarine.cloudsystems.hu\/en\/product\/t40\/","title":{"rendered":"T40"},"content":{"rendered":"<p>Megk\u00edm\u00e9lt haj\u00f3 4 \u00fct. Parsun 9.9 LE motorral bimini tet\u0151, \u00e9s takar\u00f3 ponyv\u00e1val komplett. A haj\u00f3 merev j\u00e1r\u00f3 fel\u00fclet\u0171 hozz\u00e1 2 \u00fcl\u0151 pad, evez\u0151k, \u00e9s pumpa mellett m\u00e9g egyszer\u0171en felszerelhet\u0151 h\u00e1ts\u00f3 ker\u00e9k p\u00e1r is tartozik, \u00edgy k\u00f6nny\u0171 a v\u00edzre t\u00e9tel. A haj\u00f3 ak\u00e1r \u00f6ssze is hajthat\u00f3 \u00edgy egy kombi aut\u00f3 csomagter\u00e9be k\u00e9nyelmesen bef\u00e9r hogy ne legyen kik\u00f6t\u0151 k\u00f6lts\u00e9g.  A 9.9 es motor j\u00f3l viszi, a hozz\u00e1 tartoz\u00f3 12 l es tankkal nagyobb t\u00far\u00e1k is megtehet\u0151k.<\/p>","protected":false},"excerpt":{"rendered":"<p>Megk\u00edm\u00e9lt haj\u00f3 4 \u00fct. Parsun 9.9 LE motorral bimini tet\u0151, \u00e9s takar\u00f3 ponyv\u00e1val komplett. A haj\u00f3 merev j\u00e1r\u00f3 fel\u00fclet\u0171 hozz\u00e1 2 \u00fcl\u0151 pad, evez\u0151k, \u00e9s pumpa mellett m\u00e9g egyszer\u0171en felszerelhet\u0151 h\u00e1ts\u00f3 ker\u00e9k p\u00e1r is tartozik, \u00edgy k\u00f6nny\u0171 a v\u00edzre t\u00e9tel. A haj\u00f3 ak\u00e1r \u00f6ssze is hajthat\u00f3 \u00edgy egy kombi aut\u00f3 csomagter\u00e9be k\u00e9nyelmesen bef\u00e9r hogy ne legyen kik\u00f6t\u0151 k\u00f6lts\u00e9g. A 9.9 es motor j\u00f3l viszi, a hozz\u00e1 tartoz\u00f3 12 l es tankkal nagyobb t\u00far\u00e1k is megtehet\u0151k.<\/p>","protected":false},"featured_media":4825,"template":"","meta":[],"product_cat":[142],"product_tag":[],"class_list":{"0":"post-4826","1":"product","2":"type-product","3":"status-publish","4":"has-post-thumbnail","6":"product_cat-hasznalt-hajok","8":"first","9":"outofstock","10":"shipping-taxable","11":"purchasable","12":"product-type-simple"},"_links":{"self":[{"href":"https:\/\/mmarine.cloudsystems.hu\/en\/wp-json\/wp\/v2\/product\/4826","targetHints":{"allow":["GET"]}}],"collection":[{"href":"https:\/\/mmarine.cloudsystems.hu\/en\/wp-json\/wp\/v2\/product"}],"about":[{"href":"https:\/\/mmarine.cloudsystems.hu\/en\/wp-json\/wp\/v2\/types\/product"}],"wp:featuredmedia":[{"embeddable":true,"href":"https:\/\/mmarine.cloudsystems.hu\/en\/wp-json\/wp\/v2\/media\/4825"}],"wp:attachment":[{"href":"https:\/\/mmarine.cloudsystems.hu\/en\/wp-json\/wp\/v2\/media?parent=4826"}],"wp:term":[{"taxonomy":"product_cat","embeddable":true,"href":"https:\/\/mmarine.cloudsystems.hu\/en\/wp-json\/wp\/v2\/product_cat?post=4826"},{"taxonomy":"product_tag","embeddable":true,"href":"https:\/\/mmarine.cloudsystems.hu\/en\/wp-json\/wp\/v2\/product_tag?post=4826"}],"curies":[{"name":"wp","href":"https:\/\/api.w.org\/{rel}","templated":true}]}}