{"id":4835,"date":"2025-08-19T18:35:21","date_gmt":"2025-08-19T16:35:21","guid":{"rendered":"https:\/\/mmarine.cloudsystems.hu\/product\/as265\/"},"modified":"2025-08-19T18:35:21","modified_gmt":"2025-08-19T16:35:21","slug":"as265","status":"publish","type":"product","link":"https:\/\/mmarine.cloudsystems.hu\/en\/product\/as265\/","title":{"rendered":"AS265"},"content":{"rendered":"<p>Gumics\u00f3nak \u00faj \u00e1llapot\u00e1ban doboz\u00e1val gy\u00e1ri tartoz\u00e9kokkal( pumpa jav\u00edt\u00f3 k\u00e9szlet 2 evez\u0151 ) elad\u00f3. CE t\u00e1bla szerint 3 + 1 ( gyerek ) szem\u00e9lyes, \u00e9s 9.9 LE motor szerelhet\u0151 r\u00e1.<\/p>","protected":false},"excerpt":{"rendered":"<p>Gumics\u00f3nak \u00faj \u00e1llapot\u00e1ban doboz\u00e1val gy\u00e1ri tartoz\u00e9kokkal( pumpa jav\u00edt\u00f3 k\u00e9szlet 2 evez\u0151 ) elad\u00f3. CE t\u00e1bla szerint 3 + 1 ( gyerek ) szem\u00e9lyes, \u00e9s 9.9 LE motor szerelhet\u0151 r\u00e1.<\/p>","protected":false},"featured_media":4834,"template":"","meta":[],"product_cat":[142],"product_tag":[],"class_list":{"0":"post-4835","1":"product","2":"type-product","3":"status-publish","4":"has-post-thumbnail","6":"product_cat-hasznalt-hajok","8":"first","9":"instock","10":"shipping-taxable","11":"product-type-external"},"_links":{"self":[{"href":"https:\/\/mmarine.cloudsystems.hu\/en\/wp-json\/wp\/v2\/product\/4835","targetHints":{"allow":["GET"]}}],"collection":[{"href":"https:\/\/mmarine.cloudsystems.hu\/en\/wp-json\/wp\/v2\/product"}],"about":[{"href":"https:\/\/mmarine.cloudsystems.hu\/en\/wp-json\/wp\/v2\/types\/product"}],"wp:featuredmedia":[{"embeddable":true,"href":"https:\/\/mmarine.cloudsystems.hu\/en\/wp-json\/wp\/v2\/media\/4834"}],"wp:attachment":[{"href":"https:\/\/mmarine.cloudsystems.hu\/en\/wp-json\/wp\/v2\/media?parent=4835"}],"wp:term":[{"taxonomy":"product_cat","embeddable":true,"href":"https:\/\/mmarine.cloudsystems.hu\/en\/wp-json\/wp\/v2\/product_cat?post=4835"},{"taxonomy":"product_tag","embeddable":true,"href":"https:\/\/mmarine.cloudsystems.hu\/en\/wp-json\/wp\/v2\/product_tag?post=4835"}],"curies":[{"name":"wp","href":"https:\/\/api.w.org\/{rel}","templated":true}]}}