{"id":4844,"date":"2025-08-19T18:35:22","date_gmt":"2025-08-19T16:35:22","guid":{"rendered":"https:\/\/mmarine.cloudsystems.hu\/product\/falcon-br5\/"},"modified":"2025-08-19T18:35:22","modified_gmt":"2025-08-19T16:35:22","slug":"falcon-br5","status":"publish","type":"product","link":"https:\/\/mmarine.cloudsystems.hu\/en\/product\/falcon-br5\/","title":{"rendered":"FALCON BR5"},"content":{"rendered":"<p>FALCON BR5 &lt;br \/&gt;<br \/>\nNem tudja eld&ouml;nteni hogy mit szeretne? Ragaszkodik a j&oacute;l bev&aacute;lt alu testhez de nem szeretne lemondani a kompozit haj&oacute;k k&eacute;nyelm&eacute;r\u0151l? A Falcon haj&oacute; csal&aacute;dban tal&aacute;n megtal&aacute;lja az igazit. Az als&oacute; h&eacute;j er\u0151s&iacute;tett vastag alum&iacute;nium &iacute;gy k&ouml;nny\u0171, &eacute;s biztons&aacute;gos a fed&eacute;lzet viszont m&aacute;r &uuml;vegsz&aacute;l er\u0151s&iacute;t&eacute;ses k&eacute;nyelmes 6 f\u0151 &uuml;l\u0151 hely kialakithat&oacute;.&lt;br \/&gt;<br \/>\nFalcon BR 5 haj&oacute;n&aacute;l maxim&aacute;lis a sz&eacute;lv&eacute;delem nyithat&oacute; teli sz&eacute;lv&eacute;d\u0151s kialak&iacute;t&aacute;sban.&lt;br \/&gt;<br \/>\nK&eacute;rj&uuml;k tekintse meg a gy&aacute;ri web oldalt. https:\/\/falconboats.fi\/mallisto\/falcon-br-5\/&lt;br \/&gt;<br \/>\nMax 80 LE motorral ell\u00e1that\u00f3 igazi sportos kivitelez\u00e9sben.<\/p>","protected":false},"excerpt":{"rendered":"<p>FALCON BR5 &lt;br \/&gt; Nem tudja eld&ouml;nteni hogy mit szeretne? Ragaszkodik a j&oacute;l bev&aacute;lt alu testhez de nem szeretne lemondani a kompozit haj&oacute;k k&eacute;nyelm&eacute;r\u0151l? A Falcon haj&oacute; csal&aacute;dban tal&aacute;n megtal&aacute;lja az igazit. Az als&oacute; h&eacute;j er\u0151s&iacute;tett vastag alum&iacute;nium &iacute;gy k&ouml;nny\u0171, &eacute;s biztons&aacute;gos a fed&eacute;lzet viszont m&aacute;r &uuml;vegsz&aacute;l er\u0151s&iacute;t&eacute;ses k&eacute;nyelmes 6 f\u0151 &uuml;l\u0151 hely kialakithat&oacute;.&lt;br \/&gt; Falcon BR 5 haj&oacute;n&aacute;l maxim&aacute;lis a sz&eacute;lv&eacute;delem nyithat&oacute; teli sz&eacute;lv&eacute;d\u0151s kialak&iacute;t&aacute;sban.&lt;br \/&gt; K&eacute;rj&uuml;k tekintse meg a gy&aacute;ri web oldalt. https:\/\/falconboats.fi\/mallisto\/falcon-br-5\/&lt;br \/&gt; Max 80 LE motorral ell&aacute;that&oacute; igazi sportos kivitelez&eacute;sben.<\/p>","protected":false},"featured_media":0,"template":"","meta":[],"product_cat":[138],"product_tag":[],"class_list":{"0":"post-4844","1":"product","2":"type-product","3":"status-publish","5":"product_cat-uj-hajok","7":"first","8":"instock","9":"shipping-taxable","10":"product-type-external"},"_links":{"self":[{"href":"https:\/\/mmarine.cloudsystems.hu\/en\/wp-json\/wp\/v2\/product\/4844","targetHints":{"allow":["GET"]}}],"collection":[{"href":"https:\/\/mmarine.cloudsystems.hu\/en\/wp-json\/wp\/v2\/product"}],"about":[{"href":"https:\/\/mmarine.cloudsystems.hu\/en\/wp-json\/wp\/v2\/types\/product"}],"wp:attachment":[{"href":"https:\/\/mmarine.cloudsystems.hu\/en\/wp-json\/wp\/v2\/media?parent=4844"}],"wp:term":[{"taxonomy":"product_cat","embeddable":true,"href":"https:\/\/mmarine.cloudsystems.hu\/en\/wp-json\/wp\/v2\/product_cat?post=4844"},{"taxonomy":"product_tag","embeddable":true,"href":"https:\/\/mmarine.cloudsystems.hu\/en\/wp-json\/wp\/v2\/product_tag?post=4844"}],"curies":[{"name":"wp","href":"https:\/\/api.w.org\/{rel}","templated":true}]}}