{"id":4848,"date":"2025-08-19T18:35:23","date_gmt":"2025-08-19T16:35:23","guid":{"rendered":"https:\/\/mmarine.cloudsystems.hu\/product\/500-fish\/"},"modified":"2025-08-19T18:35:23","modified_gmt":"2025-08-19T16:35:23","slug":"500-fish","status":"publish","type":"product","link":"https:\/\/mmarine.cloudsystems.hu\/en\/product\/500-fish\/","title":{"rendered":"500 Fish"},"content":{"rendered":"<p>Lefoglalva&lt;br \/&gt;<br \/>\nIgazi kis horg&aacute;szhaj&oacute; kev&eacute;s &uuml;zem&oacute;r&aacute;val, megk&iacute;m&eacute;lt &aacute;llapotban. A haj&oacute; tartoz&eacute;ka: Mercury F50 k&uuml;lmotor.&lt;br \/&gt;<br \/>\nGar\u00e1zsban t\u00e1rolt, els\u0151 tulajdonost\u00f3l, haj\u00f3lev\u00e9l \u00e9rv\u00e9nyes: 2025\/07.<\/p>","protected":false},"excerpt":{"rendered":"<p>Lefoglalva&lt;br \/&gt; Igazi kis horg&aacute;szhaj&oacute; kev&eacute;s &uuml;zem&oacute;r&aacute;val, megk&iacute;m&eacute;lt &aacute;llapotban. A haj&oacute; tartoz&eacute;ka: Mercury F50 k&uuml;lmotor.&lt;br \/&gt; Gar&aacute;zsban t&aacute;rolt, els\u0151 tulajdonost&oacute;l, haj&oacute;lev&eacute;l &eacute;rv&eacute;nyes: 2025\/07.<\/p>","protected":false},"featured_media":4847,"template":"","meta":[],"product_cat":[142],"product_tag":[],"class_list":{"0":"post-4848","1":"product","2":"type-product","3":"status-publish","4":"has-post-thumbnail","6":"product_cat-hasznalt-hajok","8":"first","9":"outofstock","10":"shipping-taxable","11":"purchasable","12":"product-type-simple"},"_links":{"self":[{"href":"https:\/\/mmarine.cloudsystems.hu\/en\/wp-json\/wp\/v2\/product\/4848","targetHints":{"allow":["GET"]}}],"collection":[{"href":"https:\/\/mmarine.cloudsystems.hu\/en\/wp-json\/wp\/v2\/product"}],"about":[{"href":"https:\/\/mmarine.cloudsystems.hu\/en\/wp-json\/wp\/v2\/types\/product"}],"wp:featuredmedia":[{"embeddable":true,"href":"https:\/\/mmarine.cloudsystems.hu\/en\/wp-json\/wp\/v2\/media\/4847"}],"wp:attachment":[{"href":"https:\/\/mmarine.cloudsystems.hu\/en\/wp-json\/wp\/v2\/media?parent=4848"}],"wp:term":[{"taxonomy":"product_cat","embeddable":true,"href":"https:\/\/mmarine.cloudsystems.hu\/en\/wp-json\/wp\/v2\/product_cat?post=4848"},{"taxonomy":"product_tag","embeddable":true,"href":"https:\/\/mmarine.cloudsystems.hu\/en\/wp-json\/wp\/v2\/product_tag?post=4848"}],"curies":[{"name":"wp","href":"https:\/\/api.w.org\/{rel}","templated":true}]}}