{"id":4850,"date":"2025-08-19T18:35:23","date_gmt":"2025-08-19T16:35:23","guid":{"rendered":"https:\/\/mmarine.cloudsystems.hu\/product\/205br\/"},"modified":"2025-08-19T18:35:24","modified_gmt":"2025-08-19T16:35:24","slug":"205br","status":"publish","type":"product","link":"https:\/\/mmarine.cloudsystems.hu\/en\/product\/205br\/","title":{"rendered":"205BR"},"content":{"rendered":"<p>Bayliner 205 BR 2008 as friss 2025 ig \u00e9rv\u00e9nyes m\u0171szakival megk\u00edm\u00e9lt \u00e1llapotban s\u00e9r\u00fcl\u00e9s mentesen elad\u00f3 . A haj\u00f3hoz 2000 kg os Harbeck trailer is tartozik. A haj\u00f3ban 2db \u00fczemanyagtart\u00e1ly , \u00e9s k\u00e9t akkumul\u00e1toros rendszer van be\u00e9p\u00edtve.<\/p>","protected":false},"excerpt":{"rendered":"<p>Bayliner 205 BR 2008 as friss 2025 ig \u00e9rv\u00e9nyes m\u0171szakival megk\u00edm\u00e9lt \u00e1llapotban s\u00e9r\u00fcl\u00e9s mentesen elad\u00f3 . A haj\u00f3hoz 2000 kg os Harbeck trailer is tartozik. A haj\u00f3ban 2db \u00fczemanyagtart\u00e1ly , \u00e9s k\u00e9t akkumul\u00e1toros rendszer van be\u00e9p\u00edtve.<\/p>","protected":false},"featured_media":4849,"template":"","meta":[],"product_cat":[142],"product_tag":[],"class_list":{"0":"post-4850","1":"product","2":"type-product","3":"status-publish","4":"has-post-thumbnail","6":"product_cat-hasznalt-hajok","8":"first","9":"instock","10":"shipping-taxable","11":"product-type-external"},"_links":{"self":[{"href":"https:\/\/mmarine.cloudsystems.hu\/en\/wp-json\/wp\/v2\/product\/4850","targetHints":{"allow":["GET"]}}],"collection":[{"href":"https:\/\/mmarine.cloudsystems.hu\/en\/wp-json\/wp\/v2\/product"}],"about":[{"href":"https:\/\/mmarine.cloudsystems.hu\/en\/wp-json\/wp\/v2\/types\/product"}],"wp:featuredmedia":[{"embeddable":true,"href":"https:\/\/mmarine.cloudsystems.hu\/en\/wp-json\/wp\/v2\/media\/4849"}],"wp:attachment":[{"href":"https:\/\/mmarine.cloudsystems.hu\/en\/wp-json\/wp\/v2\/media?parent=4850"}],"wp:term":[{"taxonomy":"product_cat","embeddable":true,"href":"https:\/\/mmarine.cloudsystems.hu\/en\/wp-json\/wp\/v2\/product_cat?post=4850"},{"taxonomy":"product_tag","embeddable":true,"href":"https:\/\/mmarine.cloudsystems.hu\/en\/wp-json\/wp\/v2\/product_tag?post=4850"}],"curies":[{"name":"wp","href":"https:\/\/api.w.org\/{rel}","templated":true}]}}