{"id":4859,"date":"2025-08-19T18:35:28","date_gmt":"2025-08-19T16:35:28","guid":{"rendered":"https:\/\/mmarine.cloudsystems.hu\/product\/198-le\/"},"modified":"2025-08-19T18:35:28","modified_gmt":"2025-08-19T16:35:28","slug":"198-le","status":"publish","type":"product","link":"https:\/\/mmarine.cloudsystems.hu\/en\/product\/198-le\/","title":{"rendered":"198 LE"},"content":{"rendered":"<p>Stingray 198 LE n\u00e9h\u00e1nyszor kiz\u00e1r\u00f3lag a Tisza tavon haszn\u00e1lt haj\u00f3 k\u00edv\u00e1l\u00f3 \u00e1llapotban mind\u00f6ssze 49 \u00fczem\u00f3r\u00e1val. Monster wakeboard toronnyal szerelve. A haj\u00f3hoz 2 tengelyes s\u00f3lyakocsi is megv\u00e1s\u00e1rolhat\u00f3 mind\u00f6ssze 350.000.- Ft<\/p>","protected":false},"excerpt":{"rendered":"<p>Stingray 198 LE n\u00e9h\u00e1nyszor kiz\u00e1r\u00f3lag a Tisza tavon haszn\u00e1lt haj\u00f3 k\u00edv\u00e1l\u00f3 \u00e1llapotban mind\u00f6ssze 49 \u00fczem\u00f3r\u00e1val. Monster wakeboard toronnyal szerelve. A haj\u00f3hoz 2 tengelyes s\u00f3lyakocsi is megv\u00e1s\u00e1rolhat\u00f3 mind\u00f6ssze 350.000.- Ft<\/p>","protected":false},"featured_media":4858,"template":"","meta":[],"product_cat":[142],"product_tag":[],"class_list":{"0":"post-4859","1":"product","2":"type-product","3":"status-publish","4":"has-post-thumbnail","6":"product_cat-hasznalt-hajok","8":"first","9":"outofstock","10":"shipping-taxable","11":"purchasable","12":"product-type-simple"},"_links":{"self":[{"href":"https:\/\/mmarine.cloudsystems.hu\/en\/wp-json\/wp\/v2\/product\/4859","targetHints":{"allow":["GET"]}}],"collection":[{"href":"https:\/\/mmarine.cloudsystems.hu\/en\/wp-json\/wp\/v2\/product"}],"about":[{"href":"https:\/\/mmarine.cloudsystems.hu\/en\/wp-json\/wp\/v2\/types\/product"}],"wp:featuredmedia":[{"embeddable":true,"href":"https:\/\/mmarine.cloudsystems.hu\/en\/wp-json\/wp\/v2\/media\/4858"}],"wp:attachment":[{"href":"https:\/\/mmarine.cloudsystems.hu\/en\/wp-json\/wp\/v2\/media?parent=4859"}],"wp:term":[{"taxonomy":"product_cat","embeddable":true,"href":"https:\/\/mmarine.cloudsystems.hu\/en\/wp-json\/wp\/v2\/product_cat?post=4859"},{"taxonomy":"product_tag","embeddable":true,"href":"https:\/\/mmarine.cloudsystems.hu\/en\/wp-json\/wp\/v2\/product_tag?post=4859"}],"curies":[{"name":"wp","href":"https:\/\/api.w.org\/{rel}","templated":true}]}}