{"id":4861,"date":"2025-08-19T18:35:29","date_gmt":"2025-08-19T16:35:29","guid":{"rendered":"https:\/\/mmarine.cloudsystems.hu\/product\/275cr\/"},"modified":"2025-08-19T18:35:29","modified_gmt":"2025-08-19T16:35:29","slug":"275cr","status":"publish","type":"product","link":"https:\/\/mmarine.cloudsystems.hu\/en\/product\/275cr\/","title":{"rendered":"275CR"},"content":{"rendered":"<p>Monterey 250\/275 hossz\u00fa Cruiser. Tengeren haszn\u00e1lt de sz\u00e1razf\u00f6ldi dokkban t\u00e1rolt haj\u00f3 kev\u00e9s \u00fczem\u00f3r\u00e1val. H\u0171t\u0151, hideg meleg vizes tusol\u00f3, toalett, mikro s\u00fct\u0151 ker\u00e1mia lapos t\u0171zhely 2+2 kabin + 1 f\u0151 fed\u00e9lzeti \u00e1gy.<\/p>","protected":false},"excerpt":{"rendered":"<p>Monterey 250\/275 hossz\u00fa Cruiser. Tengeren haszn\u00e1lt de sz\u00e1razf\u00f6ldi dokkban t\u00e1rolt haj\u00f3 kev\u00e9s \u00fczem\u00f3r\u00e1val. H\u0171t\u0151, hideg meleg vizes tusol\u00f3, toalett, mikro s\u00fct\u0151 ker\u00e1mia lapos t\u0171zhely 2+2 kabin + 1 f\u0151 fed\u00e9lzeti \u00e1gy.<\/p>","protected":false},"featured_media":4860,"template":"","meta":[],"product_cat":[142],"product_tag":[],"class_list":{"0":"post-4861","1":"product","2":"type-product","3":"status-publish","4":"has-post-thumbnail","6":"product_cat-hasznalt-hajok","8":"first","9":"instock","10":"shipping-taxable","11":"product-type-external"},"_links":{"self":[{"href":"https:\/\/mmarine.cloudsystems.hu\/en\/wp-json\/wp\/v2\/product\/4861","targetHints":{"allow":["GET"]}}],"collection":[{"href":"https:\/\/mmarine.cloudsystems.hu\/en\/wp-json\/wp\/v2\/product"}],"about":[{"href":"https:\/\/mmarine.cloudsystems.hu\/en\/wp-json\/wp\/v2\/types\/product"}],"wp:featuredmedia":[{"embeddable":true,"href":"https:\/\/mmarine.cloudsystems.hu\/en\/wp-json\/wp\/v2\/media\/4860"}],"wp:attachment":[{"href":"https:\/\/mmarine.cloudsystems.hu\/en\/wp-json\/wp\/v2\/media?parent=4861"}],"wp:term":[{"taxonomy":"product_cat","embeddable":true,"href":"https:\/\/mmarine.cloudsystems.hu\/en\/wp-json\/wp\/v2\/product_cat?post=4861"},{"taxonomy":"product_tag","embeddable":true,"href":"https:\/\/mmarine.cloudsystems.hu\/en\/wp-json\/wp\/v2\/product_tag?post=4861"}],"curies":[{"name":"wp","href":"https:\/\/api.w.org\/{rel}","templated":true}]}}