{"id":4881,"date":"2025-08-19T18:35:31","date_gmt":"2025-08-19T16:35:31","guid":{"rendered":"https:\/\/mmarine.cloudsystems.hu\/product\/195-rx\/"},"modified":"2025-08-19T18:35:31","modified_gmt":"2025-08-19T16:35:31","slug":"195-rx","status":"publish","type":"product","link":"https:\/\/mmarine.cloudsystems.hu\/en\/product\/195-rx\/","title":{"rendered":"195 RX"},"content":{"rendered":"<p>Stingray 195RX&lt;br \/&gt;<br \/>\n&Uacute;jszer\u0171 eredeti &aacute;llapotban.&lt;br \/&gt;<br \/>\nTengeren volt de minden \u00e9vben Magyarorsz\u00e1gon fedett f\u0171t\u00f6tt helyen t\u00e1roltuk. \u00c1llapota is ennek megfelel\u0151en kiv\u00e1l\u00f3. 2021 ben fel\u00faj\u00edtott algav\u00e9delem.  Fed\u00e9lzet, \u00e9s orr takar\u00f3 ponyva f\u00fcrd\u0151 l\u00e9tra&#8230; A haj\u00f3 v\u00e9gig szakszerv\u00edzben szervizelt. Jelenleg a Magnum Haj\u00f3szalonban megtekinthet\u0151. Trailer + opci\u00f3<\/p>","protected":false},"excerpt":{"rendered":"<p>Stingray 195RX&lt;br \/&gt; &Uacute;jszer\u0171 eredeti &aacute;llapotban.&lt;br \/&gt; Tengeren volt de minden &eacute;vben Magyarorsz&aacute;gon fedett f\u0171t&ouml;tt helyen t&aacute;roltuk. &Aacute;llapota is ennek megfelel\u0151en kiv&aacute;l&oacute;. 2021 ben fel&uacute;j&iacute;tott algav&eacute;delem. Fed&eacute;lzet, &eacute;s orr takar&oacute; ponyva f&uuml;rd\u0151 l&eacute;tra&hellip; A haj&oacute; v&eacute;gig szakszerv&iacute;zben szervizelt. Jelenleg a Magnum Haj&oacute;szalonban megtekinthet\u0151. Trailer + opci&oacute;<\/p>","protected":false},"featured_media":0,"template":"","meta":[],"product_cat":[142],"product_tag":[],"class_list":{"0":"post-4881","1":"product","2":"type-product","3":"status-publish","5":"product_cat-hasznalt-hajok","7":"first","8":"instock","9":"shipping-taxable","10":"product-type-external"},"_links":{"self":[{"href":"https:\/\/mmarine.cloudsystems.hu\/en\/wp-json\/wp\/v2\/product\/4881","targetHints":{"allow":["GET"]}}],"collection":[{"href":"https:\/\/mmarine.cloudsystems.hu\/en\/wp-json\/wp\/v2\/product"}],"about":[{"href":"https:\/\/mmarine.cloudsystems.hu\/en\/wp-json\/wp\/v2\/types\/product"}],"wp:attachment":[{"href":"https:\/\/mmarine.cloudsystems.hu\/en\/wp-json\/wp\/v2\/media?parent=4881"}],"wp:term":[{"taxonomy":"product_cat","embeddable":true,"href":"https:\/\/mmarine.cloudsystems.hu\/en\/wp-json\/wp\/v2\/product_cat?post=4881"},{"taxonomy":"product_tag","embeddable":true,"href":"https:\/\/mmarine.cloudsystems.hu\/en\/wp-json\/wp\/v2\/product_tag?post=4881"}],"curies":[{"name":"wp","href":"https:\/\/api.w.org\/{rel}","templated":true}]}}