{"id":4919,"date":"2025-08-19T18:36:01","date_gmt":"2025-08-19T16:36:01","guid":{"rendered":"https:\/\/mmarine.cloudsystems.hu\/product\/falconbrs4\/"},"modified":"2025-08-19T18:36:01","modified_gmt":"2025-08-19T16:36:01","slug":"falconbrs4","status":"publish","type":"product","link":"https:\/\/mmarine.cloudsystems.hu\/en\/product\/falconbrs4\/","title":{"rendered":"FalconBRs4"},"content":{"rendered":"<p>FALCON BRs4 &lt;br \/&gt;<br \/>\nNem tudja eld&ouml;nteni hogy mit szeretne? Ragaszkodik a j&oacute;l bev&aacute;lt alu testhez de nem szeretne lemondani a kompozit haj&oacute;k k&eacute;nyelm&eacute;r\u0151l? A Falcon haj&oacute; csal&aacute;dban tal&aacute;n megtal&aacute;lja az igazit. Az als&oacute; h&eacute;j er\u0151s&iacute;tett vastag alum&iacute;nium &iacute;gy k&ouml;nny\u0171, &eacute;s biztons&aacute;gos a fed&eacute;lzet viszont m&aacute;r &uuml;vegsz&aacute;l er\u0151s&iacute;t&eacute;ses k&eacute;nyelmes 5 f\u0151 &uuml;l\u0151 hely kialakithat&oacute;.&lt;br \/&gt;<br \/>\nFalcon BRs4 haj&oacute;n&aacute;l maxim&aacute;lis a sz&eacute;lv&eacute;delem nyithat&oacute; teli sz&eacute;lv&eacute;d\u0151s kialak&iacute;t&aacute;sban.&lt;br \/&gt;<br \/>\nK&eacute;rj&uuml;k tekintse meg a gy&aacute;ri web oldalt.&lt;br \/&gt;<\/p>\n<blockquote class=\"wp-embedded-content\" data-secret=\"RA7KDrDtSo\"><p><a href=\"https:\/\/falconboats.fi\/mallisto\/falcon-brs-4\/\">Falcon BRs 4<\/a><\/p><\/blockquote>\n<p><iframe class=\"wp-embedded-content\" sandbox=\"allow-scripts\" security=\"restricted\" style=\"position: absolute; visibility: hidden;\" title=\"&#8221;Falcon BRs 4&#8221; &#8212; Falcon Boats\" src=\"https:\/\/falconboats.fi\/mallisto\/falcon-brs-4\/embed\/#?secret=ggvuJ0fJrj#?secret=RA7KDrDtSo\" data-secret=\"RA7KDrDtSo\" width=\"600\" height=\"338\" frameborder=\"0\" marginwidth=\"0\" marginheight=\"0\" scrolling=\"no\"><\/iframe><\/p>","protected":false},"excerpt":{"rendered":"<p>FALCON BRs4 &lt;br \/&gt; Nem tudja eld&ouml;nteni hogy mit szeretne? Ragaszkodik a j&oacute;l bev&aacute;lt alu testhez de nem szeretne lemondani a kompozit haj&oacute;k k&eacute;nyelm&eacute;r\u0151l? A Falcon haj&oacute; csal&aacute;dban tal&aacute;n megtal&aacute;lja az igazit. Az als&oacute; h&eacute;j er\u0151s&iacute;tett vastag alum&iacute;nium &iacute;gy k&ouml;nny\u0171, &eacute;s biztons&aacute;gos a fed&eacute;lzet viszont m&aacute;r &uuml;vegsz&aacute;l er\u0151s&iacute;t&eacute;ses k&eacute;nyelmes 5 f\u0151 &uuml;l\u0151 hely kialakithat&oacute;.&lt;br \/&gt; Falcon BRs4 haj&oacute;n&aacute;l maxim&aacute;lis a sz&eacute;lv&eacute;delem nyithat&oacute; teli sz&eacute;lv&eacute;d\u0151s kialak&iacute;t&aacute;sban.&lt;br \/&gt; K&eacute;rj&uuml;k tekintse meg a gy&aacute;ri web oldalt.&lt;br \/&gt; Falcon BRs 4<\/p>","protected":false},"featured_media":0,"template":"","meta":[],"product_cat":[138],"product_tag":[],"class_list":{"0":"post-4919","1":"product","2":"type-product","3":"status-publish","5":"product_cat-uj-hajok","7":"first","8":"instock","9":"shipping-taxable","10":"product-type-external"},"_links":{"self":[{"href":"https:\/\/mmarine.cloudsystems.hu\/en\/wp-json\/wp\/v2\/product\/4919","targetHints":{"allow":["GET"]}}],"collection":[{"href":"https:\/\/mmarine.cloudsystems.hu\/en\/wp-json\/wp\/v2\/product"}],"about":[{"href":"https:\/\/mmarine.cloudsystems.hu\/en\/wp-json\/wp\/v2\/types\/product"}],"wp:attachment":[{"href":"https:\/\/mmarine.cloudsystems.hu\/en\/wp-json\/wp\/v2\/media?parent=4919"}],"wp:term":[{"taxonomy":"product_cat","embeddable":true,"href":"https:\/\/mmarine.cloudsystems.hu\/en\/wp-json\/wp\/v2\/product_cat?post=4919"},{"taxonomy":"product_tag","embeddable":true,"href":"https:\/\/mmarine.cloudsystems.hu\/en\/wp-json\/wp\/v2\/product_tag?post=4919"}],"curies":[{"name":"wp","href":"https:\/\/api.w.org\/{rel}","templated":true}]}}