{"id":4545,"date":"2025-08-19T18:34:04","date_gmt":"2025-08-19T16:34:04","guid":{"rendered":"https:\/\/mmarine.cloudsystems.hu\/product\/f150xl-efi\/"},"modified":"2025-08-19T18:34:04","modified_gmt":"2025-08-19T16:34:04","slug":"f150xl-efi","status":"publish","type":"product","link":"https:\/\/mmarine.cloudsystems.hu\/sk\/produkt\/f150xl-efi\/","title":{"rendered":"F150XL EFI"},"content":{"rendered":"<p>150LE, elektromos ind\u00edt\u00e1s\u00fa, extra-hossz\u00fa csizma 25&quot; (635 mm), elektronikus \u00fczemanyag befecskendez\u00e9s.<\/p>","protected":false},"excerpt":{"rendered":"<p>150LE, elektromos ind\u00edt\u00e1s\u00fa, extra-hossz\u00fa csizma 25&quot; (635 mm), elektronikus \u00fczemanyag befecskendez\u00e9s.<\/p>","protected":false},"featured_media":4544,"template":"","meta":[],"product_cat":[140],"product_tag":[],"class_list":{"0":"post-4545","1":"product","2":"type-product","3":"status-publish","4":"has-post-thumbnail","6":"product_cat-kulmotorok","8":"first","9":"instock","10":"shipping-taxable","11":"purchasable","12":"product-type-simple"},"_links":{"self":[{"href":"https:\/\/mmarine.cloudsystems.hu\/sk\/wp-json\/wp\/v2\/product\/4545","targetHints":{"allow":["GET"]}}],"collection":[{"href":"https:\/\/mmarine.cloudsystems.hu\/sk\/wp-json\/wp\/v2\/product"}],"about":[{"href":"https:\/\/mmarine.cloudsystems.hu\/sk\/wp-json\/wp\/v2\/types\/product"}],"wp:featuredmedia":[{"embeddable":true,"href":"https:\/\/mmarine.cloudsystems.hu\/sk\/wp-json\/wp\/v2\/media\/4544"}],"wp:attachment":[{"href":"https:\/\/mmarine.cloudsystems.hu\/sk\/wp-json\/wp\/v2\/media?parent=4545"}],"wp:term":[{"taxonomy":"product_cat","embeddable":true,"href":"https:\/\/mmarine.cloudsystems.hu\/sk\/wp-json\/wp\/v2\/product_cat?post=4545"},{"taxonomy":"product_tag","embeddable":true,"href":"https:\/\/mmarine.cloudsystems.hu\/sk\/wp-json\/wp\/v2\/product_tag?post=4545"}],"curies":[{"name":"wp","href":"https:\/\/api.w.org\/{rel}","templated":true}]}}