{"id":4557,"date":"2025-08-19T18:34:05","date_gmt":"2025-08-19T16:34:05","guid":{"rendered":"https:\/\/mmarine.cloudsystems.hu\/product\/optimax-125l\/"},"modified":"2025-08-19T18:34:05","modified_gmt":"2025-08-19T16:34:05","slug":"optimax-125l","status":"publish","type":"product","link":"https:\/\/mmarine.cloudsystems.hu\/sk\/produkt\/optimax-125l\/","title":{"rendered":"OptiMax 125L"},"content":{"rendered":"<p>125LE, elektromos ind\u00edt\u00e1s\u00fa, hossz\u00fa csizma 20&quot; (508 mm).<\/p>","protected":false},"excerpt":{"rendered":"<p>125LE, elektromos ind\u00edt\u00e1s\u00fa, hossz\u00fa csizma 20&quot; (508 mm).<\/p>","protected":false},"featured_media":4556,"template":"","meta":[],"product_cat":[140],"product_tag":[],"class_list":{"0":"post-4557","1":"product","2":"type-product","3":"status-publish","4":"has-post-thumbnail","6":"product_cat-kulmotorok","8":"first","9":"instock","10":"shipping-taxable","11":"purchasable","12":"product-type-simple"},"_links":{"self":[{"href":"https:\/\/mmarine.cloudsystems.hu\/sk\/wp-json\/wp\/v2\/product\/4557","targetHints":{"allow":["GET"]}}],"collection":[{"href":"https:\/\/mmarine.cloudsystems.hu\/sk\/wp-json\/wp\/v2\/product"}],"about":[{"href":"https:\/\/mmarine.cloudsystems.hu\/sk\/wp-json\/wp\/v2\/types\/product"}],"wp:featuredmedia":[{"embeddable":true,"href":"https:\/\/mmarine.cloudsystems.hu\/sk\/wp-json\/wp\/v2\/media\/4556"}],"wp:attachment":[{"href":"https:\/\/mmarine.cloudsystems.hu\/sk\/wp-json\/wp\/v2\/media?parent=4557"}],"wp:term":[{"taxonomy":"product_cat","embeddable":true,"href":"https:\/\/mmarine.cloudsystems.hu\/sk\/wp-json\/wp\/v2\/product_cat?post=4557"},{"taxonomy":"product_tag","embeddable":true,"href":"https:\/\/mmarine.cloudsystems.hu\/sk\/wp-json\/wp\/v2\/product_tag?post=4557"}],"curies":[{"name":"wp","href":"https:\/\/api.w.org\/{rel}","templated":true}]}}