{"id":4638,"date":"2025-08-19T18:34:18","date_gmt":"2025-08-19T16:34:18","guid":{"rendered":"https:\/\/mmarine.cloudsystems.hu\/product\/f40el-efi\/"},"modified":"2025-08-19T18:34:18","modified_gmt":"2025-08-19T16:34:18","slug":"f40el-efi","status":"publish","type":"product","link":"https:\/\/mmarine.cloudsystems.hu\/sk\/produkt\/f40el-efi\/","title":{"rendered":"F40EL EFI"},"content":{"rendered":"<p>40LE, elektromos ind\u00edt\u00e1s\u00fa, hossz\u00fa csizma 20&quot;(508 mm), elektronikus \u00fczemanyag befecskendez\u00e9s.<\/p>","protected":false},"excerpt":{"rendered":"<p>40LE, elektromos ind\u00edt\u00e1s\u00fa, hossz\u00fa csizma 20&quot;(508 mm), elektronikus \u00fczemanyag befecskendez\u00e9s.<\/p>","protected":false},"featured_media":4637,"template":"","meta":[],"product_cat":[140],"product_tag":[],"class_list":{"0":"post-4638","1":"product","2":"type-product","3":"status-publish","4":"has-post-thumbnail","6":"product_cat-kulmotorok","8":"first","9":"instock","10":"shipping-taxable","11":"purchasable","12":"product-type-simple"},"_links":{"self":[{"href":"https:\/\/mmarine.cloudsystems.hu\/sk\/wp-json\/wp\/v2\/product\/4638","targetHints":{"allow":["GET"]}}],"collection":[{"href":"https:\/\/mmarine.cloudsystems.hu\/sk\/wp-json\/wp\/v2\/product"}],"about":[{"href":"https:\/\/mmarine.cloudsystems.hu\/sk\/wp-json\/wp\/v2\/types\/product"}],"wp:featuredmedia":[{"embeddable":true,"href":"https:\/\/mmarine.cloudsystems.hu\/sk\/wp-json\/wp\/v2\/media\/4637"}],"wp:attachment":[{"href":"https:\/\/mmarine.cloudsystems.hu\/sk\/wp-json\/wp\/v2\/media?parent=4638"}],"wp:term":[{"taxonomy":"product_cat","embeddable":true,"href":"https:\/\/mmarine.cloudsystems.hu\/sk\/wp-json\/wp\/v2\/product_cat?post=4638"},{"taxonomy":"product_tag","embeddable":true,"href":"https:\/\/mmarine.cloudsystems.hu\/sk\/wp-json\/wp\/v2\/product_tag?post=4638"}],"curies":[{"name":"wp","href":"https:\/\/api.w.org\/{rel}","templated":true}]}}