{"id":4682,"date":"2025-08-19T18:34:33","date_gmt":"2025-08-19T16:34:33","guid":{"rendered":"https:\/\/mmarine.cloudsystems.hu\/product\/180rx\/"},"modified":"2025-08-19T18:34:33","modified_gmt":"2025-08-19T16:34:33","slug":"180rx","status":"publish","type":"product","link":"https:\/\/mmarine.cloudsystems.hu\/sk\/produkt\/180rx\/","title":{"rendered":"180RX"},"content":{"rendered":"<p>J&oacute; &aacute;llapot&uacute;, kev&eacute;s &uuml;zem&oacute;r&aacute;val rendelkez\u0151 (26+6 &oacute;ra) haj&oacute;. Tartozik hozz&aacute; fed&eacute;lzeti+ orrtakar&oacute; ponyva + Sport Bimini tet\u0151 k&ouml;rponyv&aacute;val. 7 f\u0151 sz&aacute;ll&iacute;t&aacute;s&aacute;ra alkalmas.&lt;br \/&gt;<br \/>\nM\u0171szaki vizsga 2019.05.12.-ig. Ut\u00e1nfut\u00f3 az \u00e1rban benne van.<\/p>","protected":false},"excerpt":{"rendered":"<p>J&oacute; &aacute;llapot&uacute;, kev&eacute;s &uuml;zem&oacute;r&aacute;val rendelkez\u0151 (26+6 &oacute;ra) haj&oacute;. Tartozik hozz&aacute; fed&eacute;lzeti+ orrtakar&oacute; ponyva + Sport Bimini tet\u0151 k&ouml;rponyv&aacute;val. 7 f\u0151 sz&aacute;ll&iacute;t&aacute;s&aacute;ra alkalmas.&lt;br \/&gt; M\u0171szaki vizsga 2019.05.12.-ig. Ut&aacute;nfut&oacute; az &aacute;rban benne van.<\/p>","protected":false},"featured_media":4681,"template":"","meta":[],"product_cat":[142],"product_tag":[],"class_list":{"0":"post-4682","1":"product","2":"type-product","3":"status-publish","4":"has-post-thumbnail","6":"product_cat-hasznalt-hajok","8":"first","9":"instock","10":"shipping-taxable","11":"product-type-external"},"_links":{"self":[{"href":"https:\/\/mmarine.cloudsystems.hu\/sk\/wp-json\/wp\/v2\/product\/4682","targetHints":{"allow":["GET"]}}],"collection":[{"href":"https:\/\/mmarine.cloudsystems.hu\/sk\/wp-json\/wp\/v2\/product"}],"about":[{"href":"https:\/\/mmarine.cloudsystems.hu\/sk\/wp-json\/wp\/v2\/types\/product"}],"wp:featuredmedia":[{"embeddable":true,"href":"https:\/\/mmarine.cloudsystems.hu\/sk\/wp-json\/wp\/v2\/media\/4681"}],"wp:attachment":[{"href":"https:\/\/mmarine.cloudsystems.hu\/sk\/wp-json\/wp\/v2\/media?parent=4682"}],"wp:term":[{"taxonomy":"product_cat","embeddable":true,"href":"https:\/\/mmarine.cloudsystems.hu\/sk\/wp-json\/wp\/v2\/product_cat?post=4682"},{"taxonomy":"product_tag","embeddable":true,"href":"https:\/\/mmarine.cloudsystems.hu\/sk\/wp-json\/wp\/v2\/product_tag?post=4682"}],"curies":[{"name":"wp","href":"https:\/\/api.w.org\/{rel}","templated":true}]}}