{"id":4717,"date":"2025-08-19T18:34:42","date_gmt":"2025-08-19T16:34:42","guid":{"rendered":"https:\/\/mmarine.cloudsystems.hu\/product\/250-ultra-lght\/"},"modified":"2025-08-19T18:34:42","modified_gmt":"2025-08-19T16:34:42","slug":"250-ultra-lght","status":"publish","type":"product","link":"https:\/\/mmarine.cloudsystems.hu\/sk\/produkt\/250-ultra-lght\/","title":{"rendered":"250 Ultra Lght"},"content":{"rendered":"<p>Mercury 250 Ultra Light. Ide&aacute;lis kishaj&oacute; ak&aacute;r elektromos motorral a Balatonra de Mercury 5 vagy 6 LE motorral extra sebess&eacute;gre is k&eacute;pes &iacute;gy ak&aacute;r a Dun&aacute;n, Tisz&aacute;n nyugodtabb tenger &ouml;bl&ouml;kben is k&iacute;v&aacute;l&oacute;an haszn&aacute;lhat&oacute;. K&eacute;rj&uuml;k tekintse meg az err\u0151l k&eacute;sz&uuml;lt vide&oacute;kat. Terhelhet\u0151s&eacute;g 3+1 f\u0151  CE kateg&oacute;ria &quot; D &quot;&lt;br \/&gt;<br \/>\nA bemutat&oacute; haj&oacute;nk tartoz&eacute;ka a pumpa, evez\u0151k, jav&iacute;t&oacute; k&eacute;szleten fel&uuml;l, a lehajthat&oacute; extra aj&aacute;nd&eacute;k ker&eacute;kszett is &iacute;gy ak&aacute;r 5-10 perc kicsomagol&aacute;s ut&aacute;n m&aacute;r kerekeken tolhatja is a v&iacute;zre haj&oacute;j&aacute;t. Nincs kik&ouml;t\u0151 d&iacute;j, nincs s&oacute;ly&aacute;z&aacute;s d&iacute;j, semmi csak boldog haj&oacute;z&aacute;s. A haj&oacute;hoz opci&oacute;k&eacute;nt elektromos , &eacute;s benzines motorok is v&aacute;s&aacute;rolhat&oacute;k szalonunkban. &lt;br \/&gt;<br \/>\nhttps:\/\/www.youtube.com\/watch?v=EG9BSS2J7Fo&lt;br \/&gt;<br \/>\n  vagy  https:\/\/www.youtube.com\/watch?v=muB3iHqGk8o<\/p>","protected":false},"excerpt":{"rendered":"<p>Mercury 250 Ultra Light. Ide&aacute;lis kishaj&oacute; ak&aacute;r elektromos motorral a Balatonra de Mercury 5 vagy 6 LE motorral extra sebess&eacute;gre is k&eacute;pes &iacute;gy ak&aacute;r a Dun&aacute;n, Tisz&aacute;n nyugodtabb tenger &ouml;bl&ouml;kben is k&iacute;v&aacute;l&oacute;an haszn&aacute;lhat&oacute;. K&eacute;rj&uuml;k tekintse meg az err\u0151l k&eacute;sz&uuml;lt vide&oacute;kat. Terhelhet\u0151s&eacute;g 3+1 f\u0151 CE kateg&oacute;ria &quot; D &quot;&lt;br \/&gt; A bemutat&oacute; haj&oacute;nk tartoz&eacute;ka a pumpa, evez\u0151k, jav&iacute;t&oacute; k&eacute;szleten fel&uuml;l, a lehajthat&oacute; extra aj&aacute;nd&eacute;k ker&eacute;kszett is &iacute;gy ak&aacute;r 5-10 perc kicsomagol&aacute;s ut&aacute;n m&aacute;r kerekeken tolhatja is a v&iacute;zre haj&oacute;j&aacute;t. Nincs kik&ouml;t\u0151 d&iacute;j, nincs s&oacute;ly&aacute;z&aacute;s d&iacute;j, semmi csak boldog haj&oacute;z&aacute;s. A haj&oacute;hoz opci&oacute;k&eacute;nt elektromos , &eacute;s benzines motorok is v&aacute;s&aacute;rolhat&oacute;k szalonunkban. &lt;br \/&gt; https:\/\/www.youtube.com\/watch?v=EG9BSS2J7Fo&lt;br \/&gt; vagy https:\/\/www.youtube.com\/watch?v=muB3iHqGk8o<\/p>","protected":false},"featured_media":4716,"template":"","meta":[],"product_cat":[142],"product_tag":[],"class_list":{"0":"post-4717","1":"product","2":"type-product","3":"status-publish","4":"has-post-thumbnail","6":"product_cat-hasznalt-hajok","8":"first","9":"instock","10":"shipping-taxable","11":"product-type-external"},"_links":{"self":[{"href":"https:\/\/mmarine.cloudsystems.hu\/sk\/wp-json\/wp\/v2\/product\/4717","targetHints":{"allow":["GET"]}}],"collection":[{"href":"https:\/\/mmarine.cloudsystems.hu\/sk\/wp-json\/wp\/v2\/product"}],"about":[{"href":"https:\/\/mmarine.cloudsystems.hu\/sk\/wp-json\/wp\/v2\/types\/product"}],"wp:featuredmedia":[{"embeddable":true,"href":"https:\/\/mmarine.cloudsystems.hu\/sk\/wp-json\/wp\/v2\/media\/4716"}],"wp:attachment":[{"href":"https:\/\/mmarine.cloudsystems.hu\/sk\/wp-json\/wp\/v2\/media?parent=4717"}],"wp:term":[{"taxonomy":"product_cat","embeddable":true,"href":"https:\/\/mmarine.cloudsystems.hu\/sk\/wp-json\/wp\/v2\/product_cat?post=4717"},{"taxonomy":"product_tag","embeddable":true,"href":"https:\/\/mmarine.cloudsystems.hu\/sk\/wp-json\/wp\/v2\/product_tag?post=4717"}],"curies":[{"name":"wp","href":"https:\/\/api.w.org\/{rel}","templated":true}]}}