{"id":4723,"date":"2025-08-19T18:34:44","date_gmt":"2025-08-19T16:34:44","guid":{"rendered":"https:\/\/mmarine.cloudsystems.hu\/product\/egyedi-3-5-t-solya-trailer\/"},"modified":"2025-08-19T18:34:44","modified_gmt":"2025-08-19T16:34:44","slug":"egyedi-3-5-t-solya-trailer","status":"publish","type":"product","link":"https:\/\/mmarine.cloudsystems.hu\/sk\/produkt\/egyedi-3-5-t-solya-trailer\/","title":{"rendered":"egyedi 3.5 T s\u00f3lya trailer"},"content":{"rendered":"<p>Rendsz\u00e1m n\u00e9lk\u00fcli s\u00f3lya trailer. Norm\u00e1l 50 mm es kapcsol\u00e1s\u00fa terepj\u00e1r\u00f3val h\u00fazhat\u00f3. Megtekinthet\u0151 Magnum Marine telep\u00e9n.<\/p>","protected":false},"excerpt":{"rendered":"<p>Rendsz\u00e1m n\u00e9lk\u00fcli s\u00f3lya trailer. Norm\u00e1l 50 mm es kapcsol\u00e1s\u00fa terepj\u00e1r\u00f3val h\u00fazhat\u00f3. Megtekinthet\u0151 Magnum Marine telep\u00e9n.<\/p>","protected":false},"featured_media":4722,"template":"","meta":[],"product_cat":[143],"product_tag":[],"class_list":{"0":"post-4723","1":"product","2":"type-product","3":"status-publish","4":"has-post-thumbnail","6":"product_cat-utanfutok","8":"first","9":"instock","10":"shipping-taxable","11":"product-type-external"},"_links":{"self":[{"href":"https:\/\/mmarine.cloudsystems.hu\/sk\/wp-json\/wp\/v2\/product\/4723","targetHints":{"allow":["GET"]}}],"collection":[{"href":"https:\/\/mmarine.cloudsystems.hu\/sk\/wp-json\/wp\/v2\/product"}],"about":[{"href":"https:\/\/mmarine.cloudsystems.hu\/sk\/wp-json\/wp\/v2\/types\/product"}],"wp:featuredmedia":[{"embeddable":true,"href":"https:\/\/mmarine.cloudsystems.hu\/sk\/wp-json\/wp\/v2\/media\/4722"}],"wp:attachment":[{"href":"https:\/\/mmarine.cloudsystems.hu\/sk\/wp-json\/wp\/v2\/media?parent=4723"}],"wp:term":[{"taxonomy":"product_cat","embeddable":true,"href":"https:\/\/mmarine.cloudsystems.hu\/sk\/wp-json\/wp\/v2\/product_cat?post=4723"},{"taxonomy":"product_tag","embeddable":true,"href":"https:\/\/mmarine.cloudsystems.hu\/sk\/wp-json\/wp\/v2\/product_tag?post=4723"}],"curies":[{"name":"wp","href":"https:\/\/api.w.org\/{rel}","templated":true}]}}